{"id":186,"date":"2021-06-12T16:14:14","date_gmt":"2021-06-12T16:14:14","guid":{"rendered":"https:\/\/larson-demo.bslthemes.com\/?page_id=186"},"modified":"2025-04-22T12:35:20","modified_gmt":"2025-04-22T10:35:20","slug":"polityka-prywatnosci","status":"publish","type":"page","link":"https:\/\/beczkazpaczki.pl\/?page_id=186","title":{"rendered":"Polityka Prywatno\u015bci"},"content":{"rendered":"\t\t<div data-elementor-type=\"wp-page\" data-elementor-id=\"186\" class=\"elementor elementor-186\">\n\t\t\t\t\t\t\t<div class=\"elementor-element elementor-element-ebeed84 e-flex e-con-boxed e-con e-parent\" data-id=\"ebeed84\" data-element_type=\"container\" data-settings=\"{&quot;content_width&quot;:&quot;boxed&quot;}\" data-core-v316-plus=\"true\">\n\t\t\t\t\t<div class=\"e-con-inner\">\n\t\t\t\t<div class=\"elementor-element elementor-element-5a1b8a9 elementor-widget elementor-widget-heading\" data-id=\"5a1b8a9\" data-element_type=\"widget\" data-widget_type=\"heading.default\">\n\t\t\t\t<div class=\"elementor-widget-container\">\n\t\t\t<style>\/*! elementor - v3.17.0 - 08-11-2023 *\/\n.elementor-heading-title{padding:0;margin:0;line-height:1}.elementor-widget-heading .elementor-heading-title[class*=elementor-size-]>a{color:inherit;font-size:inherit;line-height:inherit}.elementor-widget-heading .elementor-heading-title.elementor-size-small{font-size:15px}.elementor-widget-heading .elementor-heading-title.elementor-size-medium{font-size:19px}.elementor-widget-heading .elementor-heading-title.elementor-size-large{font-size:29px}.elementor-widget-heading .elementor-heading-title.elementor-size-xl{font-size:39px}.elementor-widget-heading .elementor-heading-title.elementor-size-xxl{font-size:59px}<\/style><h2 class=\"elementor-heading-title elementor-size-default\">Polityka Prywatno\u015bci<\/h2>\t\t<\/div>\n\t\t\t\t<\/div>\n\t\t\t\t<div class=\"elementor-element elementor-element-d04e33e elementor-widget elementor-widget-text-editor\" data-id=\"d04e33e\" data-element_type=\"widget\" data-widget_type=\"text-editor.default\">\n\t\t\t\t<div class=\"elementor-widget-container\">\n\t\t\t<style>\/*! elementor - v3.17.0 - 08-11-2023 *\/\n.elementor-widget-text-editor.elementor-drop-cap-view-stacked .elementor-drop-cap{background-color:#69727d;color:#fff}.elementor-widget-text-editor.elementor-drop-cap-view-framed .elementor-drop-cap{color:#69727d;border:3px solid;background-color:transparent}.elementor-widget-text-editor:not(.elementor-drop-cap-view-default) .elementor-drop-cap{margin-top:8px}.elementor-widget-text-editor:not(.elementor-drop-cap-view-default) .elementor-drop-cap-letter{width:1em;height:1em}.elementor-widget-text-editor .elementor-drop-cap{float:left;text-align:center;line-height:1;font-size:50px}.elementor-widget-text-editor .elementor-drop-cap-letter{display:inline-block}<\/style>\t\t\t\t<p><strong>Szanowni Klienci!<\/strong><\/p><p><span style=\"font-weight: 400;\">Od 25 maja 2018 roku obowi\u0105zuj\u0105 przepisy o ochronie danych osobowych.<\/span><\/p><p><span style=\"font-weight: 400;\">W zwi\u0105zku z tym przygotowali\u015bmy dla Pa\u0144stwa niezb\u0119dne informacje, kt\u00f3re znajd\u0105 Pa\u0144stwo poni\u017cej.<\/span><\/p><p><span style=\"font-weight: 400;\">Dowiedz\u0105 si\u0119 Pa\u0144stwo , w jaki spos\u00f3b przetwarzamy Pa\u0144stwa dane osobowe oraz jakie macie Pa\u0144stwo zwi\u0105zane z tym prawa.<\/span><\/p><p><strong>Kto jest administratorem Pa\u0144stwa danych osobowych?<\/strong><\/p><p><span style=\"font-weight: 400;\">Administratorem, czyli podmiotem decyduj\u0105cym o tym, jak b\u0119d\u0105 wykorzystywane Pa\u0144stwa dane osobowe, jest firma Glass Dekor Kamil Wawrzyn z siedzib\u0105 w Kolonii Poczesnej przy ul. Prostej 30, 42-262 Poczesna.<\/span><\/p><p><span style=\"font-weight: 400;\"><strong>Jak si\u0119 z nami skontaktowa\u0107, \u017ceby uzyska\u0107 wi\u0119cej informacji o przetwarzaniu Twoich danych osobowych?<\/strong><\/span><\/p><p><span style=\"font-weight: 400;\">Prosimy o kontakt z wyznaczon\u0105 przez nas osob\u0105, odpowiedzialn\u0105 za przetwarzanie danych osobowych.<\/span><\/p><p><strong>Mailowo: biuro@beczkazpaczki.pl lub telefonicznie +48 514 707 702<\/strong><\/p><p><strong>Sk\u0105d mamy Pa\u0144stwa dane?<\/strong><\/p><p><span style=\"font-weight: 400;\">Pa\u0144stwa dane otrzymujemy w chwili wys\u0142ania przez Pa\u0144stwa zapytania w formie mailowej oraz w momencie sk\u0142adania zam\u00f3wienia &#8211; mailowo, telefonicznie, b\u0105dz\u0301 osobi\u015bcie oraz r\u00f3wnie\u017c na dalszych etapach zwi\u0105zanych z \u0142\u0105cz\u0105c\u0105 nas transakcj\u0105.<\/span><\/p><p><strong>Jaki jest cel i podstawa prawna przetwarzania Pa\u0144stwa danych osobowych?<\/strong><\/p><p><span style=\"font-weight: 400;\">Przetwarzamy Pa\u0144stwa dane osobowe, poniewa\u017c jest to niezb\u0119dne do obs\u0142ugi i wykonania zawartej umowy, w tym do:<\/span><\/p><ul><li><span style=\"font-weight: 400;\"> umo\u017cliwienia wykonywania i wysy\u0142ania do Pa\u0144stwa wycen;<\/span><\/li><li><span style=\"font-weight: 400;\"> kontaktu z Pa\u0144stwem, w celu ustalania szczeg\u00f3\u0142\u00f3w zam\u00f3wienia;<\/span><\/li><li><span style=\"font-weight: 400;\"> zlecania przesy\u0142ek kurierskich, je\u017celi zam\u00f3wienie jest wysy\u0142kowe;<\/span><\/li><li><span style=\"font-weight: 400;\"> obs\u0142ugi reklamacji w przypadku, gdy z\u0142o\u017cycie Pa\u0144stwo tak\u0105;<\/span><\/li><li><span style=\"font-weight: 400;\"> obs\u0142ugi zg\u0142osze\u0144, kt\u00f3re do nas Pa\u0144stwo kierujecie (np. poprzez maila);<\/span><\/li><li><span style=\"font-weight: 400;\"> kontaktowania si\u0119 z Pa\u0144stwem, w tym w celach zwi\u0105zanych ze \u015bwiadczeniem us\u0142ug.<\/span><\/li><\/ul><p><span style=\"font-weight: 400;\">Dodatkowo, przepisy prawa wymagaj\u0105 od nas przetwarzania Pa\u0144stwa danych dla cel\u00f3w podatkowych i rachunkowych.<\/span><\/p><p><strong>Je\u015bli si\u0119 na to Pa\u0144stwo zgodz\u0105, przetwarzamy Pa\u0144stwa dane osobowe w celu:<\/strong><\/p><ul><li><span style=\"font-weight: 400;\"> zapisywania danych w plikach cookies, gromadzenia danych ze stron www;<\/span><\/li><li><span style=\"font-weight: 400;\"> organizacji konkurs\u00f3w oraz akcji promocyjnych, w kt\u00f3rych mog\u0105 Pa\u0144stwo wzi\u0105\u0107 udzia\u0142;<\/span><\/li><\/ul><p><span style=\"font-weight: 400;\">Zgod\u0119 na przetwarzanie danych osobowych, mo\u017cna wycofa\u0107 w dowolnym momencie w ten sam spos\u00f3b jak zosta\u0142a wyra\u017cona. B\u0119dziemy przetwarza\u0107 Pa\u0144stwa dane osobowe dop\u00f3ki nie wycofacie Pa\u0144stwo zgody.<\/span><\/p><p><strong>Czy musicie Pa\u0144stwo poda\u0107 nam swoje dane osobowe?<\/strong><\/p><p><span style=\"font-weight: 400;\">Wymagamy podania przez Pa\u0144stwo nast\u0119puj\u0105cych danych osobowych, aby m\u00f3c zawrze\u0107 i wykona\u0107 zawart\u0105 umow\u0119, a tym samym \u015bwiadczy\u0107 Pa\u0144stwu us\u0142ug\u0119 lub wykona\u0107 produkt:<\/span><\/p><ul><li><span style=\"font-weight: 400;\"> adres e-mail, imi\u0119 i nazwisko, numer telefonu, adres dostawy &#8211; w przypadku zam\u00f3wie\u0144 wysy\u0142kowych<\/span><\/li><li><span style=\"font-weight: 400;\"> adres e-mail, imi\u0119 i nazwisko, numer telefonu &#8211; w przypadku zam\u00f3wie\u0144 z odbiorem osobistym<\/span><\/li><li><span style=\"font-weight: 400;\"> adres e-mail, imi\u0119 i nazwisko, numer telefonu &#8211; w przypadku zam\u00f3wie\u0144 z monta\u017cem<\/span><\/li><\/ul><p><span style=\"font-weight: 400;\">Je\u015bli z jakiego\u015b powodu nie podacie nam Pa\u0144stwo tych danych osobowych, niestety nie b\u0119dziemy mogli zawrze\u0107 z Pa\u0144stwem umowy.<\/span><\/p><p><span style=\"font-weight: 400;\">Je\u017celi wymagaj\u0105 tego przepisy prawa, mo\u017cemy wymaga\u0107 od Pa\u0144stwa podania innych danych niezb\u0119dnych np. ze wzgl\u0119d\u00f3w rachunkowych lub podatkowych. Poza tymi przypadkami podanie Pa\u0144stwa danych jest dobrowolne.<\/span><\/p><p><strong>Jakie macie Pa\u0144stwo uprawnienia wobec naszej firmy w zakresie przetwarzanych danych?<\/strong><\/p><p><span style=\"font-weight: 400;\">Gwarantujemy spe\u0142nienie wszystkich Pa\u0144stwa praw wynikaj\u0105cych z og\u00f3lnego rozporz\u0105dzenia o ochronie danych, tj. prawo dost\u0119pu, sprostowania oraz usuni\u0119cia Pa\u0144stwa danych, ograniczenia ich przetwarzania, prawo do ich przenoszenia, niepodlegania zautomatyzowanemu podejmowaniu decyzji, w tym profilowaniu, a tak\u017ce prawo do wyra\u017cenia sprzeciwu wobec przetwarzania Pa\u0144stwa danych osobowych.<\/span><\/p><p><strong>Z uprawnie\u0144 tych mo\u017cna skorzysta\u0107, gdy:<\/strong><\/p><ul><li><span style=\"font-weight: 400;\"> w odniesieniu do \u017c\u0105dania sprostowania danych: zauwa\u017cysz, \u017ce Pa\u0144stwa dane s\u0105 nieprawid\u0142owe lub niekompletne;<\/span><\/li><li><span style=\"font-weight: 400;\"> w odniesieniu do \u017c\u0105dania usuni\u0119cia danych<\/span><\/li><li><span style=\"font-weight: 400;\"> w odniesieniu do \u017c\u0105dania ograniczenia przetwarzania danych<\/span><\/li><li><span style=\"font-weight: 400;\"> w odniesieniu do \u017c\u0105dania przeniesienia danych<\/span><\/li><\/ul><p><span style=\"font-weight: 400;\">Macie Pa\u0144stwo prawo wnie\u015b\u0107 skarg\u0119 w zwi\u0105zku z przetwarzaniem przez nas Pa\u0144stwa danych osobowych do organu nadzorczego, kt\u00f3rym jest Generalny Inspektor Ochrony Danych Osobowych (adres: Generalny Inspektor Ochrony Danych Osobowych, ul. Stawki 2, 00-193 Warszawa).<\/span><\/p><p><strong>W jakich sytuacjach mo\u017cna si\u0119 sprzeciwi\u0107 wobec przetwarzania Pa\u0144stwa danych?<\/strong><\/p><p><span style=\"font-weight: 400;\">Macie Pa\u0144stwo prawo wnie\u015b\u0107 sprzeciw wobec przetwarzania Pa\u0144stwa danych osobowych, gdy:<\/span><\/p><ul><li><span style=\"font-weight: 400;\"> przetwarzanie Pa\u0144stwa danych osobowych odbywa si\u0119 na podstawie prawnie uzasadnionego interesu lub dla cel\u00f3w statystycznych, a sprzeciw jest uzasadniony przez szczeg\u00f3ln\u0105 sytuacj\u0119, w kt\u00f3rej Pa\u0144stwo si\u0119 znalez\u0301li;<\/span><\/li><\/ul><p><strong>Komu udost\u0119pniamy Pa\u0144stwa dane osobowe?<\/strong><\/p><p><span style=\"font-weight: 400;\">Pa\u0144stwa dane osobowe udost\u0119pniamy:<\/span><\/p><p><span style=\"font-weight: 400;\">&#8211; naszym pracownikom, kt\u00f3rzy maj\u0105 styczno\u015b\u0107 z obs\u0142ug\u0105 zam\u00f3wienia<\/span><\/p><p><span style=\"font-weight: 400;\">&#8211; firmie zewn\u0119trznej realizuj\u0105cej dostaw\u0119 towaru &#8211; w przypadku zam\u00f3wie\u0144 wysy\u0142kowych<\/span><\/p><p><strong>Jak d\u0142ugo przechowujemy Pa\u0144stwa dane osobowe?<\/strong><\/p><p><span style=\"font-weight: 400;\">Przechowujemy Pa\u0144stwa dane osobowe przez czas obowi\u0105zywania umowy zawartej z Pa\u0144stwem, a tak\u017ce po jej zako\u0144czeniu w celach:<\/span><\/p><ul><li><span style=\"font-weight: 400;\"> dochodzenia roszcze\u0144 w zwi\u0105zku z wykonywaniem umowy,<\/span><\/li><li><span style=\"font-weight: 400;\"> wykonania obowi\u0105zk\u00f3w wynikaj\u0105cych z przepis\u00f3w prawa, w tym w szczeg\u00f3lno\u015bci podatkowych i rachunkowych,<\/span><\/li><li><span style=\"font-weight: 400;\"> zapobiegania nadu\u017cyciom i oszustwom,<\/span><\/li><li><span style=\"font-weight: 400;\"> statystycznych i archiwizacyjnych,<\/span><\/li><li><span style=\"font-weight: 400;\"> maksymalnie przez okres 10 lat od dnia zako\u0144czenia wykonania umowy.<\/span><\/li><\/ul><p><span style=\"font-weight: 400;\">Przechowujemy Pa\u0144stwa dane osobowe dla cel\u00f3w marketingowych przez okres obowi\u0105zywania umowy lub do momentu wniesienia przez Ciebie sprzeciwu wobec takiego przetwarzania, w zale\u017cno\u015bci od tego, kt\u00f3re z tych zdarze\u0144 wyst\u0105pi wcze\u015bniej.<\/span><\/p><p><span style=\"font-weight: 400;\">W przypadku organizacji konkurs\u00f3w lub akcji promocyjnych, w kt\u00f3rych b\u0119d\u0105 mogli Pa\u0144stwo wzi\u0105\u0107 udzia\u0142 \u2013 b\u0119dziemy przetwarza\u0107 Pa\u0144stwa dane przez czas ich trwania i okres rozliczenia wr\u0119czania nagr\u00f3d.<\/span><\/p><p><span style=\"font-weight: 400;\">W celu rozliczalno\u015bci tj. udowodnienia przestrzegania przepis\u00f3w dotycz\u0105cych przetwarzania danych osobowych b\u0119dziemy przechowywa\u0107 dane przez okres, w kt\u00f3rym nasza firma zobowi\u0105zana jest do zachowania danych lub dokument\u00f3w je zawieraj\u0105cych dla udokumentowania spe\u0142nienia wymaga\u0144 prawnych i umo\u017cliwienia kontroli ich spe\u0142nienia przez organy publiczne.<\/span><\/p>\t\t\t\t\t\t<\/div>\n\t\t\t\t<\/div>\n\t\t\t\t\t<\/div>\n\t\t\t\t<\/div>\n\t\t\t\t\t\t\t<\/div>\n\t\t","protected":false},"excerpt":{"rendered":"<p>Polityka Prywatno\u015bci Szanowni Klienci! Od 25 maja 2018 roku obowi\u0105zuj\u0105 przepisy o ochronie danych osobowych. W zwi\u0105zku z tym przygotowali\u015bmy dla Pa\u0144stwa niezb\u0119dne informacje, kt\u00f3re znajd\u0105 Pa\u0144stwo poni\u017cej. Dowiedz\u0105 si\u0119 Pa\u0144stwo , w jaki spos\u00f3b przetwarzamy Pa\u0144stwa dane osobowe oraz jakie macie Pa\u0144stwo zwi\u0105zane z tym prawa. Kto jest administratorem Pa\u0144stwa danych osobowych? Administratorem, czyli&#8230;<\/p>\n","protected":false},"author":1,"featured_media":0,"parent":0,"menu_order":0,"comment_status":"closed","ping_status":"closed","template":"","meta":{"_monsterinsights_skip_tracking":false,"_monsterinsights_sitenote_active":false,"_monsterinsights_sitenote_note":"","_monsterinsights_sitenote_category":0,"_kadence_starter_templates_imported_post":false,"_kad_post_transparent":"","_kad_post_title":"","_kad_post_layout":"","_kad_post_sidebar_id":"","_kad_post_content_style":"","_kad_post_vertical_padding":"","_kad_post_feature":"","_kad_post_feature_position":"","_kad_post_header":false,"_kad_post_footer":false,"footnotes":""},"class_list":["post-186","page","type-page","status-publish","hentry"],"acf":[],"yoast_head":"<!-- This site is optimized with the Yoast SEO plugin v24.9 - https:\/\/yoast.com\/wordpress\/plugins\/seo\/ -->\n<title>Polityka Prywatno\u015bci -<\/title>\n<meta name=\"robots\" content=\"index, follow, max-snippet:-1, max-image-preview:large, max-video-preview:-1\" \/>\n<link rel=\"canonical\" href=\"https:\/\/beczkazpaczki.pl\/?page_id=186\" \/>\n<meta property=\"og:locale\" content=\"pl_PL\" \/>\n<meta property=\"og:type\" content=\"article\" \/>\n<meta property=\"og:title\" content=\"Polityka Prywatno\u015bci -\" \/>\n<meta property=\"og:description\" content=\"Polityka Prywatno\u015bci Szanowni Klienci! Od 25 maja 2018 roku obowi\u0105zuj\u0105 przepisy o ochronie danych osobowych. W zwi\u0105zku z tym przygotowali\u015bmy dla Pa\u0144stwa niezb\u0119dne informacje, kt\u00f3re znajd\u0105 Pa\u0144stwo poni\u017cej. Dowiedz\u0105 si\u0119 Pa\u0144stwo , w jaki spos\u00f3b przetwarzamy Pa\u0144stwa dane osobowe oraz jakie macie Pa\u0144stwo zwi\u0105zane z tym prawa. Kto jest administratorem Pa\u0144stwa danych osobowych? Administratorem, czyli...\" \/>\n<meta property=\"og:url\" content=\"https:\/\/beczkazpaczki.pl\/?page_id=186\" \/>\n<meta property=\"article:publisher\" content=\"https:\/\/www.facebook.com\/twojabeczkaogrodowa\" \/>\n<meta property=\"article:modified_time\" content=\"2025-04-22T10:35:20+00:00\" \/>\n<meta name=\"twitter:card\" content=\"summary_large_image\" \/>\n<meta name=\"twitter:label1\" content=\"Szacowany czas czytania\" \/>\n\t<meta name=\"twitter:data1\" content=\"5 minut\" \/>\n<script type=\"application\/ld+json\" class=\"yoast-schema-graph\">{\"@context\":\"https:\/\/schema.org\",\"@graph\":[{\"@type\":\"WebPage\",\"@id\":\"https:\/\/beczkazpaczki.pl\/?page_id=186\",\"url\":\"https:\/\/beczkazpaczki.pl\/?page_id=186\",\"name\":\"Polityka Prywatno\u015bci -\",\"isPartOf\":{\"@id\":\"https:\/\/beczkazpaczki.pl\/#website\"},\"datePublished\":\"2021-06-12T16:14:14+00:00\",\"dateModified\":\"2025-04-22T10:35:20+00:00\",\"breadcrumb\":{\"@id\":\"https:\/\/beczkazpaczki.pl\/?page_id=186#breadcrumb\"},\"inLanguage\":\"pl-PL\",\"potentialAction\":[{\"@type\":\"ReadAction\",\"target\":[\"https:\/\/beczkazpaczki.pl\/?page_id=186\"]}]},{\"@type\":\"BreadcrumbList\",\"@id\":\"https:\/\/beczkazpaczki.pl\/?page_id=186#breadcrumb\",\"itemListElement\":[{\"@type\":\"ListItem\",\"position\":1,\"name\":\"Strona g\u0142\u00f3wna\",\"item\":\"https:\/\/beczkazpaczki.pl\/\"},{\"@type\":\"ListItem\",\"position\":2,\"name\":\"Polityka Prywatno\u015bci\"}]},{\"@type\":\"WebSite\",\"@id\":\"https:\/\/beczkazpaczki.pl\/#website\",\"url\":\"https:\/\/beczkazpaczki.pl\/\",\"name\":\"Beczka z paczki\",\"description\":\"Sauny i akcesoria\",\"publisher\":{\"@id\":\"https:\/\/beczkazpaczki.pl\/#organization\"},\"potentialAction\":[{\"@type\":\"SearchAction\",\"target\":{\"@type\":\"EntryPoint\",\"urlTemplate\":\"https:\/\/beczkazpaczki.pl\/?s={search_term_string}\"},\"query-input\":{\"@type\":\"PropertyValueSpecification\",\"valueRequired\":true,\"valueName\":\"search_term_string\"}}],\"inLanguage\":\"pl-PL\"},{\"@type\":\"Organization\",\"@id\":\"https:\/\/beczkazpaczki.pl\/#organization\",\"name\":\"Beczka z paczki\",\"url\":\"https:\/\/beczkazpaczki.pl\/\",\"logo\":{\"@type\":\"ImageObject\",\"inLanguage\":\"pl-PL\",\"@id\":\"https:\/\/beczkazpaczki.pl\/#\/schema\/logo\/image\/\",\"url\":\"https:\/\/beczkazpaczki.pl\/wp-content\/uploads\/2025\/04\/cropped-Logo_Beczka-z-paczki_Black.png\",\"contentUrl\":\"https:\/\/beczkazpaczki.pl\/wp-content\/uploads\/2025\/04\/cropped-Logo_Beczka-z-paczki_Black.png\",\"width\":6402,\"height\":1569,\"caption\":\"Beczka z paczki\"},\"image\":{\"@id\":\"https:\/\/beczkazpaczki.pl\/#\/schema\/logo\/image\/\"},\"sameAs\":[\"https:\/\/www.facebook.com\/twojabeczkaogrodowa\"]}]}<\/script>\n<!-- \/ Yoast SEO plugin. -->","yoast_head_json":{"title":"Polityka Prywatno\u015bci -","robots":{"index":"index","follow":"follow","max-snippet":"max-snippet:-1","max-image-preview":"max-image-preview:large","max-video-preview":"max-video-preview:-1"},"canonical":"https:\/\/beczkazpaczki.pl\/?page_id=186","og_locale":"pl_PL","og_type":"article","og_title":"Polityka Prywatno\u015bci -","og_description":"Polityka Prywatno\u015bci Szanowni Klienci! Od 25 maja 2018 roku obowi\u0105zuj\u0105 przepisy o ochronie danych osobowych. W zwi\u0105zku z tym przygotowali\u015bmy dla Pa\u0144stwa niezb\u0119dne informacje, kt\u00f3re znajd\u0105 Pa\u0144stwo poni\u017cej. Dowiedz\u0105 si\u0119 Pa\u0144stwo , w jaki spos\u00f3b przetwarzamy Pa\u0144stwa dane osobowe oraz jakie macie Pa\u0144stwo zwi\u0105zane z tym prawa. Kto jest administratorem Pa\u0144stwa danych osobowych? Administratorem, czyli...","og_url":"https:\/\/beczkazpaczki.pl\/?page_id=186","article_publisher":"https:\/\/www.facebook.com\/twojabeczkaogrodowa","article_modified_time":"2025-04-22T10:35:20+00:00","twitter_card":"summary_large_image","twitter_misc":{"Szacowany czas czytania":"5 minut"},"schema":{"@context":"https:\/\/schema.org","@graph":[{"@type":"WebPage","@id":"https:\/\/beczkazpaczki.pl\/?page_id=186","url":"https:\/\/beczkazpaczki.pl\/?page_id=186","name":"Polityka Prywatno\u015bci -","isPartOf":{"@id":"https:\/\/beczkazpaczki.pl\/#website"},"datePublished":"2021-06-12T16:14:14+00:00","dateModified":"2025-04-22T10:35:20+00:00","breadcrumb":{"@id":"https:\/\/beczkazpaczki.pl\/?page_id=186#breadcrumb"},"inLanguage":"pl-PL","potentialAction":[{"@type":"ReadAction","target":["https:\/\/beczkazpaczki.pl\/?page_id=186"]}]},{"@type":"BreadcrumbList","@id":"https:\/\/beczkazpaczki.pl\/?page_id=186#breadcrumb","itemListElement":[{"@type":"ListItem","position":1,"name":"Strona g\u0142\u00f3wna","item":"https:\/\/beczkazpaczki.pl\/"},{"@type":"ListItem","position":2,"name":"Polityka Prywatno\u015bci"}]},{"@type":"WebSite","@id":"https:\/\/beczkazpaczki.pl\/#website","url":"https:\/\/beczkazpaczki.pl\/","name":"Beczka z paczki","description":"Sauny i akcesoria","publisher":{"@id":"https:\/\/beczkazpaczki.pl\/#organization"},"potentialAction":[{"@type":"SearchAction","target":{"@type":"EntryPoint","urlTemplate":"https:\/\/beczkazpaczki.pl\/?s={search_term_string}"},"query-input":{"@type":"PropertyValueSpecification","valueRequired":true,"valueName":"search_term_string"}}],"inLanguage":"pl-PL"},{"@type":"Organization","@id":"https:\/\/beczkazpaczki.pl\/#organization","name":"Beczka z paczki","url":"https:\/\/beczkazpaczki.pl\/","logo":{"@type":"ImageObject","inLanguage":"pl-PL","@id":"https:\/\/beczkazpaczki.pl\/#\/schema\/logo\/image\/","url":"https:\/\/beczkazpaczki.pl\/wp-content\/uploads\/2025\/04\/cropped-Logo_Beczka-z-paczki_Black.png","contentUrl":"https:\/\/beczkazpaczki.pl\/wp-content\/uploads\/2025\/04\/cropped-Logo_Beczka-z-paczki_Black.png","width":6402,"height":1569,"caption":"Beczka z paczki"},"image":{"@id":"https:\/\/beczkazpaczki.pl\/#\/schema\/logo\/image\/"},"sameAs":["https:\/\/www.facebook.com\/twojabeczkaogrodowa"]}]}},"_links":{"self":[{"href":"https:\/\/beczkazpaczki.pl\/index.php?rest_route=\/wp\/v2\/pages\/186","targetHints":{"allow":["GET"]}}],"collection":[{"href":"https:\/\/beczkazpaczki.pl\/index.php?rest_route=\/wp\/v2\/pages"}],"about":[{"href":"https:\/\/beczkazpaczki.pl\/index.php?rest_route=\/wp\/v2\/types\/page"}],"author":[{"embeddable":true,"href":"https:\/\/beczkazpaczki.pl\/index.php?rest_route=\/wp\/v2\/users\/1"}],"replies":[{"embeddable":true,"href":"https:\/\/beczkazpaczki.pl\/index.php?rest_route=%2Fwp%2Fv2%2Fcomments&post=186"}],"version-history":[{"count":10,"href":"https:\/\/beczkazpaczki.pl\/index.php?rest_route=\/wp\/v2\/pages\/186\/revisions"}],"predecessor-version":[{"id":2858,"href":"https:\/\/beczkazpaczki.pl\/index.php?rest_route=\/wp\/v2\/pages\/186\/revisions\/2858"}],"wp:attachment":[{"href":"https:\/\/beczkazpaczki.pl\/index.php?rest_route=%2Fwp%2Fv2%2Fmedia&parent=186"}],"curies":[{"name":"wp","href":"https:\/\/api.w.org\/{rel}","templated":true}]}}