{"id":368,"date":"2021-06-17T11:31:47","date_gmt":"2021-06-17T11:31:47","guid":{"rendered":"https:\/\/larson-demo.bslthemes.com\/?page_id=368"},"modified":"2025-04-11T22:47:52","modified_gmt":"2025-04-11T20:47:52","slug":"faq","status":"publish","type":"page","link":"https:\/\/beczkazpaczki.pl\/?page_id=368","title":{"rendered":"FAQ"},"content":{"rendered":"<style>\/*! elementor - v3.17.0 - 08-11-2023 *\/<br \/>\n.elementor-heading-title{padding:0;margin:0;line-height:1}.elementor-widget-heading .elementor-heading-title[class*=elementor-size-]>a{color:inherit;font-size:inherit;line-height:inherit}.elementor-widget-heading .elementor-heading-title.elementor-size-small{font-size:15px}.elementor-widget-heading .elementor-heading-title.elementor-size-medium{font-size:19px}.elementor-widget-heading .elementor-heading-title.elementor-size-large{font-size:29px}.elementor-widget-heading .elementor-heading-title.elementor-size-xl{font-size:39px}.elementor-widget-heading .elementor-heading-title.elementor-size-xxl{font-size:59px}<\/style>\n<h2>FAQ<\/h2>\n<p><strong>\u00a0 \u00a0 \u00a0 1. Czy monta\u017c sauny jest trudny?<\/strong><\/p>\n<p>Monta\u017c sauny nie jest trudny dla osoby, kt\u00f3ra orientuje si\u0119 w kwestiach technicznych. Zazwyczaj klienci wykonuj\u0105 monta\u017c w dwie osoby w dwa dni.<\/p>\n<p><strong>\u00a0 \u00a0 \u00a02. Jak przygotowa\u0107 pod\u0142o\u017ce pod saun\u0119?<\/strong><\/p>\n<p>Pod\u0142o\u017ce pod saun\u0119 musi by\u0107 r\u00f3wne i utwardzone. Najlepiej sprawdzi si\u0119:<\/p>\n<ul>\n<li>kostka brukowa<\/li>\n<li>podk\u0142ady betonowe (mog\u0105 by\u0107 tylko w miejscach legar\u00f3w)<\/li>\n<li>t\u0142ucze\u0144<\/li>\n<li>drewniany taras<\/li>\n<\/ul>\n<p><strong>\u00a0 \u00a0 \u00a03. Do jakich temperatur nagrzewa si\u0119 sauna?<\/strong><\/p>\n<p>Przy piecu elektrycznym mo\u017cna osi\u0105gn\u0105\u0107 temperatur\u0119 ok. 90 stopni, przy piecu na\u00a0 drewno nawet troch\u0119 wi\u0119cej w zale\u017cno\u015bci od u\u017cytego drewna.<\/p>\n<p><strong>\u00a0 \u00a0 \u00a0 4. Jaka instalacja elektryczna jest potrzebna?<\/strong><\/p>\n<p>W przypadku pieca na drewno wystarczy instalacja 230V, natomiast przy piecu elektrycznym niezb\u0119dna jest instalacja tr\u00f3jfazowa.<\/p>\n<p><strong>\u00a0 \u00a0 \u00a0 5. Jak dba\u0107 o drewno u\u017cyte do konstrukcji sauny?<\/strong><\/p>\n<p>Aby cieszy\u0107 si\u0119 pi\u0119knym wygl\u0105dem sauny, nale\u017cy raz w roku wykona\u0107 malowanie impregnatem.<\/p>\n<p><strong>\u00a0 \u00a0 \u00a0 6. Czy \u015brodek sauny trzeba impregnowa\u0107?<\/strong><\/p>\n<p>Nie jest to konieczne, ale mo\u017cna u\u017cy\u0107 dedykowanego oleju do sauny.<\/p>\n<p><strong>\u00a0 \u00a0 \u00a0 7. Kiedy nale\u017cy dokr\u0119ca\u0107 obejmy?<\/strong><\/p>\n<p>Wraz ze zmian\u0105 p\u00f3r roku, zmienia si\u0119 r\u00f3wnie\u017c wilgotno\u015b\u0107 drewna i zazwyczaj raz w roku mo\u017ce wyst\u0105pi\u0107 potrzeba zacie\u015bnienia obejm na saunie.<\/p>\n<p><strong>\u00a0 \u00a0 \u00a0 8. Jakim drewnem mog\u0119 pali\u0107 w piecu?<\/strong><\/p>\n<p>Najlepszymi gatunkami drewna do palenia w piecu b\u0119d\u0105 gatunki li\u015bciaste, takie jak\u00a0 buk, grab, jesion, brzoza, d\u0105b, o niskiej wilgotno\u015bci.<\/p>\n","protected":false},"excerpt":{"rendered":"<p>FAQ \u00a0 \u00a0 \u00a0 1. Czy monta\u017c sauny jest trudny? Monta\u017c sauny nie jest trudny dla osoby, kt\u00f3ra orientuje si\u0119 w kwestiach technicznych. Zazwyczaj klienci wykonuj\u0105 monta\u017c w dwie osoby w dwa dni. \u00a0 \u00a0 \u00a02. Jak przygotowa\u0107 pod\u0142o\u017ce pod saun\u0119? Pod\u0142o\u017ce pod saun\u0119 musi by\u0107 r\u00f3wne i utwardzone. Najlepiej sprawdzi si\u0119: kostka brukowa podk\u0142ady&#8230;<\/p>\n","protected":false},"author":1,"featured_media":0,"parent":0,"menu_order":0,"comment_status":"closed","ping_status":"closed","template":"","meta":{"_monsterinsights_skip_tracking":false,"_monsterinsights_sitenote_active":false,"_monsterinsights_sitenote_note":"","_monsterinsights_sitenote_category":0,"_kadence_starter_templates_imported_post":false,"_kad_post_transparent":"","_kad_post_title":"","_kad_post_layout":"","_kad_post_sidebar_id":"","_kad_post_content_style":"","_kad_post_vertical_padding":"","_kad_post_feature":"","_kad_post_feature_position":"","_kad_post_header":false,"_kad_post_footer":false,"footnotes":""},"class_list":["post-368","page","type-page","status-publish","hentry"],"acf":[],"yoast_head":"<!-- This site is optimized with the Yoast SEO plugin v24.9 - https:\/\/yoast.com\/wordpress\/plugins\/seo\/ -->\n<title>FAQ -<\/title>\n<meta name=\"robots\" content=\"index, follow, max-snippet:-1, max-image-preview:large, max-video-preview:-1\" \/>\n<link rel=\"canonical\" href=\"https:\/\/beczkazpaczki.pl\/?page_id=368\" \/>\n<meta property=\"og:locale\" content=\"pl_PL\" \/>\n<meta property=\"og:type\" content=\"article\" \/>\n<meta property=\"og:title\" content=\"FAQ -\" \/>\n<meta property=\"og:description\" content=\"FAQ \u00a0 \u00a0 \u00a0 1. Czy monta\u017c sauny jest trudny? Monta\u017c sauny nie jest trudny dla osoby, kt\u00f3ra orientuje si\u0119 w kwestiach technicznych. Zazwyczaj klienci wykonuj\u0105 monta\u017c w dwie osoby w dwa dni. \u00a0 \u00a0 \u00a02. Jak przygotowa\u0107 pod\u0142o\u017ce pod saun\u0119? Pod\u0142o\u017ce pod saun\u0119 musi by\u0107 r\u00f3wne i utwardzone. Najlepiej sprawdzi si\u0119: kostka brukowa podk\u0142ady...\" \/>\n<meta property=\"og:url\" content=\"https:\/\/beczkazpaczki.pl\/?page_id=368\" \/>\n<meta property=\"article:publisher\" content=\"https:\/\/www.facebook.com\/twojabeczkaogrodowa\" \/>\n<meta property=\"article:modified_time\" content=\"2025-04-11T20:47:52+00:00\" \/>\n<meta name=\"twitter:card\" content=\"summary_large_image\" \/>\n<meta name=\"twitter:label1\" content=\"Szacowany czas czytania\" \/>\n\t<meta name=\"twitter:data1\" content=\"1 minuta\" \/>\n<script type=\"application\/ld+json\" class=\"yoast-schema-graph\">{\"@context\":\"https:\/\/schema.org\",\"@graph\":[{\"@type\":\"WebPage\",\"@id\":\"https:\/\/beczkazpaczki.pl\/?page_id=368\",\"url\":\"https:\/\/beczkazpaczki.pl\/?page_id=368\",\"name\":\"FAQ -\",\"isPartOf\":{\"@id\":\"https:\/\/beczkazpaczki.pl\/#website\"},\"datePublished\":\"2021-06-17T11:31:47+00:00\",\"dateModified\":\"2025-04-11T20:47:52+00:00\",\"breadcrumb\":{\"@id\":\"https:\/\/beczkazpaczki.pl\/?page_id=368#breadcrumb\"},\"inLanguage\":\"pl-PL\",\"potentialAction\":[{\"@type\":\"ReadAction\",\"target\":[\"https:\/\/beczkazpaczki.pl\/?page_id=368\"]}]},{\"@type\":\"BreadcrumbList\",\"@id\":\"https:\/\/beczkazpaczki.pl\/?page_id=368#breadcrumb\",\"itemListElement\":[{\"@type\":\"ListItem\",\"position\":1,\"name\":\"Strona g\u0142\u00f3wna\",\"item\":\"https:\/\/beczkazpaczki.pl\/\"},{\"@type\":\"ListItem\",\"position\":2,\"name\":\"FAQ\"}]},{\"@type\":\"WebSite\",\"@id\":\"https:\/\/beczkazpaczki.pl\/#website\",\"url\":\"https:\/\/beczkazpaczki.pl\/\",\"name\":\"Beczka z paczki\",\"description\":\"Sauny i akcesoria\",\"publisher\":{\"@id\":\"https:\/\/beczkazpaczki.pl\/#organization\"},\"potentialAction\":[{\"@type\":\"SearchAction\",\"target\":{\"@type\":\"EntryPoint\",\"urlTemplate\":\"https:\/\/beczkazpaczki.pl\/?s={search_term_string}\"},\"query-input\":{\"@type\":\"PropertyValueSpecification\",\"valueRequired\":true,\"valueName\":\"search_term_string\"}}],\"inLanguage\":\"pl-PL\"},{\"@type\":\"Organization\",\"@id\":\"https:\/\/beczkazpaczki.pl\/#organization\",\"name\":\"Beczka z paczki\",\"url\":\"https:\/\/beczkazpaczki.pl\/\",\"logo\":{\"@type\":\"ImageObject\",\"inLanguage\":\"pl-PL\",\"@id\":\"https:\/\/beczkazpaczki.pl\/#\/schema\/logo\/image\/\",\"url\":\"https:\/\/beczkazpaczki.pl\/wp-content\/uploads\/2025\/04\/cropped-Logo_Beczka-z-paczki_Black.png\",\"contentUrl\":\"https:\/\/beczkazpaczki.pl\/wp-content\/uploads\/2025\/04\/cropped-Logo_Beczka-z-paczki_Black.png\",\"width\":6402,\"height\":1569,\"caption\":\"Beczka z paczki\"},\"image\":{\"@id\":\"https:\/\/beczkazpaczki.pl\/#\/schema\/logo\/image\/\"},\"sameAs\":[\"https:\/\/www.facebook.com\/twojabeczkaogrodowa\"]}]}<\/script>\n<!-- \/ Yoast SEO plugin. -->","yoast_head_json":{"title":"FAQ -","robots":{"index":"index","follow":"follow","max-snippet":"max-snippet:-1","max-image-preview":"max-image-preview:large","max-video-preview":"max-video-preview:-1"},"canonical":"https:\/\/beczkazpaczki.pl\/?page_id=368","og_locale":"pl_PL","og_type":"article","og_title":"FAQ -","og_description":"FAQ \u00a0 \u00a0 \u00a0 1. Czy monta\u017c sauny jest trudny? Monta\u017c sauny nie jest trudny dla osoby, kt\u00f3ra orientuje si\u0119 w kwestiach technicznych. Zazwyczaj klienci wykonuj\u0105 monta\u017c w dwie osoby w dwa dni. \u00a0 \u00a0 \u00a02. Jak przygotowa\u0107 pod\u0142o\u017ce pod saun\u0119? Pod\u0142o\u017ce pod saun\u0119 musi by\u0107 r\u00f3wne i utwardzone. Najlepiej sprawdzi si\u0119: kostka brukowa podk\u0142ady...","og_url":"https:\/\/beczkazpaczki.pl\/?page_id=368","article_publisher":"https:\/\/www.facebook.com\/twojabeczkaogrodowa","article_modified_time":"2025-04-11T20:47:52+00:00","twitter_card":"summary_large_image","twitter_misc":{"Szacowany czas czytania":"1 minuta"},"schema":{"@context":"https:\/\/schema.org","@graph":[{"@type":"WebPage","@id":"https:\/\/beczkazpaczki.pl\/?page_id=368","url":"https:\/\/beczkazpaczki.pl\/?page_id=368","name":"FAQ -","isPartOf":{"@id":"https:\/\/beczkazpaczki.pl\/#website"},"datePublished":"2021-06-17T11:31:47+00:00","dateModified":"2025-04-11T20:47:52+00:00","breadcrumb":{"@id":"https:\/\/beczkazpaczki.pl\/?page_id=368#breadcrumb"},"inLanguage":"pl-PL","potentialAction":[{"@type":"ReadAction","target":["https:\/\/beczkazpaczki.pl\/?page_id=368"]}]},{"@type":"BreadcrumbList","@id":"https:\/\/beczkazpaczki.pl\/?page_id=368#breadcrumb","itemListElement":[{"@type":"ListItem","position":1,"name":"Strona g\u0142\u00f3wna","item":"https:\/\/beczkazpaczki.pl\/"},{"@type":"ListItem","position":2,"name":"FAQ"}]},{"@type":"WebSite","@id":"https:\/\/beczkazpaczki.pl\/#website","url":"https:\/\/beczkazpaczki.pl\/","name":"Beczka z paczki","description":"Sauny i akcesoria","publisher":{"@id":"https:\/\/beczkazpaczki.pl\/#organization"},"potentialAction":[{"@type":"SearchAction","target":{"@type":"EntryPoint","urlTemplate":"https:\/\/beczkazpaczki.pl\/?s={search_term_string}"},"query-input":{"@type":"PropertyValueSpecification","valueRequired":true,"valueName":"search_term_string"}}],"inLanguage":"pl-PL"},{"@type":"Organization","@id":"https:\/\/beczkazpaczki.pl\/#organization","name":"Beczka z paczki","url":"https:\/\/beczkazpaczki.pl\/","logo":{"@type":"ImageObject","inLanguage":"pl-PL","@id":"https:\/\/beczkazpaczki.pl\/#\/schema\/logo\/image\/","url":"https:\/\/beczkazpaczki.pl\/wp-content\/uploads\/2025\/04\/cropped-Logo_Beczka-z-paczki_Black.png","contentUrl":"https:\/\/beczkazpaczki.pl\/wp-content\/uploads\/2025\/04\/cropped-Logo_Beczka-z-paczki_Black.png","width":6402,"height":1569,"caption":"Beczka z paczki"},"image":{"@id":"https:\/\/beczkazpaczki.pl\/#\/schema\/logo\/image\/"},"sameAs":["https:\/\/www.facebook.com\/twojabeczkaogrodowa"]}]}},"_links":{"self":[{"href":"https:\/\/beczkazpaczki.pl\/index.php?rest_route=\/wp\/v2\/pages\/368","targetHints":{"allow":["GET"]}}],"collection":[{"href":"https:\/\/beczkazpaczki.pl\/index.php?rest_route=\/wp\/v2\/pages"}],"about":[{"href":"https:\/\/beczkazpaczki.pl\/index.php?rest_route=\/wp\/v2\/types\/page"}],"author":[{"embeddable":true,"href":"https:\/\/beczkazpaczki.pl\/index.php?rest_route=\/wp\/v2\/users\/1"}],"replies":[{"embeddable":true,"href":"https:\/\/beczkazpaczki.pl\/index.php?rest_route=%2Fwp%2Fv2%2Fcomments&post=368"}],"version-history":[{"count":10,"href":"https:\/\/beczkazpaczki.pl\/index.php?rest_route=\/wp\/v2\/pages\/368\/revisions"}],"predecessor-version":[{"id":2596,"href":"https:\/\/beczkazpaczki.pl\/index.php?rest_route=\/wp\/v2\/pages\/368\/revisions\/2596"}],"wp:attachment":[{"href":"https:\/\/beczkazpaczki.pl\/index.php?rest_route=%2Fwp%2Fv2%2Fmedia&parent=368"}],"curies":[{"name":"wp","href":"https:\/\/api.w.org\/{rel}","templated":true}]}}