{"id":2274,"date":"2025-04-07T11:08:29","date_gmt":"2025-04-07T09:08:29","guid":{"rendered":"https:\/\/beczkazpaczki.pl\/?post_type=product&#038;p=2274"},"modified":"2026-03-13T11:53:57","modified_gmt":"2026-03-13T10:53:57","slug":"zestaw-premium-do-sauny","status":"publish","type":"product","link":"https:\/\/beczkazpaczki.pl\/?product=zestaw-premium-do-sauny","title":{"rendered":"Zestaw PREMIUM"},"content":{"rendered":"<h1>Zestaw premium akcesori\u00f3w do sauny \u2013 Kompletny zestaw do komfortowego saunowania<\/h1>\n<p>Zestaw premium akcesori\u00f3w do sauny to doskona\u0142y wyb\u00f3r dla os\u00f3b, kt\u00f3re chc\u0105 zapewni\u0107 sobie wygod\u0119 i najwy\u017csz\u0105 jako\u015b\u0107 podczas ka\u017cdej sesji w saunie. Ten kompletny zestaw zawiera wszystkie niezb\u0119dne elementy, kt\u00f3re pozwalaj\u0105 na komfortowe i bezpieczne korzystanie z sauny. Produkty zosta\u0142y wyprodukowane w Finlandii, co gwarantuje ich trwa\u0142o\u015b\u0107 oraz autentyczne doznania saunowe.<\/p>\n<h2>W sk\u0142ad zestawu wchodz\u0105:<\/h2>\n<ul>\n<li>ceber o pojemno\u015bci 4 litr\u00f3w,<\/li>\n<li>praktyczna chochla do polewania kamieni wod\u0105,<\/li>\n<li>klepsydra do kontrolowania czasu trwania sesji,<\/li>\n<li>2 zag\u0142\u00f3wki,<\/li>\n<li>termohigrometr, kt\u00f3ry umo\u017cliwia dok\u0142adny pomiar temperatury i wilgotno\u015bci wewn\u0105trz sauny.Wszystkie te akcesoria wykonano z wysokiej jako\u015bci drewna, dzi\u0119ki czemu s\u0105 nie tylko trwa\u0142e, ale r\u00f3wnie\u017c estetyczne. Ponadto ich ergonomiczny kszta\u0142t zapewnia wygod\u0119 u\u017cytkowania.<\/li>\n<\/ul>\n<p>Dzi\u0119ki zestawowi premium akcesori\u00f3w do sauny mo\u017cna \u0142atwo i szybko przygotowa\u0107 saun\u0119 do dzia\u0142ania. Ceber oraz chochla umo\u017cliwiaj\u0105 tworzenie aromatycznej pary, kt\u00f3ra znacznie poprawia komfort i intensyfikuje doznania podczas saunowania. Klepsydra pomaga pilnowa\u0107 czasu sesji, co jest istotne dla zachowania zdrowia i bezpiecze\u0144stwa. Termometr z kolei pozwala na utrzymanie optymalnej temperatury, dzi\u0119ki czemu mo\u017cna cieszy\u0107 si\u0119 idealnym klimatem sauny.<\/p>\n<p>Warto tak\u017ce zauwa\u017cy\u0107, \u017ce zestaw premium akcesori\u00f3w do sauny jest \u015bwietnym pomys\u0142em na prezent dla ka\u017cdego mi\u0142o\u015bnika sauny. Starannie wykonane i estetycznie wyko\u0144czone elementy sprawiaj\u0105, \u017ce zestaw ten doskonale sprawdzi si\u0119 zar\u00f3wno w saunie domowej, jak i w profesjonalnych o\u015brodkach saunowych.<\/p>\n<p>Je\u015bli chcesz uzupe\u0142ni\u0107 sw\u00f3j zestaw, polecamy r\u00f3wnie\u017c <a href=\"https:\/\/beczkazpaczki.pl\/?product=piec-na-drewno-harvia-m3&amp;v=288404204e3d\" target=\"_blank\" rel=\"noopener noreferrer\">piec na drewno Harvia M3<\/a>, kt\u00f3ry doskonale wsp\u00f3\u0142gra z naszymi akcesoriami. Dodatkowo, <a href=\"https:\/\/beczkazpaczki.pl\/?product=oswietlenie-led-pod-lawki&amp;v=288404204e3d\" target=\"_blank\" rel=\"noopener noreferrer\">o\u015bwietlenie LED pod \u0142awki<\/a> pozwoli Ci stworzy\u0107 wyj\u0105tkowy nastr\u00f3j podczas saunowania.<\/p>\n<p>Podsumowuj\u0105c, zestaw premium akcesori\u00f3w do sauny \u0142\u0105czy w sobie funkcjonalno\u015b\u0107, estetyk\u0119 oraz wygod\u0119. Jest \u0142atwy w u\u017cyciu, trwa\u0142y i pozwala na pe\u0142ne wykorzystanie mo\u017cliwo\u015bci sauny. Zam\u00f3w ju\u017c dzi\u015b ten zestaw i do\u015bwiadcz tradycyjnego, fi\u0144skiego saunowania na najwy\u017cszym poziomie.<\/p>\n","protected":false},"excerpt":{"rendered":"<p>Zestaw premium akcesori\u00f3w do sauny \u2013 Kompletny zestaw do komfortowego saunowania Zestaw premium akcesori\u00f3w do sauny to doskona\u0142y wyb\u00f3r dla os\u00f3b, kt\u00f3re chc\u0105 zapewni\u0107 sobie wygod\u0119 i najwy\u017csz\u0105 jako\u015b\u0107 podczas ka\u017cdej sesji w saunie. Ten kompletny zestaw zawiera wszystkie niezb\u0119dne elementy, kt\u00f3re pozwalaj\u0105 na komfortowe i bezpieczne korzystanie z sauny. Produkty zosta\u0142y wyprodukowane w Finlandii,&#8230;<\/p>\n","protected":false},"featured_media":2275,"comment_status":"open","ping_status":"closed","template":"","meta":{"_monsterinsights_skip_tracking":false,"_monsterinsights_sitenote_active":false,"_monsterinsights_sitenote_note":"","_monsterinsights_sitenote_category":0,"_kadence_starter_templates_imported_post":false,"_kad_post_transparent":"default","_kad_post_title":"","_kad_post_layout":"default","_kad_post_sidebar_id":"","_kad_post_content_style":"default","_kad_post_vertical_padding":"default","_kad_post_feature":"","_kad_post_feature_position":"","_kad_post_header":false,"_kad_post_footer":false},"product_brand":[],"product_cat":[53],"product_tag":[],"class_list":{"0":"post-2274","1":"product","2":"type-product","3":"status-publish","4":"has-post-thumbnail","6":"product_cat-akcesoria","7":"product_shipping_class-akcesoria","9":"first","10":"instock","11":"shipping-taxable","12":"purchasable","13":"product-type-simple","14":"entry","15":"content-bg","16":"loop-entry"},"acf":[],"yoast_head":"<!-- This site is optimized with the Yoast SEO plugin v24.9 - https:\/\/yoast.com\/wordpress\/plugins\/seo\/ -->\n<title>Zestaw PREMIUM -<\/title>\n<meta name=\"description\" content=\"Zestaw Premium to kompletny zestaw akcesori\u00f3w do sauny, kt\u00f3ry zawiera 2 zag\u0142\u00f3wki, ceber, chochl\u0119, klepsydr\u0119 i termohigrometr.\" \/>\n<meta name=\"robots\" content=\"index, follow, max-snippet:-1, max-image-preview:large, max-video-preview:-1\" \/>\n<link rel=\"canonical\" href=\"https:\/\/beczkazpaczki.pl\/?product=zestaw-premium-do-sauny\" \/>\n<meta property=\"og:locale\" content=\"pl_PL\" \/>\n<meta property=\"og:type\" content=\"article\" \/>\n<meta property=\"og:title\" content=\"Zestaw PREMIUM -\" \/>\n<meta property=\"og:description\" content=\"Zestaw Premium to kompletny zestaw akcesori\u00f3w do sauny, kt\u00f3ry zawiera 2 zag\u0142\u00f3wki, ceber, chochl\u0119, klepsydr\u0119 i termohigrometr.\" \/>\n<meta property=\"og:url\" content=\"https:\/\/beczkazpaczki.pl\/?product=zestaw-premium-do-sauny\" \/>\n<meta property=\"article:publisher\" content=\"https:\/\/www.facebook.com\/twojabeczkaogrodowa\" \/>\n<meta property=\"article:modified_time\" content=\"2026-03-13T10:53:57+00:00\" \/>\n<meta property=\"og:image\" content=\"https:\/\/beczkazpaczki.pl\/wp-content\/uploads\/2025\/04\/akcesoria-premium2.png\" \/>\n\t<meta property=\"og:image:width\" content=\"439\" \/>\n\t<meta property=\"og:image:height\" content=\"439\" \/>\n\t<meta property=\"og:image:type\" content=\"image\/png\" \/>\n<meta name=\"twitter:card\" content=\"summary_large_image\" \/>\n<meta name=\"twitter:label1\" content=\"Szacowany czas czytania\" \/>\n\t<meta name=\"twitter:data1\" content=\"2 minuty\" \/>\n<script type=\"application\/ld+json\" class=\"yoast-schema-graph\">{\"@context\":\"https:\/\/schema.org\",\"@graph\":[{\"@type\":\"WebPage\",\"@id\":\"https:\/\/beczkazpaczki.pl\/?product=zestaw-premium-do-sauny\",\"url\":\"https:\/\/beczkazpaczki.pl\/?product=zestaw-premium-do-sauny\",\"name\":\"Zestaw PREMIUM -\",\"isPartOf\":{\"@id\":\"https:\/\/beczkazpaczki.pl\/#website\"},\"primaryImageOfPage\":{\"@id\":\"https:\/\/beczkazpaczki.pl\/?product=zestaw-premium-do-sauny#primaryimage\"},\"image\":{\"@id\":\"https:\/\/beczkazpaczki.pl\/?product=zestaw-premium-do-sauny#primaryimage\"},\"thumbnailUrl\":\"https:\/\/beczkazpaczki.pl\/wp-content\/uploads\/2025\/04\/akcesoria-premium2.png\",\"datePublished\":\"2025-04-07T09:08:29+00:00\",\"dateModified\":\"2026-03-13T10:53:57+00:00\",\"description\":\"Zestaw Premium to kompletny zestaw akcesori\u00f3w do sauny, kt\u00f3ry zawiera 2 zag\u0142\u00f3wki, ceber, chochl\u0119, klepsydr\u0119 i termohigrometr.\",\"breadcrumb\":{\"@id\":\"https:\/\/beczkazpaczki.pl\/?product=zestaw-premium-do-sauny#breadcrumb\"},\"inLanguage\":\"pl-PL\",\"potentialAction\":[{\"@type\":\"ReadAction\",\"target\":[\"https:\/\/beczkazpaczki.pl\/?product=zestaw-premium-do-sauny\"]}]},{\"@type\":\"ImageObject\",\"inLanguage\":\"pl-PL\",\"@id\":\"https:\/\/beczkazpaczki.pl\/?product=zestaw-premium-do-sauny#primaryimage\",\"url\":\"https:\/\/beczkazpaczki.pl\/wp-content\/uploads\/2025\/04\/akcesoria-premium2.png\",\"contentUrl\":\"https:\/\/beczkazpaczki.pl\/wp-content\/uploads\/2025\/04\/akcesoria-premium2.png\",\"width\":439,\"height\":439,\"caption\":\"Zestaw premium akcesori\u00f3w do sauny \u2013 ceber 4L z drewna\"},{\"@type\":\"BreadcrumbList\",\"@id\":\"https:\/\/beczkazpaczki.pl\/?product=zestaw-premium-do-sauny#breadcrumb\",\"itemListElement\":[{\"@type\":\"ListItem\",\"position\":1,\"name\":\"Strona g\u0142\u00f3wna\",\"item\":\"https:\/\/beczkazpaczki.pl\/\"},{\"@type\":\"ListItem\",\"position\":2,\"name\":\"Zam\u00f3w teraz\",\"item\":\"https:\/\/beczkazpaczki.pl\/?page_id=1954\"},{\"@type\":\"ListItem\",\"position\":3,\"name\":\"Zestaw PREMIUM\"}]},{\"@type\":\"WebSite\",\"@id\":\"https:\/\/beczkazpaczki.pl\/#website\",\"url\":\"https:\/\/beczkazpaczki.pl\/\",\"name\":\"Beczka z paczki\",\"description\":\"Sauny i akcesoria\",\"publisher\":{\"@id\":\"https:\/\/beczkazpaczki.pl\/#organization\"},\"potentialAction\":[{\"@type\":\"SearchAction\",\"target\":{\"@type\":\"EntryPoint\",\"urlTemplate\":\"https:\/\/beczkazpaczki.pl\/?s={search_term_string}\"},\"query-input\":{\"@type\":\"PropertyValueSpecification\",\"valueRequired\":true,\"valueName\":\"search_term_string\"}}],\"inLanguage\":\"pl-PL\"},{\"@type\":\"Organization\",\"@id\":\"https:\/\/beczkazpaczki.pl\/#organization\",\"name\":\"Beczka z paczki\",\"url\":\"https:\/\/beczkazpaczki.pl\/\",\"logo\":{\"@type\":\"ImageObject\",\"inLanguage\":\"pl-PL\",\"@id\":\"https:\/\/beczkazpaczki.pl\/#\/schema\/logo\/image\/\",\"url\":\"https:\/\/beczkazpaczki.pl\/wp-content\/uploads\/2025\/04\/cropped-Logo_Beczka-z-paczki_Black.png\",\"contentUrl\":\"https:\/\/beczkazpaczki.pl\/wp-content\/uploads\/2025\/04\/cropped-Logo_Beczka-z-paczki_Black.png\",\"width\":6402,\"height\":1569,\"caption\":\"Beczka z paczki\"},\"image\":{\"@id\":\"https:\/\/beczkazpaczki.pl\/#\/schema\/logo\/image\/\"},\"sameAs\":[\"https:\/\/www.facebook.com\/twojabeczkaogrodowa\"]}]}<\/script>\n<!-- \/ Yoast SEO plugin. -->","yoast_head_json":{"title":"Zestaw PREMIUM -","description":"Zestaw Premium to kompletny zestaw akcesori\u00f3w do sauny, kt\u00f3ry zawiera 2 zag\u0142\u00f3wki, ceber, chochl\u0119, klepsydr\u0119 i termohigrometr.","robots":{"index":"index","follow":"follow","max-snippet":"max-snippet:-1","max-image-preview":"max-image-preview:large","max-video-preview":"max-video-preview:-1"},"canonical":"https:\/\/beczkazpaczki.pl\/?product=zestaw-premium-do-sauny","og_locale":"pl_PL","og_type":"article","og_title":"Zestaw PREMIUM -","og_description":"Zestaw Premium to kompletny zestaw akcesori\u00f3w do sauny, kt\u00f3ry zawiera 2 zag\u0142\u00f3wki, ceber, chochl\u0119, klepsydr\u0119 i termohigrometr.","og_url":"https:\/\/beczkazpaczki.pl\/?product=zestaw-premium-do-sauny","article_publisher":"https:\/\/www.facebook.com\/twojabeczkaogrodowa","article_modified_time":"2026-03-13T10:53:57+00:00","og_image":[{"width":439,"height":439,"url":"https:\/\/beczkazpaczki.pl\/wp-content\/uploads\/2025\/04\/akcesoria-premium2.png","type":"image\/png"}],"twitter_card":"summary_large_image","twitter_misc":{"Szacowany czas czytania":"2 minuty"},"schema":{"@context":"https:\/\/schema.org","@graph":[{"@type":"WebPage","@id":"https:\/\/beczkazpaczki.pl\/?product=zestaw-premium-do-sauny","url":"https:\/\/beczkazpaczki.pl\/?product=zestaw-premium-do-sauny","name":"Zestaw PREMIUM -","isPartOf":{"@id":"https:\/\/beczkazpaczki.pl\/#website"},"primaryImageOfPage":{"@id":"https:\/\/beczkazpaczki.pl\/?product=zestaw-premium-do-sauny#primaryimage"},"image":{"@id":"https:\/\/beczkazpaczki.pl\/?product=zestaw-premium-do-sauny#primaryimage"},"thumbnailUrl":"https:\/\/beczkazpaczki.pl\/wp-content\/uploads\/2025\/04\/akcesoria-premium2.png","datePublished":"2025-04-07T09:08:29+00:00","dateModified":"2026-03-13T10:53:57+00:00","description":"Zestaw Premium to kompletny zestaw akcesori\u00f3w do sauny, kt\u00f3ry zawiera 2 zag\u0142\u00f3wki, ceber, chochl\u0119, klepsydr\u0119 i termohigrometr.","breadcrumb":{"@id":"https:\/\/beczkazpaczki.pl\/?product=zestaw-premium-do-sauny#breadcrumb"},"inLanguage":"pl-PL","potentialAction":[{"@type":"ReadAction","target":["https:\/\/beczkazpaczki.pl\/?product=zestaw-premium-do-sauny"]}]},{"@type":"ImageObject","inLanguage":"pl-PL","@id":"https:\/\/beczkazpaczki.pl\/?product=zestaw-premium-do-sauny#primaryimage","url":"https:\/\/beczkazpaczki.pl\/wp-content\/uploads\/2025\/04\/akcesoria-premium2.png","contentUrl":"https:\/\/beczkazpaczki.pl\/wp-content\/uploads\/2025\/04\/akcesoria-premium2.png","width":439,"height":439,"caption":"Zestaw premium akcesori\u00f3w do sauny \u2013 ceber 4L z drewna"},{"@type":"BreadcrumbList","@id":"https:\/\/beczkazpaczki.pl\/?product=zestaw-premium-do-sauny#breadcrumb","itemListElement":[{"@type":"ListItem","position":1,"name":"Strona g\u0142\u00f3wna","item":"https:\/\/beczkazpaczki.pl\/"},{"@type":"ListItem","position":2,"name":"Zam\u00f3w teraz","item":"https:\/\/beczkazpaczki.pl\/?page_id=1954"},{"@type":"ListItem","position":3,"name":"Zestaw PREMIUM"}]},{"@type":"WebSite","@id":"https:\/\/beczkazpaczki.pl\/#website","url":"https:\/\/beczkazpaczki.pl\/","name":"Beczka z paczki","description":"Sauny i akcesoria","publisher":{"@id":"https:\/\/beczkazpaczki.pl\/#organization"},"potentialAction":[{"@type":"SearchAction","target":{"@type":"EntryPoint","urlTemplate":"https:\/\/beczkazpaczki.pl\/?s={search_term_string}"},"query-input":{"@type":"PropertyValueSpecification","valueRequired":true,"valueName":"search_term_string"}}],"inLanguage":"pl-PL"},{"@type":"Organization","@id":"https:\/\/beczkazpaczki.pl\/#organization","name":"Beczka z paczki","url":"https:\/\/beczkazpaczki.pl\/","logo":{"@type":"ImageObject","inLanguage":"pl-PL","@id":"https:\/\/beczkazpaczki.pl\/#\/schema\/logo\/image\/","url":"https:\/\/beczkazpaczki.pl\/wp-content\/uploads\/2025\/04\/cropped-Logo_Beczka-z-paczki_Black.png","contentUrl":"https:\/\/beczkazpaczki.pl\/wp-content\/uploads\/2025\/04\/cropped-Logo_Beczka-z-paczki_Black.png","width":6402,"height":1569,"caption":"Beczka z paczki"},"image":{"@id":"https:\/\/beczkazpaczki.pl\/#\/schema\/logo\/image\/"},"sameAs":["https:\/\/www.facebook.com\/twojabeczkaogrodowa"]}]}},"_links":{"self":[{"href":"https:\/\/beczkazpaczki.pl\/index.php?rest_route=\/wp\/v2\/product\/2274","targetHints":{"allow":["GET"]}}],"collection":[{"href":"https:\/\/beczkazpaczki.pl\/index.php?rest_route=\/wp\/v2\/product"}],"about":[{"href":"https:\/\/beczkazpaczki.pl\/index.php?rest_route=\/wp\/v2\/types\/product"}],"replies":[{"embeddable":true,"href":"https:\/\/beczkazpaczki.pl\/index.php?rest_route=%2Fwp%2Fv2%2Fcomments&post=2274"}],"wp:featuredmedia":[{"embeddable":true,"href":"https:\/\/beczkazpaczki.pl\/index.php?rest_route=\/wp\/v2\/media\/2275"}],"wp:attachment":[{"href":"https:\/\/beczkazpaczki.pl\/index.php?rest_route=%2Fwp%2Fv2%2Fmedia&parent=2274"}],"wp:term":[{"taxonomy":"product_brand","embeddable":true,"href":"https:\/\/beczkazpaczki.pl\/index.php?rest_route=%2Fwp%2Fv2%2Fproduct_brand&post=2274"},{"taxonomy":"product_cat","embeddable":true,"href":"https:\/\/beczkazpaczki.pl\/index.php?rest_route=%2Fwp%2Fv2%2Fproduct_cat&post=2274"},{"taxonomy":"product_tag","embeddable":true,"href":"https:\/\/beczkazpaczki.pl\/index.php?rest_route=%2Fwp%2Fv2%2Fproduct_tag&post=2274"}],"curies":[{"name":"wp","href":"https:\/\/api.w.org\/{rel}","templated":true}]}}