{"id":2278,"date":"2025-04-07T11:17:27","date_gmt":"2025-04-07T09:17:27","guid":{"rendered":"https:\/\/beczkazpaczki.pl\/?post_type=product&#038;p=2278"},"modified":"2025-07-03T03:20:56","modified_gmt":"2025-07-03T01:20:56","slug":"zestaw-akcesoriow-do-sauny-comfort","status":"publish","type":"product","link":"https:\/\/beczkazpaczki.pl\/?product=zestaw-akcesoriow-do-sauny-comfort","title":{"rendered":"Zestaw COMFORT"},"content":{"rendered":"<p>&nbsp;<\/p>\n<article>\n<header>\n<h1>Zestaw akcesori\u00f3w do sauny Comfort \u2013 fi\u0144ska jako\u015b\u0107 dla ka\u017cdego<\/h1>\n<\/header>\n<section>\n<h2>Opis produktu<\/h2>\n<p>Zestaw akcesori\u00f3w do sauny Comfort to doskona\u0142y wyb\u00f3r dla os\u00f3b, kt\u00f3re ceni\u0105 sobie wysok\u0105 jako\u015b\u0107, funkcjonalno\u015b\u0107 i estetyk\u0119. Produkt zosta\u0142 stworzony w Finlandii z my\u015bl\u0105 o mi\u0142o\u015bnikach tradycyjnego saunowania. Dzi\u0119ki temu mo\u017cesz mie\u0107 pewno\u015b\u0107, \u017ce ka\u017cdy element zestawu spe\u0142ni swoje zadanie i przyczyni si\u0119 do komfortu oraz bezpiecze\u0144stwa w czasie relaksu w saunie.<\/p>\n<p>Ten podstawowy zestaw akcesori\u00f3w do sauny obejmuje wszystko, co niezb\u0119dne do rozpocz\u0119cia przygody z saunowaniem:<\/p>\n<ul>\n<li><strong>Ceber 4L<\/strong> \u2013 praktyczny i wytrzyma\u0142y, idealny do nabierania wody do polewania kamieni.<\/li>\n<li><strong>Chochla<\/strong> \u2013 pozwala wygodnie dozowa\u0107 wod\u0119 na rozgrzane kamienie, co zwi\u0119ksza ilo\u015b\u0107 pary.<\/li>\n<li><strong>Klepsydra<\/strong> \u2013 umo\u017cliwia kontrolowanie czasu sp\u0119dzonego w saunie, co jest istotne dla zdrowia i bezpiecze\u0144stwa.<\/li>\n<li><strong>Termometr<\/strong> \u2013 dzi\u0119ki niemu masz pewno\u015b\u0107, \u017ce temperatura w saunie jest odpowiednia.<\/li>\n<\/ul>\n<p>Wszystkie elementy zestawu charakteryzuj\u0105 si\u0119 solidnym wykonaniem, estetycznym wygl\u0105dem i trwa\u0142o\u015bci\u0105. Co wa\u017cne, produkty s\u0105 wytwarzane w Finlandii, kraju s\u0142yn\u0105cym z d\u0142ugoletnich tradycji saunowych. Zestaw Comfort sprawdzi si\u0119 zar\u00f3wno w przydomowych saunach ogrodowych, jak i w profesjonalnych saunach komercyjnych.<\/p>\n<p>Dzi\u0119ki temu zestawowi saunowanie staje si\u0119 nie tylko przyjemne, ale i bezpieczne. Akcesoria te u\u0142atwiaj\u0105 codzienne korzystanie z sauny oraz pozwalaj\u0105 w pe\u0142ni cieszy\u0107 si\u0119 jej dobroczynnym wp\u0142ywem na zdrowie. Zestaw akcesori\u00f3w do sauny Comfort to \u015bwietny pomys\u0142 na prezent dla ka\u017cdego fana saunowania.<\/p>\n<p><strong>Kraj produkcji:<\/strong> Finlandia<\/p>\n<p>Zapoznaj si\u0119 r\u00f3wnie\u017c z <a href=\"https:\/\/beczkazpaczki.pl\/?product_cat=akcesoria&amp;v=288404204e3d\">nasz\u0105 pe\u0142n\u0105 ofert\u0105 akcesori\u00f3w do sauny<\/a> oraz <a href=\"https:\/\/beczkazpaczki.pl\/?product_cat=sauny-beczki&amp;v=288404204e3d\">r\u00f3\u017cnymi modelami saun<\/a>. Chcesz dowiedzie\u0107 si\u0119 wi\u0119cej o kulturze saunowania? Sprawd\u017a <a href=\"https:\/\/beczkazpaczki.pl\/?page_id=492&amp;v=288404204e3d\" target=\"_blank\" rel=\"noopener\">naszego bloga<\/a>.<\/p>\n<\/section>\n<\/article>\n<p>&nbsp;<\/p>\n","protected":false},"excerpt":{"rendered":"<p>&nbsp; Zestaw akcesori\u00f3w do sauny Comfort \u2013 fi\u0144ska jako\u015b\u0107 dla ka\u017cdego Opis produktu Zestaw akcesori\u00f3w do sauny Comfort to doskona\u0142y wyb\u00f3r dla os\u00f3b, kt\u00f3re ceni\u0105 sobie wysok\u0105 jako\u015b\u0107, funkcjonalno\u015b\u0107 i estetyk\u0119. Produkt zosta\u0142 stworzony w Finlandii z my\u015bl\u0105 o mi\u0142o\u015bnikach tradycyjnego saunowania. Dzi\u0119ki temu mo\u017cesz mie\u0107 pewno\u015b\u0107, \u017ce ka\u017cdy element zestawu spe\u0142ni swoje zadanie i&#8230;<\/p>\n","protected":false},"featured_media":2902,"comment_status":"open","ping_status":"closed","template":"","meta":{"_monsterinsights_skip_tracking":false,"_monsterinsights_sitenote_active":false,"_monsterinsights_sitenote_note":"","_monsterinsights_sitenote_category":0,"_kadence_starter_templates_imported_post":false,"_kad_post_transparent":"default","_kad_post_title":"","_kad_post_layout":"default","_kad_post_sidebar_id":"","_kad_post_content_style":"default","_kad_post_vertical_padding":"default","_kad_post_feature":"","_kad_post_feature_position":"","_kad_post_header":false,"_kad_post_footer":false},"product_brand":[],"product_cat":[53],"product_tag":[],"class_list":{"0":"post-2278","1":"product","2":"type-product","3":"status-publish","4":"has-post-thumbnail","6":"product_cat-akcesoria","7":"product_shipping_class-akcesoria","9":"first","10":"instock","11":"shipping-taxable","12":"purchasable","13":"product-type-simple","14":"entry","15":"content-bg","16":"loop-entry"},"acf":[],"yoast_head":"<!-- This site is optimized with the Yoast SEO plugin v24.9 - https:\/\/yoast.com\/wordpress\/plugins\/seo\/ -->\n<title>Zestaw COMFORT -<\/title>\n<meta name=\"description\" content=\"Zestaw Comfort to podstawowy komplet akcesori\u00f3w do sauny, obejmuj\u0105cy ceber 4L, chochl\u0119, klepsydr\u0119 i termometr. Wysoka jako\u015b\u0107 fi\u0144skiej produkcji.\" \/>\n<meta name=\"robots\" content=\"index, follow, max-snippet:-1, max-image-preview:large, max-video-preview:-1\" \/>\n<link rel=\"canonical\" href=\"https:\/\/beczkazpaczki.pl\/?product=zestaw-akcesoriow-do-sauny-comfort\" \/>\n<meta property=\"og:locale\" content=\"pl_PL\" \/>\n<meta property=\"og:type\" content=\"article\" \/>\n<meta property=\"og:title\" content=\"Zestaw COMFORT -\" \/>\n<meta property=\"og:description\" content=\"Zestaw Comfort to podstawowy komplet akcesori\u00f3w do sauny, obejmuj\u0105cy ceber 4L, chochl\u0119, klepsydr\u0119 i termometr. Wysoka jako\u015b\u0107 fi\u0144skiej produkcji.\" \/>\n<meta property=\"og:url\" content=\"https:\/\/beczkazpaczki.pl\/?product=zestaw-akcesoriow-do-sauny-comfort\" \/>\n<meta property=\"article:publisher\" content=\"https:\/\/www.facebook.com\/twojabeczkaogrodowa\" \/>\n<meta property=\"article:modified_time\" content=\"2025-07-03T01:20:56+00:00\" \/>\n<meta property=\"og:image\" content=\"https:\/\/beczkazpaczki.pl\/wp-content\/uploads\/2025\/04\/akcesoria-comfort-1.png\" \/>\n\t<meta property=\"og:image:width\" content=\"1179\" \/>\n\t<meta property=\"og:image:height\" content=\"1179\" \/>\n\t<meta property=\"og:image:type\" content=\"image\/png\" \/>\n<meta name=\"twitter:card\" content=\"summary_large_image\" \/>\n<meta name=\"twitter:label1\" content=\"Szacowany czas czytania\" \/>\n\t<meta name=\"twitter:data1\" content=\"2 minuty\" \/>\n<script type=\"application\/ld+json\" class=\"yoast-schema-graph\">{\"@context\":\"https:\/\/schema.org\",\"@graph\":[{\"@type\":\"WebPage\",\"@id\":\"https:\/\/beczkazpaczki.pl\/?product=zestaw-akcesoriow-do-sauny-comfort\",\"url\":\"https:\/\/beczkazpaczki.pl\/?product=zestaw-akcesoriow-do-sauny-comfort\",\"name\":\"Zestaw COMFORT -\",\"isPartOf\":{\"@id\":\"https:\/\/beczkazpaczki.pl\/#website\"},\"primaryImageOfPage\":{\"@id\":\"https:\/\/beczkazpaczki.pl\/?product=zestaw-akcesoriow-do-sauny-comfort#primaryimage\"},\"image\":{\"@id\":\"https:\/\/beczkazpaczki.pl\/?product=zestaw-akcesoriow-do-sauny-comfort#primaryimage\"},\"thumbnailUrl\":\"https:\/\/beczkazpaczki.pl\/wp-content\/uploads\/2025\/04\/akcesoria-comfort-1.png\",\"datePublished\":\"2025-04-07T09:17:27+00:00\",\"dateModified\":\"2025-07-03T01:20:56+00:00\",\"description\":\"Zestaw Comfort to podstawowy komplet akcesori\u00f3w do sauny, obejmuj\u0105cy ceber 4L, chochl\u0119, klepsydr\u0119 i termometr. Wysoka jako\u015b\u0107 fi\u0144skiej produkcji.\",\"breadcrumb\":{\"@id\":\"https:\/\/beczkazpaczki.pl\/?product=zestaw-akcesoriow-do-sauny-comfort#breadcrumb\"},\"inLanguage\":\"pl-PL\",\"potentialAction\":[{\"@type\":\"ReadAction\",\"target\":[\"https:\/\/beczkazpaczki.pl\/?product=zestaw-akcesoriow-do-sauny-comfort\"]}]},{\"@type\":\"ImageObject\",\"inLanguage\":\"pl-PL\",\"@id\":\"https:\/\/beczkazpaczki.pl\/?product=zestaw-akcesoriow-do-sauny-comfort#primaryimage\",\"url\":\"https:\/\/beczkazpaczki.pl\/wp-content\/uploads\/2025\/04\/akcesoria-comfort-1.png\",\"contentUrl\":\"https:\/\/beczkazpaczki.pl\/wp-content\/uploads\/2025\/04\/akcesoria-comfort-1.png\",\"width\":1179,\"height\":1179,\"caption\":\"Zestaw akcesori\u00f3w do sauny Comfort \u2013 kompletne wyposa\u017cenie do saunowania\"},{\"@type\":\"BreadcrumbList\",\"@id\":\"https:\/\/beczkazpaczki.pl\/?product=zestaw-akcesoriow-do-sauny-comfort#breadcrumb\",\"itemListElement\":[{\"@type\":\"ListItem\",\"position\":1,\"name\":\"Strona g\u0142\u00f3wna\",\"item\":\"https:\/\/beczkazpaczki.pl\/\"},{\"@type\":\"ListItem\",\"position\":2,\"name\":\"Zam\u00f3w teraz\",\"item\":\"https:\/\/beczkazpaczki.pl\/?page_id=1954\"},{\"@type\":\"ListItem\",\"position\":3,\"name\":\"Zestaw COMFORT\"}]},{\"@type\":\"WebSite\",\"@id\":\"https:\/\/beczkazpaczki.pl\/#website\",\"url\":\"https:\/\/beczkazpaczki.pl\/\",\"name\":\"Beczka z paczki\",\"description\":\"Sauny i akcesoria\",\"publisher\":{\"@id\":\"https:\/\/beczkazpaczki.pl\/#organization\"},\"potentialAction\":[{\"@type\":\"SearchAction\",\"target\":{\"@type\":\"EntryPoint\",\"urlTemplate\":\"https:\/\/beczkazpaczki.pl\/?s={search_term_string}\"},\"query-input\":{\"@type\":\"PropertyValueSpecification\",\"valueRequired\":true,\"valueName\":\"search_term_string\"}}],\"inLanguage\":\"pl-PL\"},{\"@type\":\"Organization\",\"@id\":\"https:\/\/beczkazpaczki.pl\/#organization\",\"name\":\"Beczka z paczki\",\"url\":\"https:\/\/beczkazpaczki.pl\/\",\"logo\":{\"@type\":\"ImageObject\",\"inLanguage\":\"pl-PL\",\"@id\":\"https:\/\/beczkazpaczki.pl\/#\/schema\/logo\/image\/\",\"url\":\"https:\/\/beczkazpaczki.pl\/wp-content\/uploads\/2025\/04\/cropped-Logo_Beczka-z-paczki_Black.png\",\"contentUrl\":\"https:\/\/beczkazpaczki.pl\/wp-content\/uploads\/2025\/04\/cropped-Logo_Beczka-z-paczki_Black.png\",\"width\":6402,\"height\":1569,\"caption\":\"Beczka z paczki\"},\"image\":{\"@id\":\"https:\/\/beczkazpaczki.pl\/#\/schema\/logo\/image\/\"},\"sameAs\":[\"https:\/\/www.facebook.com\/twojabeczkaogrodowa\"]}]}<\/script>\n<!-- \/ Yoast SEO plugin. -->","yoast_head_json":{"title":"Zestaw COMFORT -","description":"Zestaw Comfort to podstawowy komplet akcesori\u00f3w do sauny, obejmuj\u0105cy ceber 4L, chochl\u0119, klepsydr\u0119 i termometr. Wysoka jako\u015b\u0107 fi\u0144skiej produkcji.","robots":{"index":"index","follow":"follow","max-snippet":"max-snippet:-1","max-image-preview":"max-image-preview:large","max-video-preview":"max-video-preview:-1"},"canonical":"https:\/\/beczkazpaczki.pl\/?product=zestaw-akcesoriow-do-sauny-comfort","og_locale":"pl_PL","og_type":"article","og_title":"Zestaw COMFORT -","og_description":"Zestaw Comfort to podstawowy komplet akcesori\u00f3w do sauny, obejmuj\u0105cy ceber 4L, chochl\u0119, klepsydr\u0119 i termometr. Wysoka jako\u015b\u0107 fi\u0144skiej produkcji.","og_url":"https:\/\/beczkazpaczki.pl\/?product=zestaw-akcesoriow-do-sauny-comfort","article_publisher":"https:\/\/www.facebook.com\/twojabeczkaogrodowa","article_modified_time":"2025-07-03T01:20:56+00:00","og_image":[{"width":1179,"height":1179,"url":"https:\/\/beczkazpaczki.pl\/wp-content\/uploads\/2025\/04\/akcesoria-comfort-1.png","type":"image\/png"}],"twitter_card":"summary_large_image","twitter_misc":{"Szacowany czas czytania":"2 minuty"},"schema":{"@context":"https:\/\/schema.org","@graph":[{"@type":"WebPage","@id":"https:\/\/beczkazpaczki.pl\/?product=zestaw-akcesoriow-do-sauny-comfort","url":"https:\/\/beczkazpaczki.pl\/?product=zestaw-akcesoriow-do-sauny-comfort","name":"Zestaw COMFORT -","isPartOf":{"@id":"https:\/\/beczkazpaczki.pl\/#website"},"primaryImageOfPage":{"@id":"https:\/\/beczkazpaczki.pl\/?product=zestaw-akcesoriow-do-sauny-comfort#primaryimage"},"image":{"@id":"https:\/\/beczkazpaczki.pl\/?product=zestaw-akcesoriow-do-sauny-comfort#primaryimage"},"thumbnailUrl":"https:\/\/beczkazpaczki.pl\/wp-content\/uploads\/2025\/04\/akcesoria-comfort-1.png","datePublished":"2025-04-07T09:17:27+00:00","dateModified":"2025-07-03T01:20:56+00:00","description":"Zestaw Comfort to podstawowy komplet akcesori\u00f3w do sauny, obejmuj\u0105cy ceber 4L, chochl\u0119, klepsydr\u0119 i termometr. Wysoka jako\u015b\u0107 fi\u0144skiej produkcji.","breadcrumb":{"@id":"https:\/\/beczkazpaczki.pl\/?product=zestaw-akcesoriow-do-sauny-comfort#breadcrumb"},"inLanguage":"pl-PL","potentialAction":[{"@type":"ReadAction","target":["https:\/\/beczkazpaczki.pl\/?product=zestaw-akcesoriow-do-sauny-comfort"]}]},{"@type":"ImageObject","inLanguage":"pl-PL","@id":"https:\/\/beczkazpaczki.pl\/?product=zestaw-akcesoriow-do-sauny-comfort#primaryimage","url":"https:\/\/beczkazpaczki.pl\/wp-content\/uploads\/2025\/04\/akcesoria-comfort-1.png","contentUrl":"https:\/\/beczkazpaczki.pl\/wp-content\/uploads\/2025\/04\/akcesoria-comfort-1.png","width":1179,"height":1179,"caption":"Zestaw akcesori\u00f3w do sauny Comfort \u2013 kompletne wyposa\u017cenie do saunowania"},{"@type":"BreadcrumbList","@id":"https:\/\/beczkazpaczki.pl\/?product=zestaw-akcesoriow-do-sauny-comfort#breadcrumb","itemListElement":[{"@type":"ListItem","position":1,"name":"Strona g\u0142\u00f3wna","item":"https:\/\/beczkazpaczki.pl\/"},{"@type":"ListItem","position":2,"name":"Zam\u00f3w teraz","item":"https:\/\/beczkazpaczki.pl\/?page_id=1954"},{"@type":"ListItem","position":3,"name":"Zestaw COMFORT"}]},{"@type":"WebSite","@id":"https:\/\/beczkazpaczki.pl\/#website","url":"https:\/\/beczkazpaczki.pl\/","name":"Beczka z paczki","description":"Sauny i akcesoria","publisher":{"@id":"https:\/\/beczkazpaczki.pl\/#organization"},"potentialAction":[{"@type":"SearchAction","target":{"@type":"EntryPoint","urlTemplate":"https:\/\/beczkazpaczki.pl\/?s={search_term_string}"},"query-input":{"@type":"PropertyValueSpecification","valueRequired":true,"valueName":"search_term_string"}}],"inLanguage":"pl-PL"},{"@type":"Organization","@id":"https:\/\/beczkazpaczki.pl\/#organization","name":"Beczka z paczki","url":"https:\/\/beczkazpaczki.pl\/","logo":{"@type":"ImageObject","inLanguage":"pl-PL","@id":"https:\/\/beczkazpaczki.pl\/#\/schema\/logo\/image\/","url":"https:\/\/beczkazpaczki.pl\/wp-content\/uploads\/2025\/04\/cropped-Logo_Beczka-z-paczki_Black.png","contentUrl":"https:\/\/beczkazpaczki.pl\/wp-content\/uploads\/2025\/04\/cropped-Logo_Beczka-z-paczki_Black.png","width":6402,"height":1569,"caption":"Beczka z paczki"},"image":{"@id":"https:\/\/beczkazpaczki.pl\/#\/schema\/logo\/image\/"},"sameAs":["https:\/\/www.facebook.com\/twojabeczkaogrodowa"]}]}},"_links":{"self":[{"href":"https:\/\/beczkazpaczki.pl\/index.php?rest_route=\/wp\/v2\/product\/2278","targetHints":{"allow":["GET"]}}],"collection":[{"href":"https:\/\/beczkazpaczki.pl\/index.php?rest_route=\/wp\/v2\/product"}],"about":[{"href":"https:\/\/beczkazpaczki.pl\/index.php?rest_route=\/wp\/v2\/types\/product"}],"replies":[{"embeddable":true,"href":"https:\/\/beczkazpaczki.pl\/index.php?rest_route=%2Fwp%2Fv2%2Fcomments&post=2278"}],"wp:featuredmedia":[{"embeddable":true,"href":"https:\/\/beczkazpaczki.pl\/index.php?rest_route=\/wp\/v2\/media\/2902"}],"wp:attachment":[{"href":"https:\/\/beczkazpaczki.pl\/index.php?rest_route=%2Fwp%2Fv2%2Fmedia&parent=2278"}],"wp:term":[{"taxonomy":"product_brand","embeddable":true,"href":"https:\/\/beczkazpaczki.pl\/index.php?rest_route=%2Fwp%2Fv2%2Fproduct_brand&post=2278"},{"taxonomy":"product_cat","embeddable":true,"href":"https:\/\/beczkazpaczki.pl\/index.php?rest_route=%2Fwp%2Fv2%2Fproduct_cat&post=2278"},{"taxonomy":"product_tag","embeddable":true,"href":"https:\/\/beczkazpaczki.pl\/index.php?rest_route=%2Fwp%2Fv2%2Fproduct_tag&post=2278"}],"curies":[{"name":"wp","href":"https:\/\/api.w.org\/{rel}","templated":true}]}}