{"id":2541,"date":"2025-04-10T10:02:26","date_gmt":"2025-04-10T08:02:26","guid":{"rendered":"https:\/\/beczkazpaczki.pl\/?post_type=product&#038;p=2541"},"modified":"2026-01-15T12:15:33","modified_gmt":"2026-01-15T11:15:33","slug":"sauna-beczka-200x350-cm-2","status":"publish","type":"product","link":"https:\/\/beczkazpaczki.pl\/?product=sauna-beczka-200x350-cm-2","title":{"rendered":"Sauna Beczka 200&#215;350 cm z przebieralni\u0105"},"content":{"rendered":"<p>&nbsp;<\/p>\n<article>\n<header>\n<h1>Sauna Beczka 200&#215;350 cm z przebieralni\u0105 \u2013 przestrze\u0144 relaksu w Twoim ogrodzie<\/h1>\n<\/header>\n<section>\n<h2>Opis produktu<\/h2>\n<p>Sauna Beczka do samodzielnego monta\u017cu 200&#215;350 cm z przebieralni\u0105 to doskona\u0142e rozwi\u0105zanie dla ka\u017cdego, kto pragnie stworzy\u0107 stref\u0119 relaksu w swoim ogrodzie. Wykonana z drewna \u015bwierkowego skandynawskiego C24 o grubo\u015bci 45 mm, zapewnia nie tylko pi\u0119kny wygl\u0105d, ale r\u00f3wnie\u017c trwa\u0142o\u015b\u0107 oraz doskona\u0142\u0105 izolacj\u0119 ciepln\u0105. Dzi\u0119ki \u015brednicy 200 cm i d\u0142ugo\u015bci 350 cm (w tym 270 cm sauny i 80 cm przebieralni) konstrukcja jest przestronna i wygodna dla nawet 8 os\u00f3b.<\/p>\n<p>Co wi\u0119cej, d\u0142ugo\u015b\u0107 u\u017cytkowa wewn\u0105trz sauny wynosi 230 cm, co daje jeszcze wi\u0119kszy komfort podczas korzystania z niej. Ca\u0142o\u015b\u0107 zestawu pozwala na szybki monta\u017c i \u0142atwe u\u017cytkowanie. Dlatego ju\u017c w kr\u00f3tkim czasie mo\u017cesz cieszy\u0107 si\u0119 w\u0142asn\u0105 saun\u0105 w ogrodzie.<\/p>\n<h3>W sk\u0142ad zestawu wchodz\u0105:<\/h3>\n<ul>\n<li>baliki na \u015bciany,<\/li>\n<li>deska startowa i zaka\u0144czaj\u0105ca,<\/li>\n<li>\u015bciana przednia, \u015brodkowa oraz tylna,<\/li>\n<li>4 obejmy ze stali nierdzewnej,<\/li>\n<li>4 zestawy \u015brub do obejm,<\/li>\n<li>4 legary,<\/li>\n<li>materia\u0142 na \u0142aweczki,<\/li>\n<li>materia\u0142 na pod\u0142og\u0119,<\/li>\n<li>2 x drzwi szklane ze szk\u0142a hartowanego 8 mm (w komplecie o\u015bcie\u017cnica, zawiasy, uszczelki, ga\u0142ka),<\/li>\n<li>membrana,<\/li>\n<li>gont bitumiczny,<\/li>\n<li>wkr\u0119ty,<\/li>\n<li>instrukcja monta\u017cu.<\/li>\n<\/ul>\n<h3>Specyfikacja \u2013 sauna beczka ogrodowa 200\u00d7350 cm z przebieralni\u0105<\/h3>\n<ul>\n<li>D\u0142ugo\u015b\u0107 ca\u0142kowita: 350 cm<\/li>\n<li>D\u0142ugo\u015b\u0107 przebieralni: 80 cm<\/li>\n<li>D\u0142ugo\u015b\u0107 wewn\u0105trz (d\u0142ugo\u015b\u0107 \u0142aweczek): 250 cm<\/li>\n<li>Szeroko\u015b\u0107: 200 cm<\/li>\n<li>Wysoko\u015b\u0107: 200 cm<\/li>\n<li>Grubo\u015b\u0107 \u015bcian (balika): 45 mm<\/li>\n<li>Materia\u0142: skandynawskie drewno \u015bwierkowe (klasa C24)<\/li>\n<li>Drzwi: szk\u0142o hartowane o grubo\u015bci 8 mm<\/li>\n<li>Pokrycie dachowe: gont bitumiczny (grafitowy, bordowy lub zielony)<\/li>\n<li>Pojemno\u015b\u0107: 8 os\u00f3b<\/li>\n<\/ul>\n<p>\u015aciany przednia, \u015brodkowa i tylna dostarczane s\u0105 w dw\u00f3ch po\u0142\u00f3wkach. W \u015bcianie przedniej i \u015brodkowej wykonany jest otw\u00f3r pod monta\u017c drzwi. W przypadku zam\u00f3wienia pieca na drewno wraz z saun\u0105, w \u015bcianie tylnej przygotowany jest odpowiedni otw\u00f3r pod instalacj\u0119 pieca.<\/p>\n<p>Zastosowanie drzwi ze szk\u0142a hartowanego podkre\u015bla nowoczesny charakter sauny, a stalowe obejmy wzmacniaj\u0105 ca\u0142\u0105 konstrukcj\u0119. Gont bitumiczny oraz membrana skutecznie chroni\u0105 przed wilgoci\u0105, dlatego sauna jest odporna na zmienne warunki atmosferyczne. Materia\u0142 na pod\u0142og\u0119 i \u0142aweczki zosta\u0142 dobrany z my\u015bl\u0105 o wygodzie u\u017cytkownik\u00f3w, co czyni ka\u017cdy seans wyj\u0105tkowym.<\/p>\n<p>Czas realizacji zam\u00f3wienia wynosi od 1 do 2 tygodni, co oznacza, \u017ce w\u0142asna sauna ogrodowa mo\u017ce sta\u0107 si\u0119 rzeczywisto\u015bci\u0105 szybciej, ni\u017c my\u015blisz. Zach\u0119camy do obejrzenia tak\u017ce <a href=\"https:\/\/beczkazpaczki.pl\/?product_cat=sauny-beczki&amp;v=288404204e3d\">innych modeli saun do samodzielnego monta\u017cu<\/a> oraz <a href=\"https:\/\/beczkazpaczki.pl\/?product_cat=wyposazenie&amp;v=288404204e3d\">piec\u00f3w do sauny<\/a> dost\u0119pnych w naszym sklepie. Je\u015bli chcesz dowiedzie\u0107 si\u0119 wi\u0119cej o zdrowotnych korzy\u015bciach saunowania, odwied\u017a <a href=\"https:\/\/beczkazpaczki.pl\/?p=2813&amp;v=288404204e3d\" target=\"_blank\" rel=\"noopener\">ten poradnik<\/a>.<\/p>\n<\/section>\n<\/article>\n<p>&nbsp;<\/p>\n","protected":false},"excerpt":{"rendered":"<p>&nbsp; Sauna Beczka 200&#215;350 cm z przebieralni\u0105 \u2013 przestrze\u0144 relaksu w Twoim ogrodzie Opis produktu Sauna Beczka do samodzielnego monta\u017cu 200&#215;350 cm z przebieralni\u0105 to doskona\u0142e rozwi\u0105zanie dla ka\u017cdego, kto pragnie stworzy\u0107 stref\u0119 relaksu w swoim ogrodzie. Wykonana z drewna \u015bwierkowego skandynawskiego C24 o grubo\u015bci 45 mm, zapewnia nie tylko pi\u0119kny wygl\u0105d, ale r\u00f3wnie\u017c trwa\u0142o\u015b\u0107&#8230;<\/p>\n","protected":false},"featured_media":2899,"comment_status":"open","ping_status":"closed","template":"","meta":{"_monsterinsights_skip_tracking":false,"_monsterinsights_sitenote_active":false,"_monsterinsights_sitenote_note":"","_monsterinsights_sitenote_category":0,"_kadence_starter_templates_imported_post":false,"_kad_post_transparent":"default","_kad_post_title":"","_kad_post_layout":"default","_kad_post_sidebar_id":"","_kad_post_content_style":"default","_kad_post_vertical_padding":"default","_kad_post_feature":"","_kad_post_feature_position":"","_kad_post_header":false,"_kad_post_footer":false},"product_brand":[],"product_cat":[50],"product_tag":[],"class_list":{"0":"post-2541","1":"product","2":"type-product","3":"status-publish","4":"has-post-thumbnail","6":"product_cat-sauny-beczki","7":"product_shipping_class-duza","9":"first","10":"instock","11":"shipping-taxable","12":"purchasable","13":"product-type-variable","14":"entry","15":"content-bg","16":"loop-entry","17":"rtwpvg-product"},"acf":[],"yoast_head":"<!-- This site is optimized with the Yoast SEO plugin v24.9 - https:\/\/yoast.com\/wordpress\/plugins\/seo\/ -->\n<title>Sauna Beczka 200x350 cm z przebieralni\u0105 -<\/title>\n<meta name=\"description\" content=\"Sauna Beczka 200x350 cm z przebieralni\u0105 to nowoczesna sauna ogrodowa z drewna \u015bwierkowego skandynawskiego dla 8 os\u00f3b. Kompletny zestaw do w\u0142asnego monta\u017cu.\" \/>\n<meta name=\"robots\" content=\"index, follow, max-snippet:-1, max-image-preview:large, max-video-preview:-1\" \/>\n<link rel=\"canonical\" href=\"https:\/\/beczkazpaczki.pl\/?product=sauna-beczka-200x350-cm-2\" \/>\n<meta property=\"og:locale\" content=\"pl_PL\" \/>\n<meta property=\"og:type\" content=\"article\" \/>\n<meta property=\"og:title\" content=\"Sauna Beczka 200x350 cm z przebieralni\u0105 -\" \/>\n<meta property=\"og:description\" content=\"Sauna Beczka 200x350 cm z przebieralni\u0105 to nowoczesna sauna ogrodowa z drewna \u015bwierkowego skandynawskiego dla 8 os\u00f3b. Kompletny zestaw do w\u0142asnego monta\u017cu.\" \/>\n<meta property=\"og:url\" content=\"https:\/\/beczkazpaczki.pl\/?product=sauna-beczka-200x350-cm-2\" \/>\n<meta property=\"article:publisher\" content=\"https:\/\/www.facebook.com\/twojabeczkaogrodowa\" \/>\n<meta property=\"article:modified_time\" content=\"2026-01-15T11:15:33+00:00\" \/>\n<meta property=\"og:image\" content=\"https:\/\/beczkazpaczki.pl\/wp-content\/uploads\/2025\/04\/sauna-350-przebieralnia-00-scaled.jpg\" \/>\n\t<meta property=\"og:image:width\" content=\"2560\" \/>\n\t<meta property=\"og:image:height\" content=\"2560\" \/>\n\t<meta property=\"og:image:type\" content=\"image\/jpeg\" \/>\n<meta name=\"twitter:card\" content=\"summary_large_image\" \/>\n<meta name=\"twitter:label1\" content=\"Szacowany czas czytania\" \/>\n\t<meta name=\"twitter:data1\" content=\"3 minuty\" \/>\n<script type=\"application\/ld+json\" class=\"yoast-schema-graph\">{\"@context\":\"https:\/\/schema.org\",\"@graph\":[{\"@type\":\"WebPage\",\"@id\":\"https:\/\/beczkazpaczki.pl\/?product=sauna-beczka-200x350-cm-2\",\"url\":\"https:\/\/beczkazpaczki.pl\/?product=sauna-beczka-200x350-cm-2\",\"name\":\"Sauna Beczka 200x350 cm z przebieralni\u0105 -\",\"isPartOf\":{\"@id\":\"https:\/\/beczkazpaczki.pl\/#website\"},\"primaryImageOfPage\":{\"@id\":\"https:\/\/beczkazpaczki.pl\/?product=sauna-beczka-200x350-cm-2#primaryimage\"},\"image\":{\"@id\":\"https:\/\/beczkazpaczki.pl\/?product=sauna-beczka-200x350-cm-2#primaryimage\"},\"thumbnailUrl\":\"https:\/\/beczkazpaczki.pl\/wp-content\/uploads\/2025\/04\/sauna-350-przebieralnia-00-scaled.jpg\",\"datePublished\":\"2025-04-10T08:02:26+00:00\",\"dateModified\":\"2026-01-15T11:15:33+00:00\",\"description\":\"Sauna Beczka 200x350 cm z przebieralni\u0105 to nowoczesna sauna ogrodowa z drewna \u015bwierkowego skandynawskiego dla 8 os\u00f3b. Kompletny zestaw do w\u0142asnego monta\u017cu.\",\"breadcrumb\":{\"@id\":\"https:\/\/beczkazpaczki.pl\/?product=sauna-beczka-200x350-cm-2#breadcrumb\"},\"inLanguage\":\"pl-PL\",\"potentialAction\":[{\"@type\":\"ReadAction\",\"target\":[\"https:\/\/beczkazpaczki.pl\/?product=sauna-beczka-200x350-cm-2\"]}]},{\"@type\":\"ImageObject\",\"inLanguage\":\"pl-PL\",\"@id\":\"https:\/\/beczkazpaczki.pl\/?product=sauna-beczka-200x350-cm-2#primaryimage\",\"url\":\"https:\/\/beczkazpaczki.pl\/wp-content\/uploads\/2025\/04\/sauna-350-przebieralnia-00-scaled.jpg\",\"contentUrl\":\"https:\/\/beczkazpaczki.pl\/wp-content\/uploads\/2025\/04\/sauna-350-przebieralnia-00-scaled.jpg\",\"width\":2560,\"height\":2560},{\"@type\":\"BreadcrumbList\",\"@id\":\"https:\/\/beczkazpaczki.pl\/?product=sauna-beczka-200x350-cm-2#breadcrumb\",\"itemListElement\":[{\"@type\":\"ListItem\",\"position\":1,\"name\":\"Strona g\u0142\u00f3wna\",\"item\":\"https:\/\/beczkazpaczki.pl\/\"},{\"@type\":\"ListItem\",\"position\":2,\"name\":\"Zam\u00f3w teraz\",\"item\":\"https:\/\/beczkazpaczki.pl\/?page_id=1954\"},{\"@type\":\"ListItem\",\"position\":3,\"name\":\"Sauna Beczka 200&#215;350 cm z przebieralni\u0105\"}]},{\"@type\":\"WebSite\",\"@id\":\"https:\/\/beczkazpaczki.pl\/#website\",\"url\":\"https:\/\/beczkazpaczki.pl\/\",\"name\":\"Beczka z paczki\",\"description\":\"Sauny i akcesoria\",\"publisher\":{\"@id\":\"https:\/\/beczkazpaczki.pl\/#organization\"},\"potentialAction\":[{\"@type\":\"SearchAction\",\"target\":{\"@type\":\"EntryPoint\",\"urlTemplate\":\"https:\/\/beczkazpaczki.pl\/?s={search_term_string}\"},\"query-input\":{\"@type\":\"PropertyValueSpecification\",\"valueRequired\":true,\"valueName\":\"search_term_string\"}}],\"inLanguage\":\"pl-PL\"},{\"@type\":\"Organization\",\"@id\":\"https:\/\/beczkazpaczki.pl\/#organization\",\"name\":\"Beczka z paczki\",\"url\":\"https:\/\/beczkazpaczki.pl\/\",\"logo\":{\"@type\":\"ImageObject\",\"inLanguage\":\"pl-PL\",\"@id\":\"https:\/\/beczkazpaczki.pl\/#\/schema\/logo\/image\/\",\"url\":\"https:\/\/beczkazpaczki.pl\/wp-content\/uploads\/2025\/04\/cropped-Logo_Beczka-z-paczki_Black.png\",\"contentUrl\":\"https:\/\/beczkazpaczki.pl\/wp-content\/uploads\/2025\/04\/cropped-Logo_Beczka-z-paczki_Black.png\",\"width\":6402,\"height\":1569,\"caption\":\"Beczka z paczki\"},\"image\":{\"@id\":\"https:\/\/beczkazpaczki.pl\/#\/schema\/logo\/image\/\"},\"sameAs\":[\"https:\/\/www.facebook.com\/twojabeczkaogrodowa\"]}]}<\/script>\n<!-- \/ Yoast SEO plugin. -->","yoast_head_json":{"title":"Sauna Beczka 200x350 cm z przebieralni\u0105 -","description":"Sauna Beczka 200x350 cm z przebieralni\u0105 to nowoczesna sauna ogrodowa z drewna \u015bwierkowego skandynawskiego dla 8 os\u00f3b. Kompletny zestaw do w\u0142asnego monta\u017cu.","robots":{"index":"index","follow":"follow","max-snippet":"max-snippet:-1","max-image-preview":"max-image-preview:large","max-video-preview":"max-video-preview:-1"},"canonical":"https:\/\/beczkazpaczki.pl\/?product=sauna-beczka-200x350-cm-2","og_locale":"pl_PL","og_type":"article","og_title":"Sauna Beczka 200x350 cm z przebieralni\u0105 -","og_description":"Sauna Beczka 200x350 cm z przebieralni\u0105 to nowoczesna sauna ogrodowa z drewna \u015bwierkowego skandynawskiego dla 8 os\u00f3b. Kompletny zestaw do w\u0142asnego monta\u017cu.","og_url":"https:\/\/beczkazpaczki.pl\/?product=sauna-beczka-200x350-cm-2","article_publisher":"https:\/\/www.facebook.com\/twojabeczkaogrodowa","article_modified_time":"2026-01-15T11:15:33+00:00","og_image":[{"width":2560,"height":2560,"url":"https:\/\/beczkazpaczki.pl\/wp-content\/uploads\/2025\/04\/sauna-350-przebieralnia-00-scaled.jpg","type":"image\/jpeg"}],"twitter_card":"summary_large_image","twitter_misc":{"Szacowany czas czytania":"3 minuty"},"schema":{"@context":"https:\/\/schema.org","@graph":[{"@type":"WebPage","@id":"https:\/\/beczkazpaczki.pl\/?product=sauna-beczka-200x350-cm-2","url":"https:\/\/beczkazpaczki.pl\/?product=sauna-beczka-200x350-cm-2","name":"Sauna Beczka 200x350 cm z przebieralni\u0105 -","isPartOf":{"@id":"https:\/\/beczkazpaczki.pl\/#website"},"primaryImageOfPage":{"@id":"https:\/\/beczkazpaczki.pl\/?product=sauna-beczka-200x350-cm-2#primaryimage"},"image":{"@id":"https:\/\/beczkazpaczki.pl\/?product=sauna-beczka-200x350-cm-2#primaryimage"},"thumbnailUrl":"https:\/\/beczkazpaczki.pl\/wp-content\/uploads\/2025\/04\/sauna-350-przebieralnia-00-scaled.jpg","datePublished":"2025-04-10T08:02:26+00:00","dateModified":"2026-01-15T11:15:33+00:00","description":"Sauna Beczka 200x350 cm z przebieralni\u0105 to nowoczesna sauna ogrodowa z drewna \u015bwierkowego skandynawskiego dla 8 os\u00f3b. Kompletny zestaw do w\u0142asnego monta\u017cu.","breadcrumb":{"@id":"https:\/\/beczkazpaczki.pl\/?product=sauna-beczka-200x350-cm-2#breadcrumb"},"inLanguage":"pl-PL","potentialAction":[{"@type":"ReadAction","target":["https:\/\/beczkazpaczki.pl\/?product=sauna-beczka-200x350-cm-2"]}]},{"@type":"ImageObject","inLanguage":"pl-PL","@id":"https:\/\/beczkazpaczki.pl\/?product=sauna-beczka-200x350-cm-2#primaryimage","url":"https:\/\/beczkazpaczki.pl\/wp-content\/uploads\/2025\/04\/sauna-350-przebieralnia-00-scaled.jpg","contentUrl":"https:\/\/beczkazpaczki.pl\/wp-content\/uploads\/2025\/04\/sauna-350-przebieralnia-00-scaled.jpg","width":2560,"height":2560},{"@type":"BreadcrumbList","@id":"https:\/\/beczkazpaczki.pl\/?product=sauna-beczka-200x350-cm-2#breadcrumb","itemListElement":[{"@type":"ListItem","position":1,"name":"Strona g\u0142\u00f3wna","item":"https:\/\/beczkazpaczki.pl\/"},{"@type":"ListItem","position":2,"name":"Zam\u00f3w teraz","item":"https:\/\/beczkazpaczki.pl\/?page_id=1954"},{"@type":"ListItem","position":3,"name":"Sauna Beczka 200&#215;350 cm z przebieralni\u0105"}]},{"@type":"WebSite","@id":"https:\/\/beczkazpaczki.pl\/#website","url":"https:\/\/beczkazpaczki.pl\/","name":"Beczka z paczki","description":"Sauny i akcesoria","publisher":{"@id":"https:\/\/beczkazpaczki.pl\/#organization"},"potentialAction":[{"@type":"SearchAction","target":{"@type":"EntryPoint","urlTemplate":"https:\/\/beczkazpaczki.pl\/?s={search_term_string}"},"query-input":{"@type":"PropertyValueSpecification","valueRequired":true,"valueName":"search_term_string"}}],"inLanguage":"pl-PL"},{"@type":"Organization","@id":"https:\/\/beczkazpaczki.pl\/#organization","name":"Beczka z paczki","url":"https:\/\/beczkazpaczki.pl\/","logo":{"@type":"ImageObject","inLanguage":"pl-PL","@id":"https:\/\/beczkazpaczki.pl\/#\/schema\/logo\/image\/","url":"https:\/\/beczkazpaczki.pl\/wp-content\/uploads\/2025\/04\/cropped-Logo_Beczka-z-paczki_Black.png","contentUrl":"https:\/\/beczkazpaczki.pl\/wp-content\/uploads\/2025\/04\/cropped-Logo_Beczka-z-paczki_Black.png","width":6402,"height":1569,"caption":"Beczka z paczki"},"image":{"@id":"https:\/\/beczkazpaczki.pl\/#\/schema\/logo\/image\/"},"sameAs":["https:\/\/www.facebook.com\/twojabeczkaogrodowa"]}]}},"_links":{"self":[{"href":"https:\/\/beczkazpaczki.pl\/index.php?rest_route=\/wp\/v2\/product\/2541","targetHints":{"allow":["GET"]}}],"collection":[{"href":"https:\/\/beczkazpaczki.pl\/index.php?rest_route=\/wp\/v2\/product"}],"about":[{"href":"https:\/\/beczkazpaczki.pl\/index.php?rest_route=\/wp\/v2\/types\/product"}],"replies":[{"embeddable":true,"href":"https:\/\/beczkazpaczki.pl\/index.php?rest_route=%2Fwp%2Fv2%2Fcomments&post=2541"}],"wp:featuredmedia":[{"embeddable":true,"href":"https:\/\/beczkazpaczki.pl\/index.php?rest_route=\/wp\/v2\/media\/2899"}],"wp:attachment":[{"href":"https:\/\/beczkazpaczki.pl\/index.php?rest_route=%2Fwp%2Fv2%2Fmedia&parent=2541"}],"wp:term":[{"taxonomy":"product_brand","embeddable":true,"href":"https:\/\/beczkazpaczki.pl\/index.php?rest_route=%2Fwp%2Fv2%2Fproduct_brand&post=2541"},{"taxonomy":"product_cat","embeddable":true,"href":"https:\/\/beczkazpaczki.pl\/index.php?rest_route=%2Fwp%2Fv2%2Fproduct_cat&post=2541"},{"taxonomy":"product_tag","embeddable":true,"href":"https:\/\/beczkazpaczki.pl\/index.php?rest_route=%2Fwp%2Fv2%2Fproduct_tag&post=2541"}],"curies":[{"name":"wp","href":"https:\/\/api.w.org\/{rel}","templated":true}]}}