{"id":2603,"date":"2025-04-12T17:15:53","date_gmt":"2025-04-12T15:15:53","guid":{"rendered":"https:\/\/beczkazpaczki.pl\/?post_type=product&#038;p=2603"},"modified":"2026-01-15T12:40:07","modified_gmt":"2026-01-15T11:40:07","slug":"sauna-beczka-200x350-cm","status":"publish","type":"product","link":"https:\/\/beczkazpaczki.pl\/?product=sauna-beczka-200x350-cm","title":{"rendered":"Sauna Beczka 200&#215;350 cm z przedsionkiem i przebieralni\u0105"},"content":{"rendered":"<p>&nbsp;<\/p>\n<article>\n<header>\n<h1>Sauna Beczka 200&#215;350 cm z przedsionkiem i przebieralni\u0105 \u2013 elegancka sauna ogrodowa<\/h1>\n<\/header>\n<section>\n<h2>Opis produktu<\/h2>\n<p>Sauna Beczka 200&#215;350 cm z przedsionkiem i przebieralni\u0105 to idealne rozwi\u0105zanie dla os\u00f3b, kt\u00f3re ceni\u0105 komfort oraz nowoczesny design. Dzi\u0119ki \u015brednicy 200 cm i d\u0142ugo\u015bci 350 cm, z czego 220 cm stanowi cz\u0119\u015b\u0107 saunow\u0105, 80 cm to przebieralnia, a 50 cm przedsionek, konstrukcja zapewnia wygod\u0119 i funkcjonalno\u015b\u0107. Wewn\u0105trz znajduje si\u0119 przestrze\u0144 o d\u0142ugo\u015bci 200 cm, dlatego sauna bez trudu pomie\u015bci do 6 os\u00f3b jednocze\u015bnie. Ta sauna do samodzielnego monta\u017cu gwarantuje maksymalny komfort z u\u017cytkowania.<\/p>\n<p>Ca\u0142o\u015b\u0107 wykonana jest z wysokiej jako\u015bci drewna, kt\u00f3re nie tylko pi\u0119knie si\u0119 prezentuje, ale r\u00f3wnie\u017c zapewnia trwa\u0142o\u015b\u0107 oraz odporno\u015b\u0107 na warunki atmosferyczne. Co wi\u0119cej, kompletno\u015b\u0107 zestawu pozwala na szybki monta\u017c, a szczeg\u00f3\u0142owa instrukcja krok po kroku u\u0142atwia ca\u0142y proces.<\/p>\n<h3>W sk\u0142ad zestawu wchodz\u0105:<\/h3>\n<ul>\n<li>\u015bciana frontowa, \u015brodkowa i tylna,<\/li>\n<li>baliki na \u015bciany,<\/li>\n<li>deska startowa i zaka\u0144czaj\u0105ca,<\/li>\n<li>4 obejmy ze stali nierdzewnej,<\/li>\n<li>4 zestawy \u015brub do obejm,<\/li>\n<li>4 legary,<\/li>\n<li>materia\u0142 na \u0142aweczki,<\/li>\n<li>materia\u0142 na pod\u0142og\u0119,<\/li>\n<li>2 x drzwi szklane ze szk\u0142a hartowanego 8 mm (w komplecie o\u015bcie\u017cnica, zawiasy, uszczelki, ga\u0142ka),<\/li>\n<li>membrana,<\/li>\n<li>gont bitumiczny,<\/li>\n<li>wkr\u0119ty,<\/li>\n<li>instrukcja monta\u017cu.<\/li>\n<\/ul>\n<p>\u015aciany przednia, \u015brodkowa i tylna dostarczane s\u0105 w dw\u00f3ch po\u0142\u00f3wkach. W \u015bcianie przedniej i \u015brodkowej wykonany jest otw\u00f3r pod monta\u017c drzwi. W przypadku zam\u00f3wienia pieca na drewno wraz z saun\u0105, w \u015bcianie tylnej przygotowany jest odpowiedni otw\u00f3r pod instalacj\u0119 pieca.<\/p>\n<h3>Specyfikacja \u2013 sauna beczka ogrodowa 200\u00d7350 cm z przebieralni\u0105 i przedsionkiem<\/h3>\n<ul>\n<li>D\u0142ugo\u015b\u0107 ca\u0142kowita: 350 cm<\/li>\n<li>D\u0142ugo\u015b\u0107 przedsionka: 50 cm<\/li>\n<li>D\u0142ugo\u015b\u0107 przebieralni: 80 cm<\/li>\n<li>D\u0142ugo\u015b\u0107 wewn\u0105trz (d\u0142ugo\u015b\u0107 \u0142aweczek): 200 cm<\/li>\n<li>Szeroko\u015b\u0107: 200 cm<\/li>\n<li>Wysoko\u015b\u0107: 200 cm<\/li>\n<li>Grubo\u015b\u0107 \u015bcian (balika): 45 mm<\/li>\n<li>Materia\u0142: skandynawskie drewno \u015bwierkowe (klasa C24)<\/li>\n<li>Drzwi: szk\u0142o hartowane o grubo\u015bci 8 mm<\/li>\n<li>Pokrycie dachowe: gont bitumiczny (grafitowy, bordowy lub zielony)<\/li>\n<li>Pojemno\u015b\u0107: 8 os\u00f3b<\/li>\n<\/ul>\n<p>Dzi\u0119ki podw\u00f3jnym drzwiom ze szk\u0142a hartowanego sauna zyskuje maksymalny komfort cieplny, natomiast obejmy ze stali nierdzewnej dodatkowo wzmacniaj\u0105 konstrukcj\u0119. Gont bitumiczny oraz membrana skutecznie chroni\u0105 przed wilgoci\u0105, dlatego drewno zachowuje swoje w\u0142a\u015bciwo\u015bci na lata.<\/p>\n<p>Materia\u0142 na pod\u0142og\u0119 i \u0142aweczki zosta\u0142 starannie dobrany, co zapewnia komfort podczas korzystania z sauny. Czas realizacji zam\u00f3wienia wynosi od 1 do 2 tygodni, a to oznacza, \u017ce ju\u017c wkr\u00f3tce mo\u017cesz cieszy\u0107 si\u0119 w\u0142asn\u0105 stref\u0105 relaksu.<\/p>\n<\/section>\n<section>\n<h2>Zalety modelu<\/h2>\n<p>Sauna Beczka 200&#215;350 cm z przedsionkiem i przebieralni\u0105 wyr\u00f3\u017cnia si\u0119 elegancj\u0105 oraz przemy\u015blan\u0105 konstrukcj\u0105. Przedsionek i przebieralnia zwi\u0119kszaj\u0105 komfort u\u017cytkowania, a kompaktowy kszta\u0142t beczki sprawia, \u017ce konstrukcja idealnie wpisuje si\u0119 w ogrodow\u0105 przestrze\u0144. Dodatkowo drewno zapewnia doskona\u0142\u0105 izolacj\u0119, a jego naturalny wygl\u0105d komponuje si\u0119 z otoczeniem.<\/p>\n<p>Zach\u0119camy do zapoznania si\u0119 tak\u017ce z <a href=\"https:\/\/beczkazpaczki.pl\/?product_cat=sauny-beczki&amp;v=288404204e3d\">innymi modelami saun ogrodowych<\/a> oraz <a href=\"https:\/\/beczkazpaczki.pl\/?product_cat=wyposazenie&amp;v=288404204e3d\">piecami do sauny<\/a>, kt\u00f3re znajdziesz w naszej ofercie. Je\u015bli chcesz dowiedzie\u0107 si\u0119 wi\u0119cej o korzy\u015bciach z saunowania, zajrzyj do <a href=\"https:\/\/beczkazpaczki.pl\/?p=2813&amp;v=288404204e3d\" target=\"_blank\" rel=\"noopener\">poradnika o saunach<\/a>.<\/p>\n<\/section>\n<\/article>\n<p>&nbsp;<\/p>\n","protected":false},"excerpt":{"rendered":"<p>&nbsp; Sauna Beczka 200&#215;350 cm z przedsionkiem i przebieralni\u0105 \u2013 elegancka sauna ogrodowa Opis produktu Sauna Beczka 200&#215;350 cm z przedsionkiem i przebieralni\u0105 to idealne rozwi\u0105zanie dla os\u00f3b, kt\u00f3re ceni\u0105 komfort oraz nowoczesny design. Dzi\u0119ki \u015brednicy 200 cm i d\u0142ugo\u015bci 350 cm, z czego 220 cm stanowi cz\u0119\u015b\u0107 saunow\u0105, 80 cm to przebieralnia, a 50&#8230;<\/p>\n","protected":false},"featured_media":2900,"comment_status":"open","ping_status":"closed","template":"","meta":{"_monsterinsights_skip_tracking":false,"_monsterinsights_sitenote_active":false,"_monsterinsights_sitenote_note":"","_monsterinsights_sitenote_category":0,"_kadence_starter_templates_imported_post":false,"_kad_post_transparent":"default","_kad_post_title":"","_kad_post_layout":"default","_kad_post_sidebar_id":"","_kad_post_content_style":"default","_kad_post_vertical_padding":"default","_kad_post_feature":"","_kad_post_feature_position":"","_kad_post_header":false,"_kad_post_footer":false},"product_brand":[],"product_cat":[50],"product_tag":[],"class_list":{"0":"post-2603","1":"product","2":"type-product","3":"status-publish","4":"has-post-thumbnail","6":"product_cat-sauny-beczki","7":"product_shipping_class-duza","9":"first","10":"instock","11":"shipping-taxable","12":"purchasable","13":"product-type-variable","14":"entry","15":"content-bg","16":"loop-entry","17":"rtwpvg-product"},"acf":[],"yoast_head":"<!-- This site is optimized with the Yoast SEO plugin v24.9 - https:\/\/yoast.com\/wordpress\/plugins\/seo\/ -->\n<title>Sauna Beczka 200x350 cm z przedsionkiem i przebieralni\u0105 -<\/title>\n<meta name=\"description\" content=\"Sauna Beczka 200x350 cm z przedsionkiem i przebieralni\u0105 to przestronna sauna ogrodowa dla 6 os\u00f3b. Zawiera kompletny zestaw monta\u017cowy.\" \/>\n<meta name=\"robots\" content=\"index, follow, max-snippet:-1, max-image-preview:large, max-video-preview:-1\" \/>\n<link rel=\"canonical\" href=\"https:\/\/beczkazpaczki.pl\/?product=sauna-beczka-200x350-cm\" \/>\n<meta property=\"og:locale\" content=\"pl_PL\" \/>\n<meta property=\"og:type\" content=\"article\" \/>\n<meta property=\"og:title\" content=\"Sauna Beczka 200x350 cm z przedsionkiem i przebieralni\u0105 -\" \/>\n<meta property=\"og:description\" content=\"Sauna Beczka 200x350 cm z przedsionkiem i przebieralni\u0105 to przestronna sauna ogrodowa dla 6 os\u00f3b. Zawiera kompletny zestaw monta\u017cowy.\" \/>\n<meta property=\"og:url\" content=\"https:\/\/beczkazpaczki.pl\/?product=sauna-beczka-200x350-cm\" \/>\n<meta property=\"article:publisher\" content=\"https:\/\/www.facebook.com\/twojabeczkaogrodowa\" \/>\n<meta property=\"article:modified_time\" content=\"2026-01-15T11:40:07+00:00\" \/>\n<meta property=\"og:image\" content=\"https:\/\/beczkazpaczki.pl\/wp-content\/uploads\/2025\/04\/glowne-sauna-350-p-p-1024x1024.jpg\" \/>\n\t<meta property=\"og:image:width\" content=\"1024\" \/>\n\t<meta property=\"og:image:height\" content=\"1024\" \/>\n\t<meta property=\"og:image:type\" content=\"image\/jpeg\" \/>\n<meta name=\"twitter:card\" content=\"summary_large_image\" \/>\n<meta name=\"twitter:label1\" content=\"Szacowany czas czytania\" \/>\n\t<meta name=\"twitter:data1\" content=\"3 minuty\" \/>\n<script type=\"application\/ld+json\" class=\"yoast-schema-graph\">{\"@context\":\"https:\/\/schema.org\",\"@graph\":[{\"@type\":\"WebPage\",\"@id\":\"https:\/\/beczkazpaczki.pl\/?product=sauna-beczka-200x350-cm\",\"url\":\"https:\/\/beczkazpaczki.pl\/?product=sauna-beczka-200x350-cm\",\"name\":\"Sauna Beczka 200x350 cm z przedsionkiem i przebieralni\u0105 -\",\"isPartOf\":{\"@id\":\"https:\/\/beczkazpaczki.pl\/#website\"},\"primaryImageOfPage\":{\"@id\":\"https:\/\/beczkazpaczki.pl\/?product=sauna-beczka-200x350-cm#primaryimage\"},\"image\":{\"@id\":\"https:\/\/beczkazpaczki.pl\/?product=sauna-beczka-200x350-cm#primaryimage\"},\"thumbnailUrl\":\"https:\/\/beczkazpaczki.pl\/wp-content\/uploads\/2025\/04\/glowne-sauna-350-p-p.jpg\",\"datePublished\":\"2025-04-12T15:15:53+00:00\",\"dateModified\":\"2026-01-15T11:40:07+00:00\",\"description\":\"Sauna Beczka 200x350 cm z przedsionkiem i przebieralni\u0105 to przestronna sauna ogrodowa dla 6 os\u00f3b. Zawiera kompletny zestaw monta\u017cowy.\",\"breadcrumb\":{\"@id\":\"https:\/\/beczkazpaczki.pl\/?product=sauna-beczka-200x350-cm#breadcrumb\"},\"inLanguage\":\"pl-PL\",\"potentialAction\":[{\"@type\":\"ReadAction\",\"target\":[\"https:\/\/beczkazpaczki.pl\/?product=sauna-beczka-200x350-cm\"]}]},{\"@type\":\"ImageObject\",\"inLanguage\":\"pl-PL\",\"@id\":\"https:\/\/beczkazpaczki.pl\/?product=sauna-beczka-200x350-cm#primaryimage\",\"url\":\"https:\/\/beczkazpaczki.pl\/wp-content\/uploads\/2025\/04\/glowne-sauna-350-p-p.jpg\",\"contentUrl\":\"https:\/\/beczkazpaczki.pl\/wp-content\/uploads\/2025\/04\/glowne-sauna-350-p-p.jpg\",\"width\":2514,\"height\":2514,\"caption\":\"glowne-sauna-350-p-p\"},{\"@type\":\"BreadcrumbList\",\"@id\":\"https:\/\/beczkazpaczki.pl\/?product=sauna-beczka-200x350-cm#breadcrumb\",\"itemListElement\":[{\"@type\":\"ListItem\",\"position\":1,\"name\":\"Strona g\u0142\u00f3wna\",\"item\":\"https:\/\/beczkazpaczki.pl\/\"},{\"@type\":\"ListItem\",\"position\":2,\"name\":\"Zam\u00f3w teraz\",\"item\":\"https:\/\/beczkazpaczki.pl\/?page_id=1954\"},{\"@type\":\"ListItem\",\"position\":3,\"name\":\"Sauna Beczka 200&#215;350 cm z przedsionkiem i przebieralni\u0105\"}]},{\"@type\":\"WebSite\",\"@id\":\"https:\/\/beczkazpaczki.pl\/#website\",\"url\":\"https:\/\/beczkazpaczki.pl\/\",\"name\":\"Beczka z paczki\",\"description\":\"Sauny i akcesoria\",\"publisher\":{\"@id\":\"https:\/\/beczkazpaczki.pl\/#organization\"},\"potentialAction\":[{\"@type\":\"SearchAction\",\"target\":{\"@type\":\"EntryPoint\",\"urlTemplate\":\"https:\/\/beczkazpaczki.pl\/?s={search_term_string}\"},\"query-input\":{\"@type\":\"PropertyValueSpecification\",\"valueRequired\":true,\"valueName\":\"search_term_string\"}}],\"inLanguage\":\"pl-PL\"},{\"@type\":\"Organization\",\"@id\":\"https:\/\/beczkazpaczki.pl\/#organization\",\"name\":\"Beczka z paczki\",\"url\":\"https:\/\/beczkazpaczki.pl\/\",\"logo\":{\"@type\":\"ImageObject\",\"inLanguage\":\"pl-PL\",\"@id\":\"https:\/\/beczkazpaczki.pl\/#\/schema\/logo\/image\/\",\"url\":\"https:\/\/beczkazpaczki.pl\/wp-content\/uploads\/2025\/04\/cropped-Logo_Beczka-z-paczki_Black.png\",\"contentUrl\":\"https:\/\/beczkazpaczki.pl\/wp-content\/uploads\/2025\/04\/cropped-Logo_Beczka-z-paczki_Black.png\",\"width\":6402,\"height\":1569,\"caption\":\"Beczka z paczki\"},\"image\":{\"@id\":\"https:\/\/beczkazpaczki.pl\/#\/schema\/logo\/image\/\"},\"sameAs\":[\"https:\/\/www.facebook.com\/twojabeczkaogrodowa\"]}]}<\/script>\n<!-- \/ Yoast SEO plugin. -->","yoast_head_json":{"title":"Sauna Beczka 200x350 cm z przedsionkiem i przebieralni\u0105 -","description":"Sauna Beczka 200x350 cm z przedsionkiem i przebieralni\u0105 to przestronna sauna ogrodowa dla 6 os\u00f3b. Zawiera kompletny zestaw monta\u017cowy.","robots":{"index":"index","follow":"follow","max-snippet":"max-snippet:-1","max-image-preview":"max-image-preview:large","max-video-preview":"max-video-preview:-1"},"canonical":"https:\/\/beczkazpaczki.pl\/?product=sauna-beczka-200x350-cm","og_locale":"pl_PL","og_type":"article","og_title":"Sauna Beczka 200x350 cm z przedsionkiem i przebieralni\u0105 -","og_description":"Sauna Beczka 200x350 cm z przedsionkiem i przebieralni\u0105 to przestronna sauna ogrodowa dla 6 os\u00f3b. Zawiera kompletny zestaw monta\u017cowy.","og_url":"https:\/\/beczkazpaczki.pl\/?product=sauna-beczka-200x350-cm","article_publisher":"https:\/\/www.facebook.com\/twojabeczkaogrodowa","article_modified_time":"2026-01-15T11:40:07+00:00","og_image":[{"width":1024,"height":1024,"url":"https:\/\/beczkazpaczki.pl\/wp-content\/uploads\/2025\/04\/glowne-sauna-350-p-p-1024x1024.jpg","type":"image\/jpeg"}],"twitter_card":"summary_large_image","twitter_misc":{"Szacowany czas czytania":"3 minuty"},"schema":{"@context":"https:\/\/schema.org","@graph":[{"@type":"WebPage","@id":"https:\/\/beczkazpaczki.pl\/?product=sauna-beczka-200x350-cm","url":"https:\/\/beczkazpaczki.pl\/?product=sauna-beczka-200x350-cm","name":"Sauna Beczka 200x350 cm z przedsionkiem i przebieralni\u0105 -","isPartOf":{"@id":"https:\/\/beczkazpaczki.pl\/#website"},"primaryImageOfPage":{"@id":"https:\/\/beczkazpaczki.pl\/?product=sauna-beczka-200x350-cm#primaryimage"},"image":{"@id":"https:\/\/beczkazpaczki.pl\/?product=sauna-beczka-200x350-cm#primaryimage"},"thumbnailUrl":"https:\/\/beczkazpaczki.pl\/wp-content\/uploads\/2025\/04\/glowne-sauna-350-p-p.jpg","datePublished":"2025-04-12T15:15:53+00:00","dateModified":"2026-01-15T11:40:07+00:00","description":"Sauna Beczka 200x350 cm z przedsionkiem i przebieralni\u0105 to przestronna sauna ogrodowa dla 6 os\u00f3b. Zawiera kompletny zestaw monta\u017cowy.","breadcrumb":{"@id":"https:\/\/beczkazpaczki.pl\/?product=sauna-beczka-200x350-cm#breadcrumb"},"inLanguage":"pl-PL","potentialAction":[{"@type":"ReadAction","target":["https:\/\/beczkazpaczki.pl\/?product=sauna-beczka-200x350-cm"]}]},{"@type":"ImageObject","inLanguage":"pl-PL","@id":"https:\/\/beczkazpaczki.pl\/?product=sauna-beczka-200x350-cm#primaryimage","url":"https:\/\/beczkazpaczki.pl\/wp-content\/uploads\/2025\/04\/glowne-sauna-350-p-p.jpg","contentUrl":"https:\/\/beczkazpaczki.pl\/wp-content\/uploads\/2025\/04\/glowne-sauna-350-p-p.jpg","width":2514,"height":2514,"caption":"glowne-sauna-350-p-p"},{"@type":"BreadcrumbList","@id":"https:\/\/beczkazpaczki.pl\/?product=sauna-beczka-200x350-cm#breadcrumb","itemListElement":[{"@type":"ListItem","position":1,"name":"Strona g\u0142\u00f3wna","item":"https:\/\/beczkazpaczki.pl\/"},{"@type":"ListItem","position":2,"name":"Zam\u00f3w teraz","item":"https:\/\/beczkazpaczki.pl\/?page_id=1954"},{"@type":"ListItem","position":3,"name":"Sauna Beczka 200&#215;350 cm z przedsionkiem i przebieralni\u0105"}]},{"@type":"WebSite","@id":"https:\/\/beczkazpaczki.pl\/#website","url":"https:\/\/beczkazpaczki.pl\/","name":"Beczka z paczki","description":"Sauny i akcesoria","publisher":{"@id":"https:\/\/beczkazpaczki.pl\/#organization"},"potentialAction":[{"@type":"SearchAction","target":{"@type":"EntryPoint","urlTemplate":"https:\/\/beczkazpaczki.pl\/?s={search_term_string}"},"query-input":{"@type":"PropertyValueSpecification","valueRequired":true,"valueName":"search_term_string"}}],"inLanguage":"pl-PL"},{"@type":"Organization","@id":"https:\/\/beczkazpaczki.pl\/#organization","name":"Beczka z paczki","url":"https:\/\/beczkazpaczki.pl\/","logo":{"@type":"ImageObject","inLanguage":"pl-PL","@id":"https:\/\/beczkazpaczki.pl\/#\/schema\/logo\/image\/","url":"https:\/\/beczkazpaczki.pl\/wp-content\/uploads\/2025\/04\/cropped-Logo_Beczka-z-paczki_Black.png","contentUrl":"https:\/\/beczkazpaczki.pl\/wp-content\/uploads\/2025\/04\/cropped-Logo_Beczka-z-paczki_Black.png","width":6402,"height":1569,"caption":"Beczka z paczki"},"image":{"@id":"https:\/\/beczkazpaczki.pl\/#\/schema\/logo\/image\/"},"sameAs":["https:\/\/www.facebook.com\/twojabeczkaogrodowa"]}]}},"_links":{"self":[{"href":"https:\/\/beczkazpaczki.pl\/index.php?rest_route=\/wp\/v2\/product\/2603","targetHints":{"allow":["GET"]}}],"collection":[{"href":"https:\/\/beczkazpaczki.pl\/index.php?rest_route=\/wp\/v2\/product"}],"about":[{"href":"https:\/\/beczkazpaczki.pl\/index.php?rest_route=\/wp\/v2\/types\/product"}],"replies":[{"embeddable":true,"href":"https:\/\/beczkazpaczki.pl\/index.php?rest_route=%2Fwp%2Fv2%2Fcomments&post=2603"}],"wp:featuredmedia":[{"embeddable":true,"href":"https:\/\/beczkazpaczki.pl\/index.php?rest_route=\/wp\/v2\/media\/2900"}],"wp:attachment":[{"href":"https:\/\/beczkazpaczki.pl\/index.php?rest_route=%2Fwp%2Fv2%2Fmedia&parent=2603"}],"wp:term":[{"taxonomy":"product_brand","embeddable":true,"href":"https:\/\/beczkazpaczki.pl\/index.php?rest_route=%2Fwp%2Fv2%2Fproduct_brand&post=2603"},{"taxonomy":"product_cat","embeddable":true,"href":"https:\/\/beczkazpaczki.pl\/index.php?rest_route=%2Fwp%2Fv2%2Fproduct_cat&post=2603"},{"taxonomy":"product_tag","embeddable":true,"href":"https:\/\/beczkazpaczki.pl\/index.php?rest_route=%2Fwp%2Fv2%2Fproduct_tag&post=2603"}],"curies":[{"name":"wp","href":"https:\/\/api.w.org\/{rel}","templated":true}]}}