{"id":2650,"date":"2025-04-13T10:26:04","date_gmt":"2025-04-13T08:26:04","guid":{"rendered":"https:\/\/beczkazpaczki.pl\/?post_type=product&#038;p=2650"},"modified":"2026-04-17T09:21:55","modified_gmt":"2026-04-17T07:21:55","slug":"sauna-quadro-200x200","status":"publish","type":"product","link":"https:\/\/beczkazpaczki.pl\/?product=sauna-quadro-200x200","title":{"rendered":"Sauna QUADRO 200&#215;200 cm Premium"},"content":{"rendered":"<p>&nbsp;<\/p>\n<article>\n<header>\n<h1>Sauna Quadro 200\u00d7200 Premium &#8211; sauna ogrodowa z drewna \u015bwierkowego<\/h1>\n<\/header>\n<section><strong>Sauna Quadro Premium 200\u00d7200<\/strong> to luksusowa sauna ogrodowa, kt\u00f3ra zosta\u0142a wykonana z naturalnego drewna \u015bwierkowego klasy C24. Dzi\u0119ki zastosowaniu solidnych materia\u0142\u00f3w oraz przemy\u015blanej konstrukcji, sauna zapewnia nie tylko trwa\u0142o\u015b\u0107, ale r\u00f3wnie\u017c wysoki komfort u\u017cytkowania. Kompaktowy rozmiar 200 \u00d7 200 cm sprawia, \u017ce sauna doskonale pasuje zar\u00f3wno do ogrodu przy domu, jak i na dzia\u0142k\u0119 rekreacyjn\u0105. Co wi\u0119cej, ca\u0142o\u015b\u0107 dostarczana jest w formie zestawu do samodzielnego monta\u017cu, dlatego nie musisz zatrudnia\u0107 fachowc\u00f3w. W zestawie do samodzielnego monta\u017cu znajdziesz wszystkie elementy potrzebne do z\u0142o\u017cenia kompletnej sauny, a tak\u017ce czyteln\u0105 instrukcj\u0119, dzi\u0119ki kt\u00f3rej monta\u017c przebiegnie sprawnie. Ca\u0142o\u015b\u0107 zosta\u0142a zaprojektowana z my\u015bl\u0105 o wygodzie i funkcjonalno\u015bci, dlatego ka\u017cdy element idealnie do siebie pasuje. Model Premium posiada drzwi z boku frontowej \u015bciany oraz \u0142awki pi\u0119trowe na tylnej \u015bcianie. Piec w tej saunie montuje si\u0119 z boku przy frontowej \u015bcianie.<\/p>\n<h3>Elementy w zestawie:<\/h3>\n<ul>\n<li>baliki na \u015bciany,<\/li>\n<li>deska startowa i zaka\u0144czaj\u0105ca,<\/li>\n<li>\u015bciana przednia i tylna,<\/li>\n<li>obejmy ze stali nierdzewnej,<\/li>\n<li>zestawy \u015brub i wkr\u0119t\u00f3w,<\/li>\n<li>kratownica na podstaw\u0119,<\/li>\n<li>materia\u0142 na \u0142aweczki pi\u0119trowe,<\/li>\n<li>materia\u0142 na pod\u0142og\u0119,<\/li>\n<li>drzwi szklane ze szk\u0142a hartowanego 8 mm (z o\u015bcie\u017cnic\u0105, zawiasami, uszczelk\u0105 i ga\u0142k\u0105),<\/li>\n<li>membrana,<\/li>\n<li>gont bitumiczny,<\/li>\n<li>czytelna instrukcja monta\u017cu.<\/li>\n<\/ul>\n<p>\u015aciany przednia i tylna dostarczane s\u0105 w dw\u00f3ch po\u0142\u00f3wkach. W \u015bcianie przedniej wykonany jest otw\u00f3r pod monta\u017c drzwi.<\/p>\n<\/section>\n<section>\n<h2>Specyfikacja<\/h2>\n<\/section>\n<ul>\n<li>szeroko\u015b\u0107 200 cm,<\/li>\n<li>wysoko\u015b\u0107 210 cm,<\/li>\n<li>d\u0142ugo\u015b\u0107 200 cm,<\/li>\n<li>szeroko\u015b\u0107 \u0142awek wewn\u0105trz: 180 cm<\/li>\n<li>konstrukcja z balika o grubo\u015bci 45mm.<\/li>\n<\/ul>\n<section><strong>Czas realizacji zam\u00f3wienia:<\/strong> 1\u20132 tygodnie, co oznacza, \u017ce ju\u017c wkr\u00f3tce mo\u017cesz cieszy\u0107 si\u0119 w\u0142asn\u0105 stref\u0105 relaksu.<\/section>\n<section>\n<h2>Wa\u017cne informacje<\/h2>\n<p>W tym modelu z uwagi na konstrukcj\u0119 \u0142awek dedykowanym piecem jest piec elektryczny. Je\u017celi masz troch\u0119 zdolno\u015bci technicznych mo\u017cesz zamontowa\u0107 w tym modelu piec na drewno, jednak b\u0119dziesz sam musia\u0142 wyci\u0105\u0107 otw\u00f3r na piec.<\/p>\n<h2>Dlaczego warto?<\/h2>\n<p>Sauna Quadro 200\u00d7200 to po\u0142\u0105czenie jako\u015bci, stylu i wygody. Co wa\u017cne, konstrukcja oparta jest na trwa\u0142ych materia\u0142ach, dzi\u0119ki czemu b\u0119dzie s\u0142u\u017cy\u0107 przez wiele lat. Dodatkowo, drzwi z hartowanego szk\u0142a dodaj\u0105 elegancji i poprawiaj\u0105 do\u015bwietlenie wn\u0119trza.<\/p>\n<p>Regularne korzystanie z sauny wspiera odporno\u015b\u0107 i poprawia kr\u0105\u017cenie, a tak\u017ce pomaga si\u0119 zrelaksowa\u0107 po intensywnym dniu. Z tego wzgl\u0119du warto postawi\u0107 na model, kt\u00f3ry \u0142\u0105czy komfort z funkcjonalno\u015bci\u0105.<\/p>\n<p>Je\u015bli szukasz alternatywnych modeli, sprawd\u017a nasz\u0105 <a href=\"https:\/\/beczkazpaczki.pl\/?post_type=product&amp;v=288404204e3d\">pe\u0142n\u0105 ofert\u0119 saun ogrodowych<\/a>. Dobierz tak\u017ce idealny <a href=\"https:\/\/beczkazpaczki.pl\/?product=piec-elektryczny-harvia-pc90&amp;v=288404204e3d\">piec do sauny<\/a>, kt\u00f3ry zapewni optymaln\u0105 temperatur\u0119 i efektywno\u015b\u0107.<\/p>\n<p>Dowiedz si\u0119 wi\u0119cej o zdrowotnych korzy\u015bciach saunowania \u2013 zapoznaj si\u0119 z <a href=\"https:\/\/beczkazpaczki.pl\/?p=2811&amp;v=288404204e3d\" target=\"_blank\" rel=\"noopener\">poradnikiem korzystania z sauny<\/a>.<\/p>\n<\/section>\n<\/article>\n<p>&nbsp;<\/p>\n","protected":false},"excerpt":{"rendered":"<p>&nbsp; Sauna Quadro 200\u00d7200 Premium &#8211; sauna ogrodowa z drewna \u015bwierkowego Sauna Quadro Premium 200\u00d7200 to luksusowa sauna ogrodowa, kt\u00f3ra zosta\u0142a wykonana z naturalnego drewna \u015bwierkowego klasy C24. Dzi\u0119ki zastosowaniu solidnych materia\u0142\u00f3w oraz przemy\u015blanej konstrukcji, sauna zapewnia nie tylko trwa\u0142o\u015b\u0107, ale r\u00f3wnie\u017c wysoki komfort u\u017cytkowania. Kompaktowy rozmiar 200 \u00d7 200 cm sprawia, \u017ce sauna doskonale&#8230;<\/p>\n","protected":false},"featured_media":2669,"comment_status":"open","ping_status":"closed","template":"","meta":{"_monsterinsights_skip_tracking":false,"_monsterinsights_sitenote_active":false,"_monsterinsights_sitenote_note":"","_monsterinsights_sitenote_category":0,"_kadence_starter_templates_imported_post":false,"_kad_post_transparent":"default","_kad_post_title":"","_kad_post_layout":"default","_kad_post_sidebar_id":"","_kad_post_content_style":"default","_kad_post_vertical_padding":"default","_kad_post_feature":"","_kad_post_feature_position":"","_kad_post_header":false,"_kad_post_footer":false},"product_brand":[],"product_cat":[51],"product_tag":[],"class_list":{"0":"post-2650","1":"product","2":"type-product","3":"status-publish","4":"has-post-thumbnail","6":"product_cat-sauny-quadro","7":"product_shipping_class-mala","9":"first","10":"instock","11":"shipping-taxable","12":"purchasable","13":"product-type-variable","14":"entry","15":"content-bg","16":"loop-entry","17":"rtwpvg-product"},"acf":[],"yoast_head":"<!-- This site is optimized with the Yoast SEO plugin v24.9 - https:\/\/yoast.com\/wordpress\/plugins\/seo\/ -->\n<title>Sauna QUADRO 200x200 cm Premium -<\/title>\n<meta name=\"description\" content=\"Sauna Quadro 200x200 cm to kompletna sauna ogrodowa z drewna \u015bwierkowego C24. Prosty monta\u017c, solidna konstrukcja i elegancki wygl\u0105d.\" \/>\n<meta name=\"robots\" content=\"index, follow, max-snippet:-1, max-image-preview:large, max-video-preview:-1\" \/>\n<link rel=\"canonical\" href=\"https:\/\/beczkazpaczki.pl\/?product=sauna-quadro-200x200\" \/>\n<meta property=\"og:locale\" content=\"pl_PL\" \/>\n<meta property=\"og:type\" content=\"article\" \/>\n<meta property=\"og:title\" content=\"Sauna QUADRO 200x200 cm Premium -\" \/>\n<meta property=\"og:description\" content=\"Sauna Quadro 200x200 cm to kompletna sauna ogrodowa z drewna \u015bwierkowego C24. Prosty monta\u017c, solidna konstrukcja i elegancki wygl\u0105d.\" \/>\n<meta property=\"og:url\" content=\"https:\/\/beczkazpaczki.pl\/?product=sauna-quadro-200x200\" \/>\n<meta property=\"article:publisher\" content=\"https:\/\/www.facebook.com\/twojabeczkaogrodowa\" \/>\n<meta property=\"article:modified_time\" content=\"2026-04-17T07:21:55+00:00\" \/>\n<meta property=\"og:image\" content=\"https:\/\/beczkazpaczki.pl\/wp-content\/uploads\/2025\/04\/IMG_74012.jpg\" \/>\n\t<meta property=\"og:image:width\" content=\"1536\" \/>\n\t<meta property=\"og:image:height\" content=\"1536\" \/>\n\t<meta property=\"og:image:type\" content=\"image\/jpeg\" \/>\n<meta name=\"twitter:card\" content=\"summary_large_image\" \/>\n<meta name=\"twitter:label1\" content=\"Szacowany czas czytania\" \/>\n\t<meta name=\"twitter:data1\" content=\"3 minuty\" \/>\n<script type=\"application\/ld+json\" class=\"yoast-schema-graph\">{\"@context\":\"https:\/\/schema.org\",\"@graph\":[{\"@type\":\"WebPage\",\"@id\":\"https:\/\/beczkazpaczki.pl\/?product=sauna-quadro-200x200\",\"url\":\"https:\/\/beczkazpaczki.pl\/?product=sauna-quadro-200x200\",\"name\":\"Sauna QUADRO 200x200 cm Premium -\",\"isPartOf\":{\"@id\":\"https:\/\/beczkazpaczki.pl\/#website\"},\"primaryImageOfPage\":{\"@id\":\"https:\/\/beczkazpaczki.pl\/?product=sauna-quadro-200x200#primaryimage\"},\"image\":{\"@id\":\"https:\/\/beczkazpaczki.pl\/?product=sauna-quadro-200x200#primaryimage\"},\"thumbnailUrl\":\"https:\/\/beczkazpaczki.pl\/wp-content\/uploads\/2025\/04\/IMG_74012.jpg\",\"datePublished\":\"2025-04-13T08:26:04+00:00\",\"dateModified\":\"2026-04-17T07:21:55+00:00\",\"description\":\"Sauna Quadro 200x200 cm to kompletna sauna ogrodowa z drewna \u015bwierkowego C24. Prosty monta\u017c, solidna konstrukcja i elegancki wygl\u0105d.\",\"breadcrumb\":{\"@id\":\"https:\/\/beczkazpaczki.pl\/?product=sauna-quadro-200x200#breadcrumb\"},\"inLanguage\":\"pl-PL\",\"potentialAction\":[{\"@type\":\"ReadAction\",\"target\":[\"https:\/\/beczkazpaczki.pl\/?product=sauna-quadro-200x200\"]}]},{\"@type\":\"ImageObject\",\"inLanguage\":\"pl-PL\",\"@id\":\"https:\/\/beczkazpaczki.pl\/?product=sauna-quadro-200x200#primaryimage\",\"url\":\"https:\/\/beczkazpaczki.pl\/wp-content\/uploads\/2025\/04\/IMG_74012.jpg\",\"contentUrl\":\"https:\/\/beczkazpaczki.pl\/wp-content\/uploads\/2025\/04\/IMG_74012.jpg\",\"width\":1536,\"height\":1536},{\"@type\":\"BreadcrumbList\",\"@id\":\"https:\/\/beczkazpaczki.pl\/?product=sauna-quadro-200x200#breadcrumb\",\"itemListElement\":[{\"@type\":\"ListItem\",\"position\":1,\"name\":\"Strona g\u0142\u00f3wna\",\"item\":\"https:\/\/beczkazpaczki.pl\/\"},{\"@type\":\"ListItem\",\"position\":2,\"name\":\"Zam\u00f3w teraz\",\"item\":\"https:\/\/beczkazpaczki.pl\/?page_id=1954\"},{\"@type\":\"ListItem\",\"position\":3,\"name\":\"Sauna QUADRO 200&#215;200 cm Premium\"}]},{\"@type\":\"WebSite\",\"@id\":\"https:\/\/beczkazpaczki.pl\/#website\",\"url\":\"https:\/\/beczkazpaczki.pl\/\",\"name\":\"Beczka z paczki\",\"description\":\"Sauny i akcesoria\",\"publisher\":{\"@id\":\"https:\/\/beczkazpaczki.pl\/#organization\"},\"potentialAction\":[{\"@type\":\"SearchAction\",\"target\":{\"@type\":\"EntryPoint\",\"urlTemplate\":\"https:\/\/beczkazpaczki.pl\/?s={search_term_string}\"},\"query-input\":{\"@type\":\"PropertyValueSpecification\",\"valueRequired\":true,\"valueName\":\"search_term_string\"}}],\"inLanguage\":\"pl-PL\"},{\"@type\":\"Organization\",\"@id\":\"https:\/\/beczkazpaczki.pl\/#organization\",\"name\":\"Beczka z paczki\",\"url\":\"https:\/\/beczkazpaczki.pl\/\",\"logo\":{\"@type\":\"ImageObject\",\"inLanguage\":\"pl-PL\",\"@id\":\"https:\/\/beczkazpaczki.pl\/#\/schema\/logo\/image\/\",\"url\":\"https:\/\/beczkazpaczki.pl\/wp-content\/uploads\/2025\/04\/cropped-Logo_Beczka-z-paczki_Black.png\",\"contentUrl\":\"https:\/\/beczkazpaczki.pl\/wp-content\/uploads\/2025\/04\/cropped-Logo_Beczka-z-paczki_Black.png\",\"width\":6402,\"height\":1569,\"caption\":\"Beczka z paczki\"},\"image\":{\"@id\":\"https:\/\/beczkazpaczki.pl\/#\/schema\/logo\/image\/\"},\"sameAs\":[\"https:\/\/www.facebook.com\/twojabeczkaogrodowa\"]}]}<\/script>\n<!-- \/ Yoast SEO plugin. -->","yoast_head_json":{"title":"Sauna QUADRO 200x200 cm Premium -","description":"Sauna Quadro 200x200 cm to kompletna sauna ogrodowa z drewna \u015bwierkowego C24. Prosty monta\u017c, solidna konstrukcja i elegancki wygl\u0105d.","robots":{"index":"index","follow":"follow","max-snippet":"max-snippet:-1","max-image-preview":"max-image-preview:large","max-video-preview":"max-video-preview:-1"},"canonical":"https:\/\/beczkazpaczki.pl\/?product=sauna-quadro-200x200","og_locale":"pl_PL","og_type":"article","og_title":"Sauna QUADRO 200x200 cm Premium -","og_description":"Sauna Quadro 200x200 cm to kompletna sauna ogrodowa z drewna \u015bwierkowego C24. Prosty monta\u017c, solidna konstrukcja i elegancki wygl\u0105d.","og_url":"https:\/\/beczkazpaczki.pl\/?product=sauna-quadro-200x200","article_publisher":"https:\/\/www.facebook.com\/twojabeczkaogrodowa","article_modified_time":"2026-04-17T07:21:55+00:00","og_image":[{"width":1536,"height":1536,"url":"https:\/\/beczkazpaczki.pl\/wp-content\/uploads\/2025\/04\/IMG_74012.jpg","type":"image\/jpeg"}],"twitter_card":"summary_large_image","twitter_misc":{"Szacowany czas czytania":"3 minuty"},"schema":{"@context":"https:\/\/schema.org","@graph":[{"@type":"WebPage","@id":"https:\/\/beczkazpaczki.pl\/?product=sauna-quadro-200x200","url":"https:\/\/beczkazpaczki.pl\/?product=sauna-quadro-200x200","name":"Sauna QUADRO 200x200 cm Premium -","isPartOf":{"@id":"https:\/\/beczkazpaczki.pl\/#website"},"primaryImageOfPage":{"@id":"https:\/\/beczkazpaczki.pl\/?product=sauna-quadro-200x200#primaryimage"},"image":{"@id":"https:\/\/beczkazpaczki.pl\/?product=sauna-quadro-200x200#primaryimage"},"thumbnailUrl":"https:\/\/beczkazpaczki.pl\/wp-content\/uploads\/2025\/04\/IMG_74012.jpg","datePublished":"2025-04-13T08:26:04+00:00","dateModified":"2026-04-17T07:21:55+00:00","description":"Sauna Quadro 200x200 cm to kompletna sauna ogrodowa z drewna \u015bwierkowego C24. Prosty monta\u017c, solidna konstrukcja i elegancki wygl\u0105d.","breadcrumb":{"@id":"https:\/\/beczkazpaczki.pl\/?product=sauna-quadro-200x200#breadcrumb"},"inLanguage":"pl-PL","potentialAction":[{"@type":"ReadAction","target":["https:\/\/beczkazpaczki.pl\/?product=sauna-quadro-200x200"]}]},{"@type":"ImageObject","inLanguage":"pl-PL","@id":"https:\/\/beczkazpaczki.pl\/?product=sauna-quadro-200x200#primaryimage","url":"https:\/\/beczkazpaczki.pl\/wp-content\/uploads\/2025\/04\/IMG_74012.jpg","contentUrl":"https:\/\/beczkazpaczki.pl\/wp-content\/uploads\/2025\/04\/IMG_74012.jpg","width":1536,"height":1536},{"@type":"BreadcrumbList","@id":"https:\/\/beczkazpaczki.pl\/?product=sauna-quadro-200x200#breadcrumb","itemListElement":[{"@type":"ListItem","position":1,"name":"Strona g\u0142\u00f3wna","item":"https:\/\/beczkazpaczki.pl\/"},{"@type":"ListItem","position":2,"name":"Zam\u00f3w teraz","item":"https:\/\/beczkazpaczki.pl\/?page_id=1954"},{"@type":"ListItem","position":3,"name":"Sauna QUADRO 200&#215;200 cm Premium"}]},{"@type":"WebSite","@id":"https:\/\/beczkazpaczki.pl\/#website","url":"https:\/\/beczkazpaczki.pl\/","name":"Beczka z paczki","description":"Sauny i akcesoria","publisher":{"@id":"https:\/\/beczkazpaczki.pl\/#organization"},"potentialAction":[{"@type":"SearchAction","target":{"@type":"EntryPoint","urlTemplate":"https:\/\/beczkazpaczki.pl\/?s={search_term_string}"},"query-input":{"@type":"PropertyValueSpecification","valueRequired":true,"valueName":"search_term_string"}}],"inLanguage":"pl-PL"},{"@type":"Organization","@id":"https:\/\/beczkazpaczki.pl\/#organization","name":"Beczka z paczki","url":"https:\/\/beczkazpaczki.pl\/","logo":{"@type":"ImageObject","inLanguage":"pl-PL","@id":"https:\/\/beczkazpaczki.pl\/#\/schema\/logo\/image\/","url":"https:\/\/beczkazpaczki.pl\/wp-content\/uploads\/2025\/04\/cropped-Logo_Beczka-z-paczki_Black.png","contentUrl":"https:\/\/beczkazpaczki.pl\/wp-content\/uploads\/2025\/04\/cropped-Logo_Beczka-z-paczki_Black.png","width":6402,"height":1569,"caption":"Beczka z paczki"},"image":{"@id":"https:\/\/beczkazpaczki.pl\/#\/schema\/logo\/image\/"},"sameAs":["https:\/\/www.facebook.com\/twojabeczkaogrodowa"]}]}},"_links":{"self":[{"href":"https:\/\/beczkazpaczki.pl\/index.php?rest_route=\/wp\/v2\/product\/2650","targetHints":{"allow":["GET"]}}],"collection":[{"href":"https:\/\/beczkazpaczki.pl\/index.php?rest_route=\/wp\/v2\/product"}],"about":[{"href":"https:\/\/beczkazpaczki.pl\/index.php?rest_route=\/wp\/v2\/types\/product"}],"replies":[{"embeddable":true,"href":"https:\/\/beczkazpaczki.pl\/index.php?rest_route=%2Fwp%2Fv2%2Fcomments&post=2650"}],"wp:featuredmedia":[{"embeddable":true,"href":"https:\/\/beczkazpaczki.pl\/index.php?rest_route=\/wp\/v2\/media\/2669"}],"wp:attachment":[{"href":"https:\/\/beczkazpaczki.pl\/index.php?rest_route=%2Fwp%2Fv2%2Fmedia&parent=2650"}],"wp:term":[{"taxonomy":"product_brand","embeddable":true,"href":"https:\/\/beczkazpaczki.pl\/index.php?rest_route=%2Fwp%2Fv2%2Fproduct_brand&post=2650"},{"taxonomy":"product_cat","embeddable":true,"href":"https:\/\/beczkazpaczki.pl\/index.php?rest_route=%2Fwp%2Fv2%2Fproduct_cat&post=2650"},{"taxonomy":"product_tag","embeddable":true,"href":"https:\/\/beczkazpaczki.pl\/index.php?rest_route=%2Fwp%2Fv2%2Fproduct_tag&post=2650"}],"curies":[{"name":"wp","href":"https:\/\/api.w.org\/{rel}","templated":true}]}}