{"id":2678,"date":"2025-04-13T10:34:08","date_gmt":"2025-04-13T08:34:08","guid":{"rendered":"https:\/\/beczkazpaczki.pl\/?post_type=product&#038;p=2678"},"modified":"2026-01-15T12:52:45","modified_gmt":"2026-01-15T11:52:45","slug":"sauna-ogrodowa-quadro-200x250-cm","status":"publish","type":"product","link":"https:\/\/beczkazpaczki.pl\/?product=sauna-ogrodowa-quadro-200x250-cm","title":{"rendered":"Sauna QUADRO 200&#215;250 cm"},"content":{"rendered":"<div class=\"product-description\">\n<h1>Sauna Quadro 200&#215;250 cm \u2013 nowoczesna forma relaksu w Twoim ogrodzie<\/h1>\n<p><strong>Sauna Quadro 200&#215;250 cm<\/strong> to idealne rozwi\u0105zanie dla os\u00f3b, kt\u00f3re szukaj\u0105 po\u0142\u0105czenia nowoczesnego designu z tradycyjnymi w\u0142a\u015bciwo\u015bciami zdrowotnymi sauny. Dzi\u0119ki prostok\u0105tnemu kszta\u0142towi model ten nie tylko prezentuje si\u0119 elegancko, ale r\u00f3wnie\u017c zapewnia lepsze wykorzystanie przestrzeni wewn\u0119trznej.<\/p>\n<p>Sauna zosta\u0142a wykonana z wysokogatunkowego drewna, takiego jak \u015bwierk skandynawski lub jod\u0142a syberyjska. Poniewa\u017c drewno to cechuje si\u0119 \u015bwietn\u0105 izolacj\u0105, sauna doskonale utrzymuje ciep\u0142o nawet zim\u0105. Co wi\u0119cej, hartowane szk\u0142o w drzwiach o grubo\u015bci 8 mm nadaje ca\u0142o\u015bci eleganckiego wygl\u0105du, a jednocze\u015bnie zapewnia trwa\u0142o\u015b\u0107 i bezpiecze\u0144stwo u\u017cytkowania.<\/p>\n<p>Model Quadro 200&#215;250 cm pomie\u015bci 4\u20136 os\u00f3b, dlatego sprawdzi si\u0119 zar\u00f3wno dla rodzin, jak i grup przyjaci\u00f3\u0142. Regularne sesje saunowe poprawiaj\u0105 kr\u0105\u017cenie, zwi\u0119kszaj\u0105 odporno\u015b\u0107 i redukuj\u0105 stres. Chocia\u017c sauna ogrodowa to inwestycja, zwraca si\u0119 ona komfortem i zdrowiem domownik\u00f3w. Warto r\u00f3wnie\u017c wspomnie\u0107, \u017ce monta\u017c jest szybki i prosty \u2013 w zestawie znajduj\u0105 si\u0119 wszystkie potrzebne elementy.<\/p>\n<section>\n<h3>Elementy w zestawie:<\/h3>\n<ul>\n<li>baliki na \u015bciany,<\/li>\n<li>deska startowa i zaka\u0144czaj\u0105ca,<\/li>\n<li>\u015bciana frontowa i tylna,<\/li>\n<li>2 obejmy ze stali nierdzewnej,<\/li>\n<li>2 zestawy \u015brub do obejm,<\/li>\n<li>kratownica na podstaw\u0119,<\/li>\n<li>materia\u0142 na \u0142aweczki,<\/li>\n<li>materia\u0142 na pod\u0142og\u0119,<\/li>\n<li>drzwi szklane ze szk\u0142a hartowanego 8mm (w komplecie o\u015bcie\u017cnica, zawiasy, uszczelki, ga\u0142ka),<\/li>\n<li>membrana,<\/li>\n<li>gont bitumiczny,<\/li>\n<li>wkr\u0119ty,<\/li>\n<li>instrukcja monta\u017cu.<\/li>\n<\/ul>\n<p>\u015aciany przednia i tylna dostarczane s\u0105 w dw\u00f3ch po\u0142\u00f3wkach. W \u015bcianie przedniej wykonany jest otw\u00f3r pod monta\u017c drzwi. W przypadku zam\u00f3wienia pieca na drewno wraz z saun\u0105, w \u015bcianie tylnej przygotowany jest odpowiedni otw\u00f3r pod instalacj\u0119 pieca.<\/p>\n<\/section>\n<ul>\n<li>szeroko\u015b\u0107 200 cm,<\/li>\n<li>wysoko\u015b\u0107 210 cm,<\/li>\n<li>d\u0142ugo\u015b\u0107 250 cm,<\/li>\n<li>d\u0142ugo\u015b\u0107 \u0142awek wewn\u0105trz: 230 cm,<\/li>\n<li>konstrukcja z balika o grubo\u015bci 45mm.<\/li>\n<\/ul>\n<h2>Zalety sauny Quadro 200&#215;250 cm<\/h2>\n<ul>\n<li>\u2705 Nowoczesny, prostok\u0105tny kszta\u0142t<\/li>\n<li>\u2705 Wysokiej jako\u015bci naturalne drewno<\/li>\n<li>\u2705 Miejsce dla 6 os\u00f3b<\/li>\n<li>\u2705 Estetyczne wyko\u0144czenie i trwa\u0142e materia\u0142y<\/li>\n<li>\u2705 \u0141atwy monta\u017c i pe\u0142en zestaw monta\u017cowy<\/li>\n<\/ul>\n<p>Czas realizacji zam\u00f3wienia wynosi <strong>1\u20132 tygodnie<\/strong>, co oznacza, \u017ce ju\u017c wkr\u00f3tce mo\u017cesz cieszy\u0107 si\u0119 w\u0142asn\u0105 stref\u0105 wellness. Je\u017celi masz pytania dotycz\u0105ce monta\u017cu, transportu lub dodatkowych opcji \u2013 <a href=\"https:\/\/beczkazpaczki.pl\/?page_id=857\" target=\"_blank\" rel=\"noopener noreferrer\">skontaktuj si\u0119 z nami<\/a>.<\/p>\n<p>Wi\u0119cej informacji na temat korzy\u015bci zdrowotnych p\u0142yn\u0105cych z saunowania znajdziesz w artykule na <a href=\"https:\/\/beczkazpaczki.pl\/?p=2813&amp;v=288404204e3d\" target=\"_blank\" rel=\"noopener noreferrer\">blogu<\/a>.<\/p>\n<p><strong>Sauna Quadro 200&#215;250 cm<\/strong> to nie tylko elegancki dodatek do ogrodu, lecz przede wszystkim inwestycja w zdrowie, relaks i jako\u015b\u0107 \u017cycia. Nie czekaj \u2013 zam\u00f3w ju\u017c dzi\u015b i poczuj r\u00f3\u017cnic\u0119!<\/p>\n<\/div>\n","protected":false},"excerpt":{"rendered":"<p>Sauna Quadro 200&#215;250 cm \u2013 nowoczesna forma relaksu w Twoim ogrodzie Sauna Quadro 200&#215;250 cm to idealne rozwi\u0105zanie dla os\u00f3b, kt\u00f3re szukaj\u0105 po\u0142\u0105czenia nowoczesnego designu z tradycyjnymi w\u0142a\u015bciwo\u015bciami zdrowotnymi sauny. Dzi\u0119ki prostok\u0105tnemu kszta\u0142towi model ten nie tylko prezentuje si\u0119 elegancko, ale r\u00f3wnie\u017c zapewnia lepsze wykorzystanie przestrzeni wewn\u0119trznej. Sauna zosta\u0142a wykonana z wysokogatunkowego drewna, takiego jak&#8230;<\/p>\n","protected":false},"featured_media":2701,"comment_status":"open","ping_status":"closed","template":"","meta":{"_monsterinsights_skip_tracking":false,"_monsterinsights_sitenote_active":false,"_monsterinsights_sitenote_note":"","_monsterinsights_sitenote_category":0,"_kadence_starter_templates_imported_post":false,"_kad_post_transparent":"default","_kad_post_title":"","_kad_post_layout":"default","_kad_post_sidebar_id":"","_kad_post_content_style":"default","_kad_post_vertical_padding":"default","_kad_post_feature":"","_kad_post_feature_position":"","_kad_post_header":false,"_kad_post_footer":false},"product_brand":[],"product_cat":[51],"product_tag":[],"class_list":{"0":"post-2678","1":"product","2":"type-product","3":"status-publish","4":"has-post-thumbnail","6":"product_cat-sauny-quadro","7":"product_shipping_class-srednia-2","9":"first","10":"instock","11":"shipping-taxable","12":"purchasable","13":"product-type-variable","14":"entry","15":"content-bg","16":"loop-entry","17":"rtwpvg-product"},"acf":[],"yoast_head":"<!-- This site is optimized with the Yoast SEO plugin v24.9 - https:\/\/yoast.com\/wordpress\/plugins\/seo\/ -->\n<title>Sauna QUADRO 200x250 cm -<\/title>\n<meta name=\"description\" content=\"Nowoczesna sauna ogrodowa Quadro 200x250 cm z przestronnym wn\u0119trzem. Wykonana z naturalnego drewna, zawiera przeszklone drzwi i pe\u0142en zestaw monta\u017cowy.\" \/>\n<meta name=\"robots\" content=\"index, follow, max-snippet:-1, max-image-preview:large, max-video-preview:-1\" \/>\n<link rel=\"canonical\" href=\"https:\/\/beczkazpaczki.pl\/?product=sauna-ogrodowa-quadro-200x250-cm\" \/>\n<meta property=\"og:locale\" content=\"pl_PL\" \/>\n<meta property=\"og:type\" content=\"article\" \/>\n<meta property=\"og:title\" content=\"Sauna QUADRO 200x250 cm -\" \/>\n<meta property=\"og:description\" content=\"Nowoczesna sauna ogrodowa Quadro 200x250 cm z przestronnym wn\u0119trzem. Wykonana z naturalnego drewna, zawiera przeszklone drzwi i pe\u0142en zestaw monta\u017cowy.\" \/>\n<meta property=\"og:url\" content=\"https:\/\/beczkazpaczki.pl\/?product=sauna-ogrodowa-quadro-200x250-cm\" \/>\n<meta property=\"article:publisher\" content=\"https:\/\/www.facebook.com\/twojabeczkaogrodowa\" \/>\n<meta property=\"article:modified_time\" content=\"2026-01-15T11:52:45+00:00\" \/>\n<meta property=\"og:image\" content=\"https:\/\/beczkazpaczki.pl\/wp-content\/uploads\/2025\/04\/sauna-quadro-ogrodowa-250-5-scaled.jpg\" \/>\n\t<meta property=\"og:image:width\" content=\"2505\" \/>\n\t<meta property=\"og:image:height\" content=\"2560\" \/>\n\t<meta property=\"og:image:type\" content=\"image\/jpeg\" \/>\n<meta name=\"twitter:card\" content=\"summary_large_image\" \/>\n<meta name=\"twitter:label1\" content=\"Szacowany czas czytania\" \/>\n\t<meta name=\"twitter:data1\" content=\"3 minuty\" \/>\n<script type=\"application\/ld+json\" class=\"yoast-schema-graph\">{\"@context\":\"https:\/\/schema.org\",\"@graph\":[{\"@type\":\"WebPage\",\"@id\":\"https:\/\/beczkazpaczki.pl\/?product=sauna-ogrodowa-quadro-200x250-cm\",\"url\":\"https:\/\/beczkazpaczki.pl\/?product=sauna-ogrodowa-quadro-200x250-cm\",\"name\":\"Sauna QUADRO 200x250 cm -\",\"isPartOf\":{\"@id\":\"https:\/\/beczkazpaczki.pl\/#website\"},\"primaryImageOfPage\":{\"@id\":\"https:\/\/beczkazpaczki.pl\/?product=sauna-ogrodowa-quadro-200x250-cm#primaryimage\"},\"image\":{\"@id\":\"https:\/\/beczkazpaczki.pl\/?product=sauna-ogrodowa-quadro-200x250-cm#primaryimage\"},\"thumbnailUrl\":\"https:\/\/beczkazpaczki.pl\/wp-content\/uploads\/2025\/04\/sauna-quadro-ogrodowa-250-5-scaled.jpg\",\"datePublished\":\"2025-04-13T08:34:08+00:00\",\"dateModified\":\"2026-01-15T11:52:45+00:00\",\"description\":\"Nowoczesna sauna ogrodowa Quadro 200x250 cm z przestronnym wn\u0119trzem. Wykonana z naturalnego drewna, zawiera przeszklone drzwi i pe\u0142en zestaw monta\u017cowy.\",\"breadcrumb\":{\"@id\":\"https:\/\/beczkazpaczki.pl\/?product=sauna-ogrodowa-quadro-200x250-cm#breadcrumb\"},\"inLanguage\":\"pl-PL\",\"potentialAction\":[{\"@type\":\"ReadAction\",\"target\":[\"https:\/\/beczkazpaczki.pl\/?product=sauna-ogrodowa-quadro-200x250-cm\"]}]},{\"@type\":\"ImageObject\",\"inLanguage\":\"pl-PL\",\"@id\":\"https:\/\/beczkazpaczki.pl\/?product=sauna-ogrodowa-quadro-200x250-cm#primaryimage\",\"url\":\"https:\/\/beczkazpaczki.pl\/wp-content\/uploads\/2025\/04\/sauna-quadro-ogrodowa-250-5-scaled.jpg\",\"contentUrl\":\"https:\/\/beczkazpaczki.pl\/wp-content\/uploads\/2025\/04\/sauna-quadro-ogrodowa-250-5-scaled.jpg\",\"width\":2505,\"height\":2560},{\"@type\":\"BreadcrumbList\",\"@id\":\"https:\/\/beczkazpaczki.pl\/?product=sauna-ogrodowa-quadro-200x250-cm#breadcrumb\",\"itemListElement\":[{\"@type\":\"ListItem\",\"position\":1,\"name\":\"Strona g\u0142\u00f3wna\",\"item\":\"https:\/\/beczkazpaczki.pl\/\"},{\"@type\":\"ListItem\",\"position\":2,\"name\":\"Zam\u00f3w teraz\",\"item\":\"https:\/\/beczkazpaczki.pl\/?page_id=1954\"},{\"@type\":\"ListItem\",\"position\":3,\"name\":\"Sauna QUADRO 200&#215;250 cm\"}]},{\"@type\":\"WebSite\",\"@id\":\"https:\/\/beczkazpaczki.pl\/#website\",\"url\":\"https:\/\/beczkazpaczki.pl\/\",\"name\":\"Beczka z paczki\",\"description\":\"Sauny i akcesoria\",\"publisher\":{\"@id\":\"https:\/\/beczkazpaczki.pl\/#organization\"},\"potentialAction\":[{\"@type\":\"SearchAction\",\"target\":{\"@type\":\"EntryPoint\",\"urlTemplate\":\"https:\/\/beczkazpaczki.pl\/?s={search_term_string}\"},\"query-input\":{\"@type\":\"PropertyValueSpecification\",\"valueRequired\":true,\"valueName\":\"search_term_string\"}}],\"inLanguage\":\"pl-PL\"},{\"@type\":\"Organization\",\"@id\":\"https:\/\/beczkazpaczki.pl\/#organization\",\"name\":\"Beczka z paczki\",\"url\":\"https:\/\/beczkazpaczki.pl\/\",\"logo\":{\"@type\":\"ImageObject\",\"inLanguage\":\"pl-PL\",\"@id\":\"https:\/\/beczkazpaczki.pl\/#\/schema\/logo\/image\/\",\"url\":\"https:\/\/beczkazpaczki.pl\/wp-content\/uploads\/2025\/04\/cropped-Logo_Beczka-z-paczki_Black.png\",\"contentUrl\":\"https:\/\/beczkazpaczki.pl\/wp-content\/uploads\/2025\/04\/cropped-Logo_Beczka-z-paczki_Black.png\",\"width\":6402,\"height\":1569,\"caption\":\"Beczka z paczki\"},\"image\":{\"@id\":\"https:\/\/beczkazpaczki.pl\/#\/schema\/logo\/image\/\"},\"sameAs\":[\"https:\/\/www.facebook.com\/twojabeczkaogrodowa\"]}]}<\/script>\n<!-- \/ Yoast SEO plugin. -->","yoast_head_json":{"title":"Sauna QUADRO 200x250 cm -","description":"Nowoczesna sauna ogrodowa Quadro 200x250 cm z przestronnym wn\u0119trzem. Wykonana z naturalnego drewna, zawiera przeszklone drzwi i pe\u0142en zestaw monta\u017cowy.","robots":{"index":"index","follow":"follow","max-snippet":"max-snippet:-1","max-image-preview":"max-image-preview:large","max-video-preview":"max-video-preview:-1"},"canonical":"https:\/\/beczkazpaczki.pl\/?product=sauna-ogrodowa-quadro-200x250-cm","og_locale":"pl_PL","og_type":"article","og_title":"Sauna QUADRO 200x250 cm -","og_description":"Nowoczesna sauna ogrodowa Quadro 200x250 cm z przestronnym wn\u0119trzem. Wykonana z naturalnego drewna, zawiera przeszklone drzwi i pe\u0142en zestaw monta\u017cowy.","og_url":"https:\/\/beczkazpaczki.pl\/?product=sauna-ogrodowa-quadro-200x250-cm","article_publisher":"https:\/\/www.facebook.com\/twojabeczkaogrodowa","article_modified_time":"2026-01-15T11:52:45+00:00","og_image":[{"width":2505,"height":2560,"url":"https:\/\/beczkazpaczki.pl\/wp-content\/uploads\/2025\/04\/sauna-quadro-ogrodowa-250-5-scaled.jpg","type":"image\/jpeg"}],"twitter_card":"summary_large_image","twitter_misc":{"Szacowany czas czytania":"3 minuty"},"schema":{"@context":"https:\/\/schema.org","@graph":[{"@type":"WebPage","@id":"https:\/\/beczkazpaczki.pl\/?product=sauna-ogrodowa-quadro-200x250-cm","url":"https:\/\/beczkazpaczki.pl\/?product=sauna-ogrodowa-quadro-200x250-cm","name":"Sauna QUADRO 200x250 cm -","isPartOf":{"@id":"https:\/\/beczkazpaczki.pl\/#website"},"primaryImageOfPage":{"@id":"https:\/\/beczkazpaczki.pl\/?product=sauna-ogrodowa-quadro-200x250-cm#primaryimage"},"image":{"@id":"https:\/\/beczkazpaczki.pl\/?product=sauna-ogrodowa-quadro-200x250-cm#primaryimage"},"thumbnailUrl":"https:\/\/beczkazpaczki.pl\/wp-content\/uploads\/2025\/04\/sauna-quadro-ogrodowa-250-5-scaled.jpg","datePublished":"2025-04-13T08:34:08+00:00","dateModified":"2026-01-15T11:52:45+00:00","description":"Nowoczesna sauna ogrodowa Quadro 200x250 cm z przestronnym wn\u0119trzem. Wykonana z naturalnego drewna, zawiera przeszklone drzwi i pe\u0142en zestaw monta\u017cowy.","breadcrumb":{"@id":"https:\/\/beczkazpaczki.pl\/?product=sauna-ogrodowa-quadro-200x250-cm#breadcrumb"},"inLanguage":"pl-PL","potentialAction":[{"@type":"ReadAction","target":["https:\/\/beczkazpaczki.pl\/?product=sauna-ogrodowa-quadro-200x250-cm"]}]},{"@type":"ImageObject","inLanguage":"pl-PL","@id":"https:\/\/beczkazpaczki.pl\/?product=sauna-ogrodowa-quadro-200x250-cm#primaryimage","url":"https:\/\/beczkazpaczki.pl\/wp-content\/uploads\/2025\/04\/sauna-quadro-ogrodowa-250-5-scaled.jpg","contentUrl":"https:\/\/beczkazpaczki.pl\/wp-content\/uploads\/2025\/04\/sauna-quadro-ogrodowa-250-5-scaled.jpg","width":2505,"height":2560},{"@type":"BreadcrumbList","@id":"https:\/\/beczkazpaczki.pl\/?product=sauna-ogrodowa-quadro-200x250-cm#breadcrumb","itemListElement":[{"@type":"ListItem","position":1,"name":"Strona g\u0142\u00f3wna","item":"https:\/\/beczkazpaczki.pl\/"},{"@type":"ListItem","position":2,"name":"Zam\u00f3w teraz","item":"https:\/\/beczkazpaczki.pl\/?page_id=1954"},{"@type":"ListItem","position":3,"name":"Sauna QUADRO 200&#215;250 cm"}]},{"@type":"WebSite","@id":"https:\/\/beczkazpaczki.pl\/#website","url":"https:\/\/beczkazpaczki.pl\/","name":"Beczka z paczki","description":"Sauny i akcesoria","publisher":{"@id":"https:\/\/beczkazpaczki.pl\/#organization"},"potentialAction":[{"@type":"SearchAction","target":{"@type":"EntryPoint","urlTemplate":"https:\/\/beczkazpaczki.pl\/?s={search_term_string}"},"query-input":{"@type":"PropertyValueSpecification","valueRequired":true,"valueName":"search_term_string"}}],"inLanguage":"pl-PL"},{"@type":"Organization","@id":"https:\/\/beczkazpaczki.pl\/#organization","name":"Beczka z paczki","url":"https:\/\/beczkazpaczki.pl\/","logo":{"@type":"ImageObject","inLanguage":"pl-PL","@id":"https:\/\/beczkazpaczki.pl\/#\/schema\/logo\/image\/","url":"https:\/\/beczkazpaczki.pl\/wp-content\/uploads\/2025\/04\/cropped-Logo_Beczka-z-paczki_Black.png","contentUrl":"https:\/\/beczkazpaczki.pl\/wp-content\/uploads\/2025\/04\/cropped-Logo_Beczka-z-paczki_Black.png","width":6402,"height":1569,"caption":"Beczka z paczki"},"image":{"@id":"https:\/\/beczkazpaczki.pl\/#\/schema\/logo\/image\/"},"sameAs":["https:\/\/www.facebook.com\/twojabeczkaogrodowa"]}]}},"_links":{"self":[{"href":"https:\/\/beczkazpaczki.pl\/index.php?rest_route=\/wp\/v2\/product\/2678","targetHints":{"allow":["GET"]}}],"collection":[{"href":"https:\/\/beczkazpaczki.pl\/index.php?rest_route=\/wp\/v2\/product"}],"about":[{"href":"https:\/\/beczkazpaczki.pl\/index.php?rest_route=\/wp\/v2\/types\/product"}],"replies":[{"embeddable":true,"href":"https:\/\/beczkazpaczki.pl\/index.php?rest_route=%2Fwp%2Fv2%2Fcomments&post=2678"}],"wp:featuredmedia":[{"embeddable":true,"href":"https:\/\/beczkazpaczki.pl\/index.php?rest_route=\/wp\/v2\/media\/2701"}],"wp:attachment":[{"href":"https:\/\/beczkazpaczki.pl\/index.php?rest_route=%2Fwp%2Fv2%2Fmedia&parent=2678"}],"wp:term":[{"taxonomy":"product_brand","embeddable":true,"href":"https:\/\/beczkazpaczki.pl\/index.php?rest_route=%2Fwp%2Fv2%2Fproduct_brand&post=2678"},{"taxonomy":"product_cat","embeddable":true,"href":"https:\/\/beczkazpaczki.pl\/index.php?rest_route=%2Fwp%2Fv2%2Fproduct_cat&post=2678"},{"taxonomy":"product_tag","embeddable":true,"href":"https:\/\/beczkazpaczki.pl\/index.php?rest_route=%2Fwp%2Fv2%2Fproduct_tag&post=2678"}],"curies":[{"name":"wp","href":"https:\/\/api.w.org\/{rel}","templated":true}]}}