{"id":2728,"date":"2025-04-13T13:50:39","date_gmt":"2025-04-13T11:50:39","guid":{"rendered":"https:\/\/beczkazpaczki.pl\/?post_type=product&#038;p=2728"},"modified":"2026-02-19T12:48:25","modified_gmt":"2026-02-19T11:48:25","slug":"sauna-ogrodowa-quadro-200x300-cm","status":"publish","type":"product","link":"https:\/\/beczkazpaczki.pl\/?product=sauna-ogrodowa-quadro-200x300-cm","title":{"rendered":"SAUNA QUADRO 200&#215;300 cm"},"content":{"rendered":"<h2>Sauna ogrodowa Quadro 200&#215;300 cm \u2013 komfort i zdrowie w Twoim ogrodzie<\/h2>\n<p>Je\u015bli marzysz o w\u0142asnej strefie SPA, <strong>sauna Quadro 200&#215;300 cm<\/strong> b\u0119dzie idealnym wyborem. \u0141\u0105czy w sobie stylowy wygl\u0105d, wysok\u0105 jako\u015b\u0107 materia\u0142\u00f3w oraz pe\u0142ne wyposa\u017cenie, dlatego spe\u0142ni oczekiwania nawet najbardziej wymagaj\u0105cych u\u017cytkownik\u00f3w.<\/p>\n<h3>Co zawiera zestaw sauny Quadro 200\u00d7300 cm?<\/h3>\n<p>Zestaw sauny ogrodowej Quadro 200\u00d7300 cm jest kompletny i gotowy do monta\u017cu. W jego sk\u0142ad wchodz\u0105:<\/p>\n<ul>\n<li>\u015bciana frontowa z otworem na drzwi<\/li>\n<li>\u015bciana tylna (z otworem na piec je\u015bli go u nas zamawiasz)<\/li>\n<li>baliki na \u015bciany<\/li>\n<li>deski startowe i zaka\u0144czaj\u0105ce<\/li>\n<li>obejmy ze stali nierdzewnej<\/li>\n<li>zestaw \u015brub do obejm<\/li>\n<li>deski na kratownic\u0119 (podstaw\u0119)<\/li>\n<li>materia\u0142 na pod\u0142og\u0119 oraz \u0142aweczki<\/li>\n<li>drzwi szklane z hartowanego szk\u0142a 8 mm (z o\u015bcie\u017cnic\u0105, zawiasami, uszczelkami i ga\u0142k\u0105)<\/li>\n<li>membrana dachowa, gont bitumiczny<\/li>\n<li>wkr\u0119ty<\/li>\n<li>instrukcja monta\u017cu<\/li>\n<\/ul>\n<p>Dzi\u0119ki temu zestawowi mo\u017cesz samodzielnie zbudowa\u0107 funkcjonaln\u0105 saun\u0119 w swoim ogrodzie, bez potrzeby zatrudniania ekipy budowlanej. To ekonomiczne i praktyczne rozwi\u0105zanie dla ka\u017cdego mi\u0142o\u015bnika saunowania.<\/p>\n<h3>Specyfikacja:<\/h3>\n<ul>\n<li>D\u0142ugo\u015b\u0107 ca\u0142kowita: 300 cm<\/li>\n<li>D\u0142ugo\u015b\u0107 wewn\u0105trz (d\u0142ugo\u015b\u0107 \u0142aweczek): 230 cm<\/li>\n<li>Szeroko\u015b\u0107: 200 cm<\/li>\n<li>Wysoko\u015b\u0107: 200 cm<\/li>\n<li>Grubo\u015b\u0107 \u015bcian (balika): 45 mm<\/li>\n<li>Materia\u0142: skandynawskie drewno \u015bwierkowe (klasa C24)<\/li>\n<li>Drzwi: szk\u0142o hartowane o grubo\u015bci 8 mm<\/li>\n<li>Pokrycie dachowe: gont bitumiczny (grafitowy, bordowy lub zielony)<\/li>\n<li>Pojemno\u015b\u0107: 8 os\u00f3b\u015aciany przednia i tylna dostarczane s\u0105 w dw\u00f3ch po\u0142\u00f3wkach. W \u015bcianie przedniej wykonany jest otw\u00f3r pod monta\u017c drzwi. W przypadku zam\u00f3wienia pieca na drewno wraz z saun\u0105, w \u015bcianie tylnej przygotowany jest odpowiedni otw\u00f3r pod instalacj\u0119 pieca.<br \/>\nW tym modelu drzwi s\u0105 na \u015brodku frontowej \u015bciany, a \u0142aweczki po dw\u00f3ch bokach.<\/li>\n<\/ul>\n<h3>Dlaczego warto?<\/h3>\n<p>Sauna ogrodowa Quadro oferuje nie tylko wyj\u0105tkowy relaks, ale r\u00f3wnie\u017c szereg korzy\u015bci zdrowotnych. Przede wszystkim poprawia kr\u0105\u017cenie, wzmacnia odporno\u015b\u0107 i pomaga w oczyszczaniu organizmu. Co wi\u0119cej, regularne korzystanie z sauny redukuje stres i wspomaga regeneracj\u0119 organizmu.<\/p>\n<p>Ze wzgl\u0119du na atrakcyjny wygl\u0105d i trwa\u0142\u0105 konstrukcj\u0119, sauna staje si\u0119 ozdob\u0105 ogrodu, a jednocze\u015bnie podnosi warto\u015b\u0107 nieruchomo\u015bci. Dodatkowo jej monta\u017c jest prosty, wi\u0119c nie potrzebujesz specjalistycznych narz\u0119dzi ani ekipy budowlanej.<\/p>\n<h3>Szybka realizacja i monta\u017c<\/h3>\n<p>Ca\u0142o\u015b\u0107 zaprojektowano w taki spos\u00f3b, aby\u015b m\u00f3g\u0142 cieszy\u0107 si\u0119 gotow\u0105 saun\u0105 ju\u017c po kilku dniach od monta\u017cu. Czas realizacji zam\u00f3wienia wynosi zazwyczaj od 21 do 30 dni roboczych. Wszystkie elementy s\u0105 starannie pakowane, co zapewnia bezpieczn\u0105 dostaw\u0119.<\/p>\n<h3>Dowiedz si\u0119 wi\u0119cej<\/h3>\n<p>Chcesz dowiedzie\u0107 si\u0119 wi\u0119cej o zaletach sauny? Odwied\u017a nasz <a href=\"https:\/\/beczkazpaczki.pl\/?page_id=492&amp;v=288404204e3d\" target=\"_blank\" rel=\"noopener\">blog o saunowaniu<\/a> lub sprawd\u017a artyku\u0142\u00a0 <a href=\"https:\/\/beczkazpaczki.pl\/?p=2813&amp;v=288404204e3d\" target=\"_blank\" rel=\"nofollow noopener\">o korzy\u015bciach z saunowania<\/a>.<\/p>\n<p><strong>Sauna Quadro 200&#215;300 cm<\/strong> to doskona\u0142y wyb\u00f3r dla os\u00f3b, kt\u00f3re ceni\u0105 komfort, estetyk\u0119 oraz zdrowy styl \u017cycia. Zainwestuj w jako\u015b\u0107, kt\u00f3ra zostanie z Tob\u0105 na lata.<\/p>\n","protected":false},"excerpt":{"rendered":"<p>Sauna ogrodowa Quadro 200&#215;300 cm \u2013 komfort i zdrowie w Twoim ogrodzie Je\u015bli marzysz o w\u0142asnej strefie SPA, sauna Quadro 200&#215;300 cm b\u0119dzie idealnym wyborem. \u0141\u0105czy w sobie stylowy wygl\u0105d, wysok\u0105 jako\u015b\u0107 materia\u0142\u00f3w oraz pe\u0142ne wyposa\u017cenie, dlatego spe\u0142ni oczekiwania nawet najbardziej wymagaj\u0105cych u\u017cytkownik\u00f3w. Co zawiera zestaw sauny Quadro 200\u00d7300 cm? Zestaw sauny ogrodowej Quadro 200\u00d7300&#8230;<\/p>\n","protected":false},"featured_media":2753,"comment_status":"open","ping_status":"closed","template":"","meta":{"_monsterinsights_skip_tracking":false,"_monsterinsights_sitenote_active":false,"_monsterinsights_sitenote_note":"","_monsterinsights_sitenote_category":0,"_kadence_starter_templates_imported_post":false,"_kad_post_transparent":"default","_kad_post_title":"","_kad_post_layout":"default","_kad_post_sidebar_id":"","_kad_post_content_style":"default","_kad_post_vertical_padding":"default","_kad_post_feature":"","_kad_post_feature_position":"","_kad_post_header":false,"_kad_post_footer":false},"product_brand":[],"product_cat":[51],"product_tag":[],"class_list":{"0":"post-2728","1":"product","2":"type-product","3":"status-publish","4":"has-post-thumbnail","6":"product_cat-sauny-quadro","7":"product_shipping_class-srednia","9":"first","10":"instock","11":"shipping-taxable","12":"purchasable","13":"product-type-variable","14":"entry","15":"content-bg","16":"loop-entry","17":"rtwpvg-product"},"acf":[],"yoast_head":"<!-- This site is optimized with the Yoast SEO plugin v24.9 - https:\/\/yoast.com\/wordpress\/plugins\/seo\/ -->\n<title>SAUNA QUADRO 200x300 cm -<\/title>\n<meta name=\"description\" content=\"Nowoczesna sauna ogrodowa Quadro 200x300 cm. Pe\u0142en zestaw monta\u017cowy. Idealna do relaksu i regeneracji we w\u0142asnym ogrodzie.\" \/>\n<meta name=\"robots\" content=\"index, follow, max-snippet:-1, max-image-preview:large, max-video-preview:-1\" \/>\n<link rel=\"canonical\" href=\"https:\/\/beczkazpaczki.pl\/?product=sauna-ogrodowa-quadro-200x300-cm\" \/>\n<meta property=\"og:locale\" content=\"pl_PL\" \/>\n<meta property=\"og:type\" content=\"article\" \/>\n<meta property=\"og:title\" content=\"SAUNA QUADRO 200x300 cm -\" \/>\n<meta property=\"og:description\" content=\"Nowoczesna sauna ogrodowa Quadro 200x300 cm. Pe\u0142en zestaw monta\u017cowy. Idealna do relaksu i regeneracji we w\u0142asnym ogrodzie.\" \/>\n<meta property=\"og:url\" content=\"https:\/\/beczkazpaczki.pl\/?product=sauna-ogrodowa-quadro-200x300-cm\" \/>\n<meta property=\"article:publisher\" content=\"https:\/\/www.facebook.com\/twojabeczkaogrodowa\" \/>\n<meta property=\"article:modified_time\" content=\"2026-02-19T11:48:25+00:00\" \/>\n<meta property=\"og:image\" content=\"https:\/\/beczkazpaczki.pl\/wp-content\/uploads\/2025\/04\/sauna-quadro-ogrodowa-250-5-2-scaled.jpg\" \/>\n\t<meta property=\"og:image:width\" content=\"2505\" \/>\n\t<meta property=\"og:image:height\" content=\"2560\" \/>\n\t<meta property=\"og:image:type\" content=\"image\/jpeg\" \/>\n<meta name=\"twitter:card\" content=\"summary_large_image\" \/>\n<meta name=\"twitter:label1\" content=\"Szacowany czas czytania\" \/>\n\t<meta name=\"twitter:data1\" content=\"3 minuty\" \/>\n<script type=\"application\/ld+json\" class=\"yoast-schema-graph\">{\"@context\":\"https:\/\/schema.org\",\"@graph\":[{\"@type\":\"WebPage\",\"@id\":\"https:\/\/beczkazpaczki.pl\/?product=sauna-ogrodowa-quadro-200x300-cm\",\"url\":\"https:\/\/beczkazpaczki.pl\/?product=sauna-ogrodowa-quadro-200x300-cm\",\"name\":\"SAUNA QUADRO 200x300 cm -\",\"isPartOf\":{\"@id\":\"https:\/\/beczkazpaczki.pl\/#website\"},\"primaryImageOfPage\":{\"@id\":\"https:\/\/beczkazpaczki.pl\/?product=sauna-ogrodowa-quadro-200x300-cm#primaryimage\"},\"image\":{\"@id\":\"https:\/\/beczkazpaczki.pl\/?product=sauna-ogrodowa-quadro-200x300-cm#primaryimage\"},\"thumbnailUrl\":\"https:\/\/beczkazpaczki.pl\/wp-content\/uploads\/2025\/04\/sauna-quadro-ogrodowa-250-5-2-scaled.jpg\",\"datePublished\":\"2025-04-13T11:50:39+00:00\",\"dateModified\":\"2026-02-19T11:48:25+00:00\",\"description\":\"Nowoczesna sauna ogrodowa Quadro 200x300 cm. Pe\u0142en zestaw monta\u017cowy. Idealna do relaksu i regeneracji we w\u0142asnym ogrodzie.\",\"breadcrumb\":{\"@id\":\"https:\/\/beczkazpaczki.pl\/?product=sauna-ogrodowa-quadro-200x300-cm#breadcrumb\"},\"inLanguage\":\"pl-PL\",\"potentialAction\":[{\"@type\":\"ReadAction\",\"target\":[\"https:\/\/beczkazpaczki.pl\/?product=sauna-ogrodowa-quadro-200x300-cm\"]}]},{\"@type\":\"ImageObject\",\"inLanguage\":\"pl-PL\",\"@id\":\"https:\/\/beczkazpaczki.pl\/?product=sauna-ogrodowa-quadro-200x300-cm#primaryimage\",\"url\":\"https:\/\/beczkazpaczki.pl\/wp-content\/uploads\/2025\/04\/sauna-quadro-ogrodowa-250-5-2-scaled.jpg\",\"contentUrl\":\"https:\/\/beczkazpaczki.pl\/wp-content\/uploads\/2025\/04\/sauna-quadro-ogrodowa-250-5-2-scaled.jpg\",\"width\":2505,\"height\":2560,\"caption\":\"sauna-quadro-ogrodowa-250-5\"},{\"@type\":\"BreadcrumbList\",\"@id\":\"https:\/\/beczkazpaczki.pl\/?product=sauna-ogrodowa-quadro-200x300-cm#breadcrumb\",\"itemListElement\":[{\"@type\":\"ListItem\",\"position\":1,\"name\":\"Strona g\u0142\u00f3wna\",\"item\":\"https:\/\/beczkazpaczki.pl\/\"},{\"@type\":\"ListItem\",\"position\":2,\"name\":\"Zam\u00f3w teraz\",\"item\":\"https:\/\/beczkazpaczki.pl\/?page_id=1954\"},{\"@type\":\"ListItem\",\"position\":3,\"name\":\"SAUNA QUADRO 200&#215;300 cm\"}]},{\"@type\":\"WebSite\",\"@id\":\"https:\/\/beczkazpaczki.pl\/#website\",\"url\":\"https:\/\/beczkazpaczki.pl\/\",\"name\":\"Beczka z paczki\",\"description\":\"Sauny i akcesoria\",\"publisher\":{\"@id\":\"https:\/\/beczkazpaczki.pl\/#organization\"},\"potentialAction\":[{\"@type\":\"SearchAction\",\"target\":{\"@type\":\"EntryPoint\",\"urlTemplate\":\"https:\/\/beczkazpaczki.pl\/?s={search_term_string}\"},\"query-input\":{\"@type\":\"PropertyValueSpecification\",\"valueRequired\":true,\"valueName\":\"search_term_string\"}}],\"inLanguage\":\"pl-PL\"},{\"@type\":\"Organization\",\"@id\":\"https:\/\/beczkazpaczki.pl\/#organization\",\"name\":\"Beczka z paczki\",\"url\":\"https:\/\/beczkazpaczki.pl\/\",\"logo\":{\"@type\":\"ImageObject\",\"inLanguage\":\"pl-PL\",\"@id\":\"https:\/\/beczkazpaczki.pl\/#\/schema\/logo\/image\/\",\"url\":\"https:\/\/beczkazpaczki.pl\/wp-content\/uploads\/2025\/04\/cropped-Logo_Beczka-z-paczki_Black.png\",\"contentUrl\":\"https:\/\/beczkazpaczki.pl\/wp-content\/uploads\/2025\/04\/cropped-Logo_Beczka-z-paczki_Black.png\",\"width\":6402,\"height\":1569,\"caption\":\"Beczka z paczki\"},\"image\":{\"@id\":\"https:\/\/beczkazpaczki.pl\/#\/schema\/logo\/image\/\"},\"sameAs\":[\"https:\/\/www.facebook.com\/twojabeczkaogrodowa\"]}]}<\/script>\n<!-- \/ Yoast SEO plugin. -->","yoast_head_json":{"title":"SAUNA QUADRO 200x300 cm -","description":"Nowoczesna sauna ogrodowa Quadro 200x300 cm. Pe\u0142en zestaw monta\u017cowy. Idealna do relaksu i regeneracji we w\u0142asnym ogrodzie.","robots":{"index":"index","follow":"follow","max-snippet":"max-snippet:-1","max-image-preview":"max-image-preview:large","max-video-preview":"max-video-preview:-1"},"canonical":"https:\/\/beczkazpaczki.pl\/?product=sauna-ogrodowa-quadro-200x300-cm","og_locale":"pl_PL","og_type":"article","og_title":"SAUNA QUADRO 200x300 cm -","og_description":"Nowoczesna sauna ogrodowa Quadro 200x300 cm. Pe\u0142en zestaw monta\u017cowy. Idealna do relaksu i regeneracji we w\u0142asnym ogrodzie.","og_url":"https:\/\/beczkazpaczki.pl\/?product=sauna-ogrodowa-quadro-200x300-cm","article_publisher":"https:\/\/www.facebook.com\/twojabeczkaogrodowa","article_modified_time":"2026-02-19T11:48:25+00:00","og_image":[{"width":2505,"height":2560,"url":"https:\/\/beczkazpaczki.pl\/wp-content\/uploads\/2025\/04\/sauna-quadro-ogrodowa-250-5-2-scaled.jpg","type":"image\/jpeg"}],"twitter_card":"summary_large_image","twitter_misc":{"Szacowany czas czytania":"3 minuty"},"schema":{"@context":"https:\/\/schema.org","@graph":[{"@type":"WebPage","@id":"https:\/\/beczkazpaczki.pl\/?product=sauna-ogrodowa-quadro-200x300-cm","url":"https:\/\/beczkazpaczki.pl\/?product=sauna-ogrodowa-quadro-200x300-cm","name":"SAUNA QUADRO 200x300 cm -","isPartOf":{"@id":"https:\/\/beczkazpaczki.pl\/#website"},"primaryImageOfPage":{"@id":"https:\/\/beczkazpaczki.pl\/?product=sauna-ogrodowa-quadro-200x300-cm#primaryimage"},"image":{"@id":"https:\/\/beczkazpaczki.pl\/?product=sauna-ogrodowa-quadro-200x300-cm#primaryimage"},"thumbnailUrl":"https:\/\/beczkazpaczki.pl\/wp-content\/uploads\/2025\/04\/sauna-quadro-ogrodowa-250-5-2-scaled.jpg","datePublished":"2025-04-13T11:50:39+00:00","dateModified":"2026-02-19T11:48:25+00:00","description":"Nowoczesna sauna ogrodowa Quadro 200x300 cm. Pe\u0142en zestaw monta\u017cowy. Idealna do relaksu i regeneracji we w\u0142asnym ogrodzie.","breadcrumb":{"@id":"https:\/\/beczkazpaczki.pl\/?product=sauna-ogrodowa-quadro-200x300-cm#breadcrumb"},"inLanguage":"pl-PL","potentialAction":[{"@type":"ReadAction","target":["https:\/\/beczkazpaczki.pl\/?product=sauna-ogrodowa-quadro-200x300-cm"]}]},{"@type":"ImageObject","inLanguage":"pl-PL","@id":"https:\/\/beczkazpaczki.pl\/?product=sauna-ogrodowa-quadro-200x300-cm#primaryimage","url":"https:\/\/beczkazpaczki.pl\/wp-content\/uploads\/2025\/04\/sauna-quadro-ogrodowa-250-5-2-scaled.jpg","contentUrl":"https:\/\/beczkazpaczki.pl\/wp-content\/uploads\/2025\/04\/sauna-quadro-ogrodowa-250-5-2-scaled.jpg","width":2505,"height":2560,"caption":"sauna-quadro-ogrodowa-250-5"},{"@type":"BreadcrumbList","@id":"https:\/\/beczkazpaczki.pl\/?product=sauna-ogrodowa-quadro-200x300-cm#breadcrumb","itemListElement":[{"@type":"ListItem","position":1,"name":"Strona g\u0142\u00f3wna","item":"https:\/\/beczkazpaczki.pl\/"},{"@type":"ListItem","position":2,"name":"Zam\u00f3w teraz","item":"https:\/\/beczkazpaczki.pl\/?page_id=1954"},{"@type":"ListItem","position":3,"name":"SAUNA QUADRO 200&#215;300 cm"}]},{"@type":"WebSite","@id":"https:\/\/beczkazpaczki.pl\/#website","url":"https:\/\/beczkazpaczki.pl\/","name":"Beczka z paczki","description":"Sauny i akcesoria","publisher":{"@id":"https:\/\/beczkazpaczki.pl\/#organization"},"potentialAction":[{"@type":"SearchAction","target":{"@type":"EntryPoint","urlTemplate":"https:\/\/beczkazpaczki.pl\/?s={search_term_string}"},"query-input":{"@type":"PropertyValueSpecification","valueRequired":true,"valueName":"search_term_string"}}],"inLanguage":"pl-PL"},{"@type":"Organization","@id":"https:\/\/beczkazpaczki.pl\/#organization","name":"Beczka z paczki","url":"https:\/\/beczkazpaczki.pl\/","logo":{"@type":"ImageObject","inLanguage":"pl-PL","@id":"https:\/\/beczkazpaczki.pl\/#\/schema\/logo\/image\/","url":"https:\/\/beczkazpaczki.pl\/wp-content\/uploads\/2025\/04\/cropped-Logo_Beczka-z-paczki_Black.png","contentUrl":"https:\/\/beczkazpaczki.pl\/wp-content\/uploads\/2025\/04\/cropped-Logo_Beczka-z-paczki_Black.png","width":6402,"height":1569,"caption":"Beczka z paczki"},"image":{"@id":"https:\/\/beczkazpaczki.pl\/#\/schema\/logo\/image\/"},"sameAs":["https:\/\/www.facebook.com\/twojabeczkaogrodowa"]}]}},"_links":{"self":[{"href":"https:\/\/beczkazpaczki.pl\/index.php?rest_route=\/wp\/v2\/product\/2728","targetHints":{"allow":["GET"]}}],"collection":[{"href":"https:\/\/beczkazpaczki.pl\/index.php?rest_route=\/wp\/v2\/product"}],"about":[{"href":"https:\/\/beczkazpaczki.pl\/index.php?rest_route=\/wp\/v2\/types\/product"}],"replies":[{"embeddable":true,"href":"https:\/\/beczkazpaczki.pl\/index.php?rest_route=%2Fwp%2Fv2%2Fcomments&post=2728"}],"wp:featuredmedia":[{"embeddable":true,"href":"https:\/\/beczkazpaczki.pl\/index.php?rest_route=\/wp\/v2\/media\/2753"}],"wp:attachment":[{"href":"https:\/\/beczkazpaczki.pl\/index.php?rest_route=%2Fwp%2Fv2%2Fmedia&parent=2728"}],"wp:term":[{"taxonomy":"product_brand","embeddable":true,"href":"https:\/\/beczkazpaczki.pl\/index.php?rest_route=%2Fwp%2Fv2%2Fproduct_brand&post=2728"},{"taxonomy":"product_cat","embeddable":true,"href":"https:\/\/beczkazpaczki.pl\/index.php?rest_route=%2Fwp%2Fv2%2Fproduct_cat&post=2728"},{"taxonomy":"product_tag","embeddable":true,"href":"https:\/\/beczkazpaczki.pl\/index.php?rest_route=%2Fwp%2Fv2%2Fproduct_tag&post=2728"}],"curies":[{"name":"wp","href":"https:\/\/api.w.org\/{rel}","templated":true}]}}