{"id":2907,"date":"2025-05-14T21:41:36","date_gmt":"2025-05-14T19:41:36","guid":{"rendered":"https:\/\/beczkazpaczki.pl\/?post_type=product&#038;p=2907"},"modified":"2025-12-05T12:28:48","modified_gmt":"2025-12-05T11:28:48","slug":"piec-harvia-bc80","status":"publish","type":"product","link":"https:\/\/beczkazpaczki.pl\/?product=piec-harvia-bc80","title":{"rendered":"Piec elektryczny Harvia Vega BC80"},"content":{"rendered":"<p class=\"\" data-start=\"150\" data-end=\"232\"><strong data-start=\"150\" data-end=\"232\">Piec elektryczny Harvia Vega BC80 \u2013 funkcjonalno\u015b\u0107 i styl fi\u0144skiego producenta<\/strong><\/p>\n<p class=\"\" data-start=\"234\" data-end=\"664\">Piec elektryczny <strong data-start=\"251\" data-end=\"271\">Harvia Vega BC80<\/strong> to urz\u0105dzenie eleganckie, nowoczesne i wyj\u0105tkowo \u0142atwe w obs\u0142udze. Przede wszystkim jego obudowa, wykonana ze stali nierdzewnej, nadaje saunie estetyczny wygl\u0105d, a przy tym jest trwa\u0142a i odporna na korozj\u0119. <strong data-start=\"479\" data-end=\"492\">Dodatkowo<\/strong>, ergonomiczne pokr\u0119t\u0142a do regulacji temperatury i czasu pracy zosta\u0142y umieszczone w g\u00f3rnej cz\u0119\u015bci pieca, <strong data-start=\"598\" data-end=\"612\">co sprawia<\/strong>, \u017ce codzienna obs\u0142uga jest intuicyjna i komfortowa.<\/p>\n<p class=\"\" data-start=\"666\" data-end=\"930\"><strong data-start=\"666\" data-end=\"677\">Ponadto<\/strong>, piec posiada odr\u0119bn\u0105 p\u0142yt\u0119 monta\u017cow\u0105, <strong data-start=\"717\" data-end=\"733\">dzi\u0119ki czemu<\/strong> jego instalacja przebiega szybko i bezproblemowo. <strong data-start=\"784\" data-end=\"797\">Co wi\u0119cej<\/strong>, symetryczna konstrukcja pozwala na dowolne ustawienie pieca, a przy\u0142\u0105cza elektryczne umieszczone z boku dodatkowo u\u0142atwiaj\u0105 monta\u017c.<\/p>\n<p class=\"\" data-start=\"932\" data-end=\"1200\">Budowa modelu Vega umo\u017cliwia monta\u017c nisko na \u015bcianie, <strong data-start=\"986\" data-end=\"1000\">co z kolei<\/strong> wp\u0142ywa na r\u00f3wnomierne rozchodzenie si\u0119 ciep\u0142a w saunie \u2013 r\u00f3wnie\u017c w dolnych partiach, w okolicach ni\u017cszych \u0142aw. <strong data-start=\"1112\" data-end=\"1123\">Dlatego<\/strong> model BC80 doskonale sprawdza si\u0119 w mniejszych saunach o kubaturze do 12 m\u00b3.<\/p>\n<p class=\"\" data-start=\"1202\" data-end=\"1508\">Je\u015bli chodzi o czas nagrzewania, jest on uzale\u017cniony od wielu czynnik\u00f3w \u2013 takich jak izolacja czy ilo\u015b\u0107 kamieni. <strong data-start=\"1315\" data-end=\"1325\">Jednak<\/strong> przyjmuje si\u0119, \u017ce \u015brednio sauna nagrzewa si\u0119 w ci\u0105gu oko\u0142o 60 minut. <strong data-start=\"1395\" data-end=\"1402\">Aby<\/strong> zapewni\u0107 piecowi d\u0142ugowieczno\u015b\u0107, warto pami\u0119ta\u0107 o regularnej konserwacji oraz corocznej wymianie kamieni.<\/p>\n<p class=\"\" data-start=\"1510\" data-end=\"1535\"><strong data-start=\"1510\" data-end=\"1535\">Parametry techniczne:<\/strong><\/p>\n<ul data-start=\"1536\" data-end=\"1626\">\n<li class=\"\" data-start=\"1536\" data-end=\"1551\">\n<p class=\"\" data-start=\"1538\" data-end=\"1551\">Moc: 8,0 kW<\/p>\n<\/li>\n<li class=\"\" data-start=\"1552\" data-end=\"1579\">\n<p class=\"\" data-start=\"1554\" data-end=\"1579\">Kubatura sauny: 7\u201312 m\u00b3<\/p>\n<\/li>\n<li class=\"\" data-start=\"1580\" data-end=\"1603\">\n<p class=\"\" data-start=\"1582\" data-end=\"1603\">Zasilanie: 400 V 3N<\/p>\n<\/li>\n<li class=\"\" data-start=\"1604\" data-end=\"1626\">\n<p class=\"\" data-start=\"1606\" data-end=\"1626\">Ilo\u015b\u0107 kamieni: 20 kg<\/p>\n<\/li>\n<\/ul>\n<p>Instalacja pieca elektrycznego musi by\u0107 wykonana przez uprawnionego elektryka.<\/p>\n<p class=\"\" data-start=\"1628\" data-end=\"2003\"><strong data-start=\"1628\" data-end=\"1650\">Dowiedz si\u0119 wi\u0119cej<\/strong> na <a href=\"https:\/\/www.harvia.com\/en\/products\/HCB800400S\/vega-bc80-80-kw-steel\">stronie producenta.<\/a><br data-start=\"1747\" data-end=\"1750\" \/>Szukasz innych piec\u00f3w lub akcesori\u00f3w? <a href=\"https:\/\/beczkazpaczki.pl\/?product_cat=dodatki&amp;v=288404204e3d\\\">Sprawd\u017a nasz\u0105 ofert\u0119.<\/a><br data-start=\"1875\" data-end=\"1878\" \/>Masz pytania? Skontaktuj si\u0119 z nami lub zajrzyj do <a class=\"cursor-pointer\" href=\"https:\/\/beczkazpaczki.pl\/?page_id=368&amp;v=288404204e3d\" target=\"_new\" rel=\"noopener\" data-start=\"1966\" data-end=\"2002\">najcz\u0119\u015bciej zadawanych pyta\u0144<\/a>.<\/p>\n","protected":false},"excerpt":{"rendered":"<p>Piec elektryczny Harvia Vega BC80 \u2013 funkcjonalno\u015b\u0107 i styl fi\u0144skiego producenta Piec elektryczny Harvia Vega BC80 to urz\u0105dzenie eleganckie, nowoczesne i wyj\u0105tkowo \u0142atwe w obs\u0142udze. Przede wszystkim jego obudowa, wykonana ze stali nierdzewnej, nadaje saunie estetyczny wygl\u0105d, a przy tym jest trwa\u0142a i odporna na korozj\u0119. Dodatkowo, ergonomiczne pokr\u0119t\u0142a do regulacji temperatury i czasu pracy&#8230;<\/p>\n","protected":false},"featured_media":2908,"comment_status":"open","ping_status":"closed","template":"","meta":{"_monsterinsights_skip_tracking":false,"_monsterinsights_sitenote_active":false,"_monsterinsights_sitenote_note":"","_monsterinsights_sitenote_category":0,"_kadence_starter_templates_imported_post":false,"_kad_post_transparent":"default","_kad_post_title":"","_kad_post_layout":"default","_kad_post_sidebar_id":"","_kad_post_content_style":"default","_kad_post_vertical_padding":"default","_kad_post_feature":"","_kad_post_feature_position":"","_kad_post_header":false,"_kad_post_footer":false},"product_brand":[],"product_cat":[58],"product_tag":[],"class_list":{"0":"post-2907","1":"product","2":"type-product","3":"status-publish","4":"has-post-thumbnail","6":"product_cat-wyposazenie","7":"product_shipping_class-d","9":"first","10":"instock","11":"shipping-taxable","12":"purchasable","13":"product-type-simple","14":"entry","15":"content-bg","16":"loop-entry"},"acf":[],"yoast_head":"<!-- This site is optimized with the Yoast SEO plugin v24.9 - https:\/\/yoast.com\/wordpress\/plugins\/seo\/ -->\n<title>Piec elektryczny Harvia Vega BC80 -<\/title>\n<meta name=\"description\" content=\"Piec elektryczny Harvia Vega BC80 to \u015bwietny wyb\u00f3r do mniejszych saun. Symetryczny i \u0142atwy w monta\u017cu. Posiada ergonomiczne pokr\u0119t\u0142a do sterowania.\" \/>\n<meta name=\"robots\" content=\"index, follow, max-snippet:-1, max-image-preview:large, max-video-preview:-1\" \/>\n<link rel=\"canonical\" href=\"https:\/\/beczkazpaczki.pl\/?product=piec-harvia-bc80\" \/>\n<meta property=\"og:locale\" content=\"pl_PL\" \/>\n<meta property=\"og:type\" content=\"article\" \/>\n<meta property=\"og:title\" content=\"Piec elektryczny Harvia Vega BC80 -\" \/>\n<meta property=\"og:description\" content=\"Piec elektryczny Harvia Vega BC80 to \u015bwietny wyb\u00f3r do mniejszych saun. Symetryczny i \u0142atwy w monta\u017cu. Posiada ergonomiczne pokr\u0119t\u0142a do sterowania.\" \/>\n<meta property=\"og:url\" content=\"https:\/\/beczkazpaczki.pl\/?product=piec-harvia-bc80\" \/>\n<meta property=\"article:publisher\" content=\"https:\/\/www.facebook.com\/twojabeczkaogrodowa\" \/>\n<meta property=\"article:modified_time\" content=\"2025-12-05T11:28:48+00:00\" \/>\n<meta property=\"og:image\" content=\"https:\/\/beczkazpaczki.pl\/wp-content\/uploads\/2025\/05\/397202f352f644a334fd8a04d0a8c746.jpg\" \/>\n\t<meta property=\"og:image:width\" content=\"1000\" \/>\n\t<meta property=\"og:image:height\" content=\"1000\" \/>\n\t<meta property=\"og:image:type\" content=\"image\/jpeg\" \/>\n<meta name=\"twitter:card\" content=\"summary_large_image\" \/>\n<meta name=\"twitter:label1\" content=\"Szacowany czas czytania\" \/>\n\t<meta name=\"twitter:data1\" content=\"2 minuty\" \/>\n<script type=\"application\/ld+json\" class=\"yoast-schema-graph\">{\"@context\":\"https:\/\/schema.org\",\"@graph\":[{\"@type\":\"WebPage\",\"@id\":\"https:\/\/beczkazpaczki.pl\/?product=piec-harvia-bc80\",\"url\":\"https:\/\/beczkazpaczki.pl\/?product=piec-harvia-bc80\",\"name\":\"Piec elektryczny Harvia Vega BC80 -\",\"isPartOf\":{\"@id\":\"https:\/\/beczkazpaczki.pl\/#website\"},\"primaryImageOfPage\":{\"@id\":\"https:\/\/beczkazpaczki.pl\/?product=piec-harvia-bc80#primaryimage\"},\"image\":{\"@id\":\"https:\/\/beczkazpaczki.pl\/?product=piec-harvia-bc80#primaryimage\"},\"thumbnailUrl\":\"https:\/\/beczkazpaczki.pl\/wp-content\/uploads\/2025\/05\/397202f352f644a334fd8a04d0a8c746.jpg\",\"datePublished\":\"2025-05-14T19:41:36+00:00\",\"dateModified\":\"2025-12-05T11:28:48+00:00\",\"description\":\"Piec elektryczny Harvia Vega BC80 to \u015bwietny wyb\u00f3r do mniejszych saun. Symetryczny i \u0142atwy w monta\u017cu. Posiada ergonomiczne pokr\u0119t\u0142a do sterowania.\",\"breadcrumb\":{\"@id\":\"https:\/\/beczkazpaczki.pl\/?product=piec-harvia-bc80#breadcrumb\"},\"inLanguage\":\"pl-PL\",\"potentialAction\":[{\"@type\":\"ReadAction\",\"target\":[\"https:\/\/beczkazpaczki.pl\/?product=piec-harvia-bc80\"]}]},{\"@type\":\"ImageObject\",\"inLanguage\":\"pl-PL\",\"@id\":\"https:\/\/beczkazpaczki.pl\/?product=piec-harvia-bc80#primaryimage\",\"url\":\"https:\/\/beczkazpaczki.pl\/wp-content\/uploads\/2025\/05\/397202f352f644a334fd8a04d0a8c746.jpg\",\"contentUrl\":\"https:\/\/beczkazpaczki.pl\/wp-content\/uploads\/2025\/05\/397202f352f644a334fd8a04d0a8c746.jpg\",\"width\":1000,\"height\":1000,\"caption\":\"piec-do-sauny-harvia-vega\"},{\"@type\":\"BreadcrumbList\",\"@id\":\"https:\/\/beczkazpaczki.pl\/?product=piec-harvia-bc80#breadcrumb\",\"itemListElement\":[{\"@type\":\"ListItem\",\"position\":1,\"name\":\"Strona g\u0142\u00f3wna\",\"item\":\"https:\/\/beczkazpaczki.pl\/\"},{\"@type\":\"ListItem\",\"position\":2,\"name\":\"Zam\u00f3w teraz\",\"item\":\"https:\/\/beczkazpaczki.pl\/?page_id=1954\"},{\"@type\":\"ListItem\",\"position\":3,\"name\":\"Piec elektryczny Harvia Vega BC80\"}]},{\"@type\":\"WebSite\",\"@id\":\"https:\/\/beczkazpaczki.pl\/#website\",\"url\":\"https:\/\/beczkazpaczki.pl\/\",\"name\":\"Beczka z paczki\",\"description\":\"Sauny i akcesoria\",\"publisher\":{\"@id\":\"https:\/\/beczkazpaczki.pl\/#organization\"},\"potentialAction\":[{\"@type\":\"SearchAction\",\"target\":{\"@type\":\"EntryPoint\",\"urlTemplate\":\"https:\/\/beczkazpaczki.pl\/?s={search_term_string}\"},\"query-input\":{\"@type\":\"PropertyValueSpecification\",\"valueRequired\":true,\"valueName\":\"search_term_string\"}}],\"inLanguage\":\"pl-PL\"},{\"@type\":\"Organization\",\"@id\":\"https:\/\/beczkazpaczki.pl\/#organization\",\"name\":\"Beczka z paczki\",\"url\":\"https:\/\/beczkazpaczki.pl\/\",\"logo\":{\"@type\":\"ImageObject\",\"inLanguage\":\"pl-PL\",\"@id\":\"https:\/\/beczkazpaczki.pl\/#\/schema\/logo\/image\/\",\"url\":\"https:\/\/beczkazpaczki.pl\/wp-content\/uploads\/2025\/04\/cropped-Logo_Beczka-z-paczki_Black.png\",\"contentUrl\":\"https:\/\/beczkazpaczki.pl\/wp-content\/uploads\/2025\/04\/cropped-Logo_Beczka-z-paczki_Black.png\",\"width\":6402,\"height\":1569,\"caption\":\"Beczka z paczki\"},\"image\":{\"@id\":\"https:\/\/beczkazpaczki.pl\/#\/schema\/logo\/image\/\"},\"sameAs\":[\"https:\/\/www.facebook.com\/twojabeczkaogrodowa\"]}]}<\/script>\n<!-- \/ Yoast SEO plugin. -->","yoast_head_json":{"title":"Piec elektryczny Harvia Vega BC80 -","description":"Piec elektryczny Harvia Vega BC80 to \u015bwietny wyb\u00f3r do mniejszych saun. Symetryczny i \u0142atwy w monta\u017cu. Posiada ergonomiczne pokr\u0119t\u0142a do sterowania.","robots":{"index":"index","follow":"follow","max-snippet":"max-snippet:-1","max-image-preview":"max-image-preview:large","max-video-preview":"max-video-preview:-1"},"canonical":"https:\/\/beczkazpaczki.pl\/?product=piec-harvia-bc80","og_locale":"pl_PL","og_type":"article","og_title":"Piec elektryczny Harvia Vega BC80 -","og_description":"Piec elektryczny Harvia Vega BC80 to \u015bwietny wyb\u00f3r do mniejszych saun. Symetryczny i \u0142atwy w monta\u017cu. Posiada ergonomiczne pokr\u0119t\u0142a do sterowania.","og_url":"https:\/\/beczkazpaczki.pl\/?product=piec-harvia-bc80","article_publisher":"https:\/\/www.facebook.com\/twojabeczkaogrodowa","article_modified_time":"2025-12-05T11:28:48+00:00","og_image":[{"width":1000,"height":1000,"url":"https:\/\/beczkazpaczki.pl\/wp-content\/uploads\/2025\/05\/397202f352f644a334fd8a04d0a8c746.jpg","type":"image\/jpeg"}],"twitter_card":"summary_large_image","twitter_misc":{"Szacowany czas czytania":"2 minuty"},"schema":{"@context":"https:\/\/schema.org","@graph":[{"@type":"WebPage","@id":"https:\/\/beczkazpaczki.pl\/?product=piec-harvia-bc80","url":"https:\/\/beczkazpaczki.pl\/?product=piec-harvia-bc80","name":"Piec elektryczny Harvia Vega BC80 -","isPartOf":{"@id":"https:\/\/beczkazpaczki.pl\/#website"},"primaryImageOfPage":{"@id":"https:\/\/beczkazpaczki.pl\/?product=piec-harvia-bc80#primaryimage"},"image":{"@id":"https:\/\/beczkazpaczki.pl\/?product=piec-harvia-bc80#primaryimage"},"thumbnailUrl":"https:\/\/beczkazpaczki.pl\/wp-content\/uploads\/2025\/05\/397202f352f644a334fd8a04d0a8c746.jpg","datePublished":"2025-05-14T19:41:36+00:00","dateModified":"2025-12-05T11:28:48+00:00","description":"Piec elektryczny Harvia Vega BC80 to \u015bwietny wyb\u00f3r do mniejszych saun. Symetryczny i \u0142atwy w monta\u017cu. Posiada ergonomiczne pokr\u0119t\u0142a do sterowania.","breadcrumb":{"@id":"https:\/\/beczkazpaczki.pl\/?product=piec-harvia-bc80#breadcrumb"},"inLanguage":"pl-PL","potentialAction":[{"@type":"ReadAction","target":["https:\/\/beczkazpaczki.pl\/?product=piec-harvia-bc80"]}]},{"@type":"ImageObject","inLanguage":"pl-PL","@id":"https:\/\/beczkazpaczki.pl\/?product=piec-harvia-bc80#primaryimage","url":"https:\/\/beczkazpaczki.pl\/wp-content\/uploads\/2025\/05\/397202f352f644a334fd8a04d0a8c746.jpg","contentUrl":"https:\/\/beczkazpaczki.pl\/wp-content\/uploads\/2025\/05\/397202f352f644a334fd8a04d0a8c746.jpg","width":1000,"height":1000,"caption":"piec-do-sauny-harvia-vega"},{"@type":"BreadcrumbList","@id":"https:\/\/beczkazpaczki.pl\/?product=piec-harvia-bc80#breadcrumb","itemListElement":[{"@type":"ListItem","position":1,"name":"Strona g\u0142\u00f3wna","item":"https:\/\/beczkazpaczki.pl\/"},{"@type":"ListItem","position":2,"name":"Zam\u00f3w teraz","item":"https:\/\/beczkazpaczki.pl\/?page_id=1954"},{"@type":"ListItem","position":3,"name":"Piec elektryczny Harvia Vega BC80"}]},{"@type":"WebSite","@id":"https:\/\/beczkazpaczki.pl\/#website","url":"https:\/\/beczkazpaczki.pl\/","name":"Beczka z paczki","description":"Sauny i akcesoria","publisher":{"@id":"https:\/\/beczkazpaczki.pl\/#organization"},"potentialAction":[{"@type":"SearchAction","target":{"@type":"EntryPoint","urlTemplate":"https:\/\/beczkazpaczki.pl\/?s={search_term_string}"},"query-input":{"@type":"PropertyValueSpecification","valueRequired":true,"valueName":"search_term_string"}}],"inLanguage":"pl-PL"},{"@type":"Organization","@id":"https:\/\/beczkazpaczki.pl\/#organization","name":"Beczka z paczki","url":"https:\/\/beczkazpaczki.pl\/","logo":{"@type":"ImageObject","inLanguage":"pl-PL","@id":"https:\/\/beczkazpaczki.pl\/#\/schema\/logo\/image\/","url":"https:\/\/beczkazpaczki.pl\/wp-content\/uploads\/2025\/04\/cropped-Logo_Beczka-z-paczki_Black.png","contentUrl":"https:\/\/beczkazpaczki.pl\/wp-content\/uploads\/2025\/04\/cropped-Logo_Beczka-z-paczki_Black.png","width":6402,"height":1569,"caption":"Beczka z paczki"},"image":{"@id":"https:\/\/beczkazpaczki.pl\/#\/schema\/logo\/image\/"},"sameAs":["https:\/\/www.facebook.com\/twojabeczkaogrodowa"]}]}},"_links":{"self":[{"href":"https:\/\/beczkazpaczki.pl\/index.php?rest_route=\/wp\/v2\/product\/2907","targetHints":{"allow":["GET"]}}],"collection":[{"href":"https:\/\/beczkazpaczki.pl\/index.php?rest_route=\/wp\/v2\/product"}],"about":[{"href":"https:\/\/beczkazpaczki.pl\/index.php?rest_route=\/wp\/v2\/types\/product"}],"replies":[{"embeddable":true,"href":"https:\/\/beczkazpaczki.pl\/index.php?rest_route=%2Fwp%2Fv2%2Fcomments&post=2907"}],"wp:featuredmedia":[{"embeddable":true,"href":"https:\/\/beczkazpaczki.pl\/index.php?rest_route=\/wp\/v2\/media\/2908"}],"wp:attachment":[{"href":"https:\/\/beczkazpaczki.pl\/index.php?rest_route=%2Fwp%2Fv2%2Fmedia&parent=2907"}],"wp:term":[{"taxonomy":"product_brand","embeddable":true,"href":"https:\/\/beczkazpaczki.pl\/index.php?rest_route=%2Fwp%2Fv2%2Fproduct_brand&post=2907"},{"taxonomy":"product_cat","embeddable":true,"href":"https:\/\/beczkazpaczki.pl\/index.php?rest_route=%2Fwp%2Fv2%2Fproduct_cat&post=2907"},{"taxonomy":"product_tag","embeddable":true,"href":"https:\/\/beczkazpaczki.pl\/index.php?rest_route=%2Fwp%2Fv2%2Fproduct_tag&post=2907"}],"curies":[{"name":"wp","href":"https:\/\/api.w.org\/{rel}","templated":true}]}}