{"id":3087,"date":"2025-10-10T14:59:49","date_gmt":"2025-10-10T12:59:49","guid":{"rendered":"https:\/\/beczkazpaczki.pl\/?post_type=product&#038;p=3087"},"modified":"2026-02-17T10:38:32","modified_gmt":"2026-02-17T09:38:32","slug":"piec-na-drewno-ignar","status":"publish","type":"product","link":"https:\/\/beczkazpaczki.pl\/?product=piec-na-drewno-ignar","title":{"rendered":"Piec na drewno Ignar"},"content":{"rendered":"<h1 data-start=\"160\" data-end=\"232\"><strong data-start=\"163\" data-end=\"232\">Piec do sauny na drewno IGNAR \u2013 moc tradycji w kompaktowej formie<\/strong><\/h1>\n<p data-start=\"234\" data-end=\"481\"><strong data-start=\"234\" data-end=\"243\">IGNAR<\/strong> to polski piec do sauny zaprojektowany z my\u015bl\u0105 o najmniejszych przestrzeniach \u2014 idealny do saun o <strong data-start=\"342\" data-end=\"364\">kubaturze do 16 m\u00b3<\/strong>. Mimo kompaktowych wymiar\u00f3w, oferuje pe\u0142n\u0105 moc naturalnego ciep\u0142a, kt\u00f3re tworzy prawdziwy klimat fi\u0144skiej k\u0105pieli.<\/p>\n<h3 data-start=\"483\" data-end=\"518\">\ud83d\udd25 <strong data-start=\"490\" data-end=\"518\">Najwa\u017cniejsze parametry zestawu:<\/strong><\/h3>\n<ul data-start=\"519\" data-end=\"716\">\n<li data-start=\"519\" data-end=\"568\">\n<p data-start=\"521\" data-end=\"568\">Przeznaczenie: sauny o kubaturze <strong data-start=\"554\" data-end=\"566\">do 16 m\u00b3<\/strong><\/p>\n<\/li>\n<li data-start=\"569\" data-end=\"598\">\n<p data-start=\"571\" data-end=\"598\">D\u0142ugo\u015b\u0107 kana\u0142u: <strong data-start=\"587\" data-end=\"596\">16 cm<\/strong><\/p>\n<\/li>\n<li data-start=\"599\" data-end=\"629\">\n<p data-start=\"601\" data-end=\"629\">D\u0142ugo\u015b\u0107 obudowy: <strong data-start=\"618\" data-end=\"627\">37 cm<\/strong><\/p>\n<\/li>\n<li data-start=\"630\" data-end=\"654\">\n<p data-start=\"632\" data-end=\"654\">Szeroko\u015b\u0107: <strong data-start=\"643\" data-end=\"652\">43 cm<\/strong><\/p>\n<\/li>\n<li data-start=\"655\" data-end=\"678\">\n<p data-start=\"657\" data-end=\"678\">Wysoko\u015b\u0107: <strong data-start=\"667\" data-end=\"676\">80 cm<\/strong><\/p>\n<\/li>\n<li data-start=\"679\" data-end=\"716\">\n<p data-start=\"681\" data-end=\"716\">Pojemno\u015b\u0107 kamieni: <strong data-start=\"704\" data-end=\"714\">100 kg<\/strong><\/p>\n<\/li>\n<li data-start=\"679\" data-end=\"716\">System kominowy<\/li>\n<li data-start=\"679\" data-end=\"716\">Blachy os\u0142onowe<\/li>\n<\/ul>\n<p data-start=\"718\" data-end=\"951\">Dzi\u0119ki solidnej konstrukcji i du\u017cej pojemno\u015bci kamieni, piec <strong data-start=\"779\" data-end=\"788\">IGNAR<\/strong> gwarantuje r\u00f3wnomierne nagrzewanie i d\u0142ugie utrzymywanie temperatury. To idealne rozwi\u0105zanie dla mi\u0142o\u015bnik\u00f3w klasycznego, drewnianego ogrzewania \u2014 bez kompromis\u00f3w.<\/p>\n<h3 data-start=\"953\" data-end=\"992\">\u2699\ufe0f <strong data-start=\"960\" data-end=\"992\">Polska jako\u015b\u0107 i elastyczno\u015b\u0107<\/strong><\/h3>\n<p data-start=\"993\" data-end=\"1262\">Ka\u017cdy piec <strong data-start=\"1004\" data-end=\"1013\">IGNAR<\/strong> powstaje w Polsce i posiada <strong data-start=\"1042\" data-end=\"1059\">certyfikat CE<\/strong>, co potwierdza bezpiecze\u0144stwo oraz wysok\u0105 jako\u015b\u0107 wykonania.<\/p>\n<p>&nbsp;<\/p>\n","protected":false},"excerpt":{"rendered":"<p>Piec do sauny na drewno IGNAR \u2013 moc tradycji w kompaktowej formie IGNAR to polski piec do sauny zaprojektowany z my\u015bl\u0105 o najmniejszych przestrzeniach \u2014 idealny do saun o kubaturze do 16 m\u00b3. Mimo kompaktowych wymiar\u00f3w, oferuje pe\u0142n\u0105 moc naturalnego ciep\u0142a, kt\u00f3re tworzy prawdziwy klimat fi\u0144skiej k\u0105pieli. \ud83d\udd25 Najwa\u017cniejsze parametry zestawu: Przeznaczenie: sauny o kubaturze&#8230;<\/p>\n","protected":false},"featured_media":3088,"comment_status":"open","ping_status":"closed","template":"","meta":{"_monsterinsights_skip_tracking":false,"_monsterinsights_sitenote_active":false,"_monsterinsights_sitenote_note":"","_monsterinsights_sitenote_category":0,"_kadence_starter_templates_imported_post":false,"_kad_post_transparent":"default","_kad_post_title":"","_kad_post_layout":"default","_kad_post_sidebar_id":"","_kad_post_content_style":"default","_kad_post_vertical_padding":"default","_kad_post_feature":"","_kad_post_feature_position":"","_kad_post_header":false,"_kad_post_footer":false},"product_brand":[],"product_cat":[58],"product_tag":[],"class_list":{"0":"post-3087","1":"product","2":"type-product","3":"status-publish","4":"has-post-thumbnail","6":"product_cat-wyposazenie","7":"product_shipping_class-c","9":"first","10":"instock","11":"shipping-taxable","12":"purchasable","13":"product-type-simple","14":"entry","15":"content-bg","16":"loop-entry"},"acf":[],"yoast_head":"<!-- This site is optimized with the Yoast SEO plugin v24.9 - https:\/\/yoast.com\/wordpress\/plugins\/seo\/ -->\n<title>Piec na drewno Ignar -<\/title>\n<meta name=\"description\" content=\"Piec na drewno Exclusive do sauny to po\u0142\u0105czenie nowoczesnego designu z wysok\u0105 wydajno\u015bci\u0105 ciepln\u0105. Zapewnia wyj\u0105tkow\u0105 atmosfer\u0119 i g\u0142\u0119boki relaks.\" \/>\n<meta name=\"robots\" content=\"index, follow, max-snippet:-1, max-image-preview:large, max-video-preview:-1\" \/>\n<link rel=\"canonical\" href=\"https:\/\/beczkazpaczki.pl\/?product=piec-na-drewno-ignar\" \/>\n<meta property=\"og:locale\" content=\"pl_PL\" \/>\n<meta property=\"og:type\" content=\"article\" \/>\n<meta property=\"og:title\" content=\"Piec na drewno Ignar -\" \/>\n<meta property=\"og:description\" content=\"Piec na drewno Exclusive do sauny to po\u0142\u0105czenie nowoczesnego designu z wysok\u0105 wydajno\u015bci\u0105 ciepln\u0105. Zapewnia wyj\u0105tkow\u0105 atmosfer\u0119 i g\u0142\u0119boki relaks.\" \/>\n<meta property=\"og:url\" content=\"https:\/\/beczkazpaczki.pl\/?product=piec-na-drewno-ignar\" \/>\n<meta property=\"article:publisher\" content=\"https:\/\/www.facebook.com\/twojabeczkaogrodowa\" \/>\n<meta property=\"article:modified_time\" content=\"2026-02-17T09:38:32+00:00\" \/>\n<meta property=\"og:image\" content=\"https:\/\/beczkazpaczki.pl\/wp-content\/uploads\/2025\/10\/Zrzut-ekranu-2025-10-10-o-15.10.10-1024x899.png\" \/>\n\t<meta property=\"og:image:width\" content=\"1024\" \/>\n\t<meta property=\"og:image:height\" content=\"899\" \/>\n\t<meta property=\"og:image:type\" content=\"image\/png\" \/>\n<meta name=\"twitter:card\" content=\"summary_large_image\" \/>\n<meta name=\"twitter:label1\" content=\"Szacowany czas czytania\" \/>\n\t<meta name=\"twitter:data1\" content=\"1 minuta\" \/>\n<script type=\"application\/ld+json\" class=\"yoast-schema-graph\">{\"@context\":\"https:\/\/schema.org\",\"@graph\":[{\"@type\":\"WebPage\",\"@id\":\"https:\/\/beczkazpaczki.pl\/?product=piec-na-drewno-ignar\",\"url\":\"https:\/\/beczkazpaczki.pl\/?product=piec-na-drewno-ignar\",\"name\":\"Piec na drewno Ignar -\",\"isPartOf\":{\"@id\":\"https:\/\/beczkazpaczki.pl\/#website\"},\"primaryImageOfPage\":{\"@id\":\"https:\/\/beczkazpaczki.pl\/?product=piec-na-drewno-ignar#primaryimage\"},\"image\":{\"@id\":\"https:\/\/beczkazpaczki.pl\/?product=piec-na-drewno-ignar#primaryimage\"},\"thumbnailUrl\":\"https:\/\/beczkazpaczki.pl\/wp-content\/uploads\/2025\/10\/Zrzut-ekranu-2025-10-10-o-15.10.10.png\",\"datePublished\":\"2025-10-10T12:59:49+00:00\",\"dateModified\":\"2026-02-17T09:38:32+00:00\",\"description\":\"Piec na drewno Exclusive do sauny to po\u0142\u0105czenie nowoczesnego designu z wysok\u0105 wydajno\u015bci\u0105 ciepln\u0105. Zapewnia wyj\u0105tkow\u0105 atmosfer\u0119 i g\u0142\u0119boki relaks.\",\"breadcrumb\":{\"@id\":\"https:\/\/beczkazpaczki.pl\/?product=piec-na-drewno-ignar#breadcrumb\"},\"inLanguage\":\"pl-PL\",\"potentialAction\":[{\"@type\":\"ReadAction\",\"target\":[\"https:\/\/beczkazpaczki.pl\/?product=piec-na-drewno-ignar\"]}]},{\"@type\":\"ImageObject\",\"inLanguage\":\"pl-PL\",\"@id\":\"https:\/\/beczkazpaczki.pl\/?product=piec-na-drewno-ignar#primaryimage\",\"url\":\"https:\/\/beczkazpaczki.pl\/wp-content\/uploads\/2025\/10\/Zrzut-ekranu-2025-10-10-o-15.10.10.png\",\"contentUrl\":\"https:\/\/beczkazpaczki.pl\/wp-content\/uploads\/2025\/10\/Zrzut-ekranu-2025-10-10-o-15.10.10.png\",\"width\":1307,\"height\":1148,\"caption\":\"piec na drewno\"},{\"@type\":\"BreadcrumbList\",\"@id\":\"https:\/\/beczkazpaczki.pl\/?product=piec-na-drewno-ignar#breadcrumb\",\"itemListElement\":[{\"@type\":\"ListItem\",\"position\":1,\"name\":\"Strona g\u0142\u00f3wna\",\"item\":\"https:\/\/beczkazpaczki.pl\/\"},{\"@type\":\"ListItem\",\"position\":2,\"name\":\"Zam\u00f3w teraz\",\"item\":\"https:\/\/beczkazpaczki.pl\/?page_id=1954\"},{\"@type\":\"ListItem\",\"position\":3,\"name\":\"Piec na drewno Ignar\"}]},{\"@type\":\"WebSite\",\"@id\":\"https:\/\/beczkazpaczki.pl\/#website\",\"url\":\"https:\/\/beczkazpaczki.pl\/\",\"name\":\"Beczka z paczki\",\"description\":\"Sauny i akcesoria\",\"publisher\":{\"@id\":\"https:\/\/beczkazpaczki.pl\/#organization\"},\"potentialAction\":[{\"@type\":\"SearchAction\",\"target\":{\"@type\":\"EntryPoint\",\"urlTemplate\":\"https:\/\/beczkazpaczki.pl\/?s={search_term_string}\"},\"query-input\":{\"@type\":\"PropertyValueSpecification\",\"valueRequired\":true,\"valueName\":\"search_term_string\"}}],\"inLanguage\":\"pl-PL\"},{\"@type\":\"Organization\",\"@id\":\"https:\/\/beczkazpaczki.pl\/#organization\",\"name\":\"Beczka z paczki\",\"url\":\"https:\/\/beczkazpaczki.pl\/\",\"logo\":{\"@type\":\"ImageObject\",\"inLanguage\":\"pl-PL\",\"@id\":\"https:\/\/beczkazpaczki.pl\/#\/schema\/logo\/image\/\",\"url\":\"https:\/\/beczkazpaczki.pl\/wp-content\/uploads\/2025\/04\/cropped-Logo_Beczka-z-paczki_Black.png\",\"contentUrl\":\"https:\/\/beczkazpaczki.pl\/wp-content\/uploads\/2025\/04\/cropped-Logo_Beczka-z-paczki_Black.png\",\"width\":6402,\"height\":1569,\"caption\":\"Beczka z paczki\"},\"image\":{\"@id\":\"https:\/\/beczkazpaczki.pl\/#\/schema\/logo\/image\/\"},\"sameAs\":[\"https:\/\/www.facebook.com\/twojabeczkaogrodowa\"]}]}<\/script>\n<!-- \/ Yoast SEO plugin. -->","yoast_head_json":{"title":"Piec na drewno Ignar -","description":"Piec na drewno Exclusive do sauny to po\u0142\u0105czenie nowoczesnego designu z wysok\u0105 wydajno\u015bci\u0105 ciepln\u0105. Zapewnia wyj\u0105tkow\u0105 atmosfer\u0119 i g\u0142\u0119boki relaks.","robots":{"index":"index","follow":"follow","max-snippet":"max-snippet:-1","max-image-preview":"max-image-preview:large","max-video-preview":"max-video-preview:-1"},"canonical":"https:\/\/beczkazpaczki.pl\/?product=piec-na-drewno-ignar","og_locale":"pl_PL","og_type":"article","og_title":"Piec na drewno Ignar -","og_description":"Piec na drewno Exclusive do sauny to po\u0142\u0105czenie nowoczesnego designu z wysok\u0105 wydajno\u015bci\u0105 ciepln\u0105. Zapewnia wyj\u0105tkow\u0105 atmosfer\u0119 i g\u0142\u0119boki relaks.","og_url":"https:\/\/beczkazpaczki.pl\/?product=piec-na-drewno-ignar","article_publisher":"https:\/\/www.facebook.com\/twojabeczkaogrodowa","article_modified_time":"2026-02-17T09:38:32+00:00","og_image":[{"width":1024,"height":899,"url":"https:\/\/beczkazpaczki.pl\/wp-content\/uploads\/2025\/10\/Zrzut-ekranu-2025-10-10-o-15.10.10-1024x899.png","type":"image\/png"}],"twitter_card":"summary_large_image","twitter_misc":{"Szacowany czas czytania":"1 minuta"},"schema":{"@context":"https:\/\/schema.org","@graph":[{"@type":"WebPage","@id":"https:\/\/beczkazpaczki.pl\/?product=piec-na-drewno-ignar","url":"https:\/\/beczkazpaczki.pl\/?product=piec-na-drewno-ignar","name":"Piec na drewno Ignar -","isPartOf":{"@id":"https:\/\/beczkazpaczki.pl\/#website"},"primaryImageOfPage":{"@id":"https:\/\/beczkazpaczki.pl\/?product=piec-na-drewno-ignar#primaryimage"},"image":{"@id":"https:\/\/beczkazpaczki.pl\/?product=piec-na-drewno-ignar#primaryimage"},"thumbnailUrl":"https:\/\/beczkazpaczki.pl\/wp-content\/uploads\/2025\/10\/Zrzut-ekranu-2025-10-10-o-15.10.10.png","datePublished":"2025-10-10T12:59:49+00:00","dateModified":"2026-02-17T09:38:32+00:00","description":"Piec na drewno Exclusive do sauny to po\u0142\u0105czenie nowoczesnego designu z wysok\u0105 wydajno\u015bci\u0105 ciepln\u0105. Zapewnia wyj\u0105tkow\u0105 atmosfer\u0119 i g\u0142\u0119boki relaks.","breadcrumb":{"@id":"https:\/\/beczkazpaczki.pl\/?product=piec-na-drewno-ignar#breadcrumb"},"inLanguage":"pl-PL","potentialAction":[{"@type":"ReadAction","target":["https:\/\/beczkazpaczki.pl\/?product=piec-na-drewno-ignar"]}]},{"@type":"ImageObject","inLanguage":"pl-PL","@id":"https:\/\/beczkazpaczki.pl\/?product=piec-na-drewno-ignar#primaryimage","url":"https:\/\/beczkazpaczki.pl\/wp-content\/uploads\/2025\/10\/Zrzut-ekranu-2025-10-10-o-15.10.10.png","contentUrl":"https:\/\/beczkazpaczki.pl\/wp-content\/uploads\/2025\/10\/Zrzut-ekranu-2025-10-10-o-15.10.10.png","width":1307,"height":1148,"caption":"piec na drewno"},{"@type":"BreadcrumbList","@id":"https:\/\/beczkazpaczki.pl\/?product=piec-na-drewno-ignar#breadcrumb","itemListElement":[{"@type":"ListItem","position":1,"name":"Strona g\u0142\u00f3wna","item":"https:\/\/beczkazpaczki.pl\/"},{"@type":"ListItem","position":2,"name":"Zam\u00f3w teraz","item":"https:\/\/beczkazpaczki.pl\/?page_id=1954"},{"@type":"ListItem","position":3,"name":"Piec na drewno Ignar"}]},{"@type":"WebSite","@id":"https:\/\/beczkazpaczki.pl\/#website","url":"https:\/\/beczkazpaczki.pl\/","name":"Beczka z paczki","description":"Sauny i akcesoria","publisher":{"@id":"https:\/\/beczkazpaczki.pl\/#organization"},"potentialAction":[{"@type":"SearchAction","target":{"@type":"EntryPoint","urlTemplate":"https:\/\/beczkazpaczki.pl\/?s={search_term_string}"},"query-input":{"@type":"PropertyValueSpecification","valueRequired":true,"valueName":"search_term_string"}}],"inLanguage":"pl-PL"},{"@type":"Organization","@id":"https:\/\/beczkazpaczki.pl\/#organization","name":"Beczka z paczki","url":"https:\/\/beczkazpaczki.pl\/","logo":{"@type":"ImageObject","inLanguage":"pl-PL","@id":"https:\/\/beczkazpaczki.pl\/#\/schema\/logo\/image\/","url":"https:\/\/beczkazpaczki.pl\/wp-content\/uploads\/2025\/04\/cropped-Logo_Beczka-z-paczki_Black.png","contentUrl":"https:\/\/beczkazpaczki.pl\/wp-content\/uploads\/2025\/04\/cropped-Logo_Beczka-z-paczki_Black.png","width":6402,"height":1569,"caption":"Beczka z paczki"},"image":{"@id":"https:\/\/beczkazpaczki.pl\/#\/schema\/logo\/image\/"},"sameAs":["https:\/\/www.facebook.com\/twojabeczkaogrodowa"]}]}},"_links":{"self":[{"href":"https:\/\/beczkazpaczki.pl\/index.php?rest_route=\/wp\/v2\/product\/3087","targetHints":{"allow":["GET"]}}],"collection":[{"href":"https:\/\/beczkazpaczki.pl\/index.php?rest_route=\/wp\/v2\/product"}],"about":[{"href":"https:\/\/beczkazpaczki.pl\/index.php?rest_route=\/wp\/v2\/types\/product"}],"replies":[{"embeddable":true,"href":"https:\/\/beczkazpaczki.pl\/index.php?rest_route=%2Fwp%2Fv2%2Fcomments&post=3087"}],"wp:featuredmedia":[{"embeddable":true,"href":"https:\/\/beczkazpaczki.pl\/index.php?rest_route=\/wp\/v2\/media\/3088"}],"wp:attachment":[{"href":"https:\/\/beczkazpaczki.pl\/index.php?rest_route=%2Fwp%2Fv2%2Fmedia&parent=3087"}],"wp:term":[{"taxonomy":"product_brand","embeddable":true,"href":"https:\/\/beczkazpaczki.pl\/index.php?rest_route=%2Fwp%2Fv2%2Fproduct_brand&post=3087"},{"taxonomy":"product_cat","embeddable":true,"href":"https:\/\/beczkazpaczki.pl\/index.php?rest_route=%2Fwp%2Fv2%2Fproduct_cat&post=3087"},{"taxonomy":"product_tag","embeddable":true,"href":"https:\/\/beczkazpaczki.pl\/index.php?rest_route=%2Fwp%2Fv2%2Fproduct_tag&post=3087"}],"curies":[{"name":"wp","href":"https:\/\/api.w.org\/{rel}","templated":true}]}}