{"id":3190,"date":"2026-02-11T11:15:39","date_gmt":"2026-02-11T10:15:39","guid":{"rendered":"https:\/\/beczkazpaczki.pl\/?post_type=product&#038;p=3190"},"modified":"2026-02-11T11:24:42","modified_gmt":"2026-02-11T10:24:42","slug":"lawki-z-osiki","status":"publish","type":"product","link":"https:\/\/beczkazpaczki.pl\/?product=lawki-z-osiki","title":{"rendered":"\u0141awki z osiki"},"content":{"rendered":"<h3 data-start=\"33\" data-end=\"90\">Dop\u0142ata do \u0142awek z osiki \u2013 naturalny komfort w saunie<\/h3>\n<p data-start=\"92\" data-end=\"390\">Dop\u0142ata do \u0142awek wykonanych z <strong data-start=\"122\" data-end=\"131\">osiki<\/strong> to idealne rozwi\u0105zanie dla os\u00f3b, kt\u00f3re ceni\u0105 sobie <strong data-start=\"183\" data-end=\"235\">maksymalny komfort, trwa\u0142o\u015b\u0107 i estetyk\u0119 w saunie<\/strong>. Osika to jedno z najlepszych gatunk\u00f3w drewna do zastosowa\u0144 saunowych \u2013 jest jasna, g\u0142adka w dotyku i wyj\u0105tkowo odporna na wysok\u0105 temperatur\u0119 oraz wilgo\u0107.<\/p>\n<p data-start=\"392\" data-end=\"692\">Dzi\u0119ki niskiemu przewodnictwu cieplnemu <strong data-start=\"432\" data-end=\"479\">\u0142awki z osiki nie nagrzewaj\u0105 si\u0119 nadmiernie<\/strong>, co znacz\u0105co podnosi komfort u\u017cytkowania nawet podczas d\u0142ugich seans\u00f3w. Dodatkowo drewno osikowe charakteryzuje si\u0119 ma\u0142\u0105 ilo\u015bci\u0105 s\u0119k\u00f3w, <strong data-start=\"577\" data-end=\"600\">nie wydziela \u017cywicy<\/strong>, nie parzy sk\u00f3ry i zachowuje stabilno\u015b\u0107 wymiarow\u0105 w trudnych warunkach panuj\u0105cych w saunie.<\/p>\n<p data-start=\"694\" data-end=\"775\">Wybieraj\u0105c dop\u0142at\u0119 do \u0142awek z osiki, podnosisz standard swojej sauny i zyskujesz:<\/p>\n<ul data-start=\"776\" data-end=\"951\">\n<li data-start=\"776\" data-end=\"822\">\n<p data-start=\"778\" data-end=\"822\">naturalne, jasne wyko\u0144czenie wn\u0119trza sauny<\/p>\n<\/li>\n<li data-start=\"823\" data-end=\"862\">\n<p data-start=\"825\" data-end=\"862\">wi\u0119kszy komfort siedzenia i le\u017cenia<\/p>\n<\/li>\n<li data-start=\"863\" data-end=\"908\">\n<p data-start=\"865\" data-end=\"908\">drewno idealne do sauny suchej i fi\u0144skiej<\/p>\n<\/li>\n<li data-start=\"909\" data-end=\"951\">\n<p data-start=\"911\" data-end=\"951\">estetyk\u0119 klasy premium bez kompromis\u00f3w<\/p>\n<\/li>\n<\/ul>\n<p data-start=\"953\" data-end=\"1096\">To <strong data-start=\"956\" data-end=\"1010\">najcz\u0119\u015bciej wybierana opcja przez klient\u00f3w premium<\/strong> oraz hit w\u015br\u00f3d os\u00f3b, kt\u00f3re chc\u0105, aby sauna by\u0142a nie tylko funkcjonalna, ale i pi\u0119kna.<\/p>\n","protected":false},"excerpt":{"rendered":"<p>Dop\u0142ata do \u0142awek z osiki \u2013 naturalny komfort w saunie Dop\u0142ata do \u0142awek wykonanych z osiki to idealne rozwi\u0105zanie dla os\u00f3b, kt\u00f3re ceni\u0105 sobie maksymalny komfort, trwa\u0142o\u015b\u0107 i estetyk\u0119 w saunie. Osika to jedno z najlepszych gatunk\u00f3w drewna do zastosowa\u0144 saunowych \u2013 jest jasna, g\u0142adka w dotyku i wyj\u0105tkowo odporna na wysok\u0105 temperatur\u0119 oraz wilgo\u0107&#8230;.<\/p>\n","protected":false},"featured_media":2953,"comment_status":"open","ping_status":"closed","template":"","meta":{"_monsterinsights_skip_tracking":false,"_monsterinsights_sitenote_active":false,"_monsterinsights_sitenote_note":"","_monsterinsights_sitenote_category":0,"_kadence_starter_templates_imported_post":false,"_kad_post_transparent":"default","_kad_post_title":"","_kad_post_layout":"default","_kad_post_sidebar_id":"","_kad_post_content_style":"default","_kad_post_vertical_padding":"default","_kad_post_feature":"","_kad_post_feature_position":"","_kad_post_header":false,"_kad_post_footer":false},"product_brand":[],"product_cat":[58],"product_tag":[],"class_list":{"0":"post-3190","1":"product","2":"type-product","3":"status-publish","4":"has-post-thumbnail","6":"product_cat-wyposazenie","7":"product_shipping_class-akcesoria","9":"first","10":"instock","11":"shipping-taxable","12":"purchasable","13":"product-type-simple","14":"entry","15":"content-bg","16":"loop-entry"},"acf":[],"yoast_head":"<!-- This site is optimized with the Yoast SEO plugin v24.9 - https:\/\/yoast.com\/wordpress\/plugins\/seo\/ -->\n<title>\u0141awki z osiki -<\/title>\n<meta name=\"description\" content=\"\u0141awki z osiki w saunie nie nagrzewaj\u0105 si\u0119 nadmiernie, co znacz\u0105co podnosi komfort u\u017cytkowania nawet podczas d\u0142ugich seans\u00f3w saunowych.\" \/>\n<meta name=\"robots\" content=\"index, follow, max-snippet:-1, max-image-preview:large, max-video-preview:-1\" \/>\n<link rel=\"canonical\" href=\"https:\/\/beczkazpaczki.pl\/?product=lawki-z-osiki\" \/>\n<meta property=\"og:locale\" content=\"pl_PL\" \/>\n<meta property=\"og:type\" content=\"article\" \/>\n<meta property=\"og:title\" content=\"\u0141awki z osiki -\" \/>\n<meta property=\"og:description\" content=\"\u0141awki z osiki w saunie nie nagrzewaj\u0105 si\u0119 nadmiernie, co znacz\u0105co podnosi komfort u\u017cytkowania nawet podczas d\u0142ugich seans\u00f3w saunowych.\" \/>\n<meta property=\"og:url\" content=\"https:\/\/beczkazpaczki.pl\/?product=lawki-z-osiki\" \/>\n<meta property=\"article:publisher\" content=\"https:\/\/www.facebook.com\/twojabeczkaogrodowa\" \/>\n<meta property=\"article:modified_time\" content=\"2026-02-11T10:24:42+00:00\" \/>\n<meta property=\"og:image\" content=\"https:\/\/beczkazpaczki.pl\/wp-content\/uploads\/2025\/04\/lawka-sauna-scaled.jpg\" \/>\n\t<meta property=\"og:image:width\" content=\"2560\" \/>\n\t<meta property=\"og:image:height\" content=\"2560\" \/>\n\t<meta property=\"og:image:type\" content=\"image\/jpeg\" \/>\n<meta name=\"twitter:card\" content=\"summary_large_image\" \/>\n<meta name=\"twitter:label1\" content=\"Szacowany czas czytania\" \/>\n\t<meta name=\"twitter:data1\" content=\"2 minuty\" \/>\n<script type=\"application\/ld+json\" class=\"yoast-schema-graph\">{\"@context\":\"https:\/\/schema.org\",\"@graph\":[{\"@type\":\"WebPage\",\"@id\":\"https:\/\/beczkazpaczki.pl\/?product=lawki-z-osiki\",\"url\":\"https:\/\/beczkazpaczki.pl\/?product=lawki-z-osiki\",\"name\":\"\u0141awki z osiki -\",\"isPartOf\":{\"@id\":\"https:\/\/beczkazpaczki.pl\/#website\"},\"primaryImageOfPage\":{\"@id\":\"https:\/\/beczkazpaczki.pl\/?product=lawki-z-osiki#primaryimage\"},\"image\":{\"@id\":\"https:\/\/beczkazpaczki.pl\/?product=lawki-z-osiki#primaryimage\"},\"thumbnailUrl\":\"https:\/\/beczkazpaczki.pl\/wp-content\/uploads\/2025\/04\/lawka-sauna-scaled.jpg\",\"datePublished\":\"2026-02-11T10:15:39+00:00\",\"dateModified\":\"2026-02-11T10:24:42+00:00\",\"description\":\"\u0141awki z osiki w saunie nie nagrzewaj\u0105 si\u0119 nadmiernie, co znacz\u0105co podnosi komfort u\u017cytkowania nawet podczas d\u0142ugich seans\u00f3w saunowych.\",\"breadcrumb\":{\"@id\":\"https:\/\/beczkazpaczki.pl\/?product=lawki-z-osiki#breadcrumb\"},\"inLanguage\":\"pl-PL\",\"potentialAction\":[{\"@type\":\"ReadAction\",\"target\":[\"https:\/\/beczkazpaczki.pl\/?product=lawki-z-osiki\"]}]},{\"@type\":\"ImageObject\",\"inLanguage\":\"pl-PL\",\"@id\":\"https:\/\/beczkazpaczki.pl\/?product=lawki-z-osiki#primaryimage\",\"url\":\"https:\/\/beczkazpaczki.pl\/wp-content\/uploads\/2025\/04\/lawka-sauna-scaled.jpg\",\"contentUrl\":\"https:\/\/beczkazpaczki.pl\/wp-content\/uploads\/2025\/04\/lawka-sauna-scaled.jpg\",\"width\":2560,\"height\":2560,\"caption\":\"\u0142awki z osiki\"},{\"@type\":\"BreadcrumbList\",\"@id\":\"https:\/\/beczkazpaczki.pl\/?product=lawki-z-osiki#breadcrumb\",\"itemListElement\":[{\"@type\":\"ListItem\",\"position\":1,\"name\":\"Strona g\u0142\u00f3wna\",\"item\":\"https:\/\/beczkazpaczki.pl\/\"},{\"@type\":\"ListItem\",\"position\":2,\"name\":\"Zam\u00f3w teraz\",\"item\":\"https:\/\/beczkazpaczki.pl\/?page_id=1954\"},{\"@type\":\"ListItem\",\"position\":3,\"name\":\"\u0141awki z osiki\"}]},{\"@type\":\"WebSite\",\"@id\":\"https:\/\/beczkazpaczki.pl\/#website\",\"url\":\"https:\/\/beczkazpaczki.pl\/\",\"name\":\"Beczka z paczki\",\"description\":\"Sauny i akcesoria\",\"publisher\":{\"@id\":\"https:\/\/beczkazpaczki.pl\/#organization\"},\"potentialAction\":[{\"@type\":\"SearchAction\",\"target\":{\"@type\":\"EntryPoint\",\"urlTemplate\":\"https:\/\/beczkazpaczki.pl\/?s={search_term_string}\"},\"query-input\":{\"@type\":\"PropertyValueSpecification\",\"valueRequired\":true,\"valueName\":\"search_term_string\"}}],\"inLanguage\":\"pl-PL\"},{\"@type\":\"Organization\",\"@id\":\"https:\/\/beczkazpaczki.pl\/#organization\",\"name\":\"Beczka z paczki\",\"url\":\"https:\/\/beczkazpaczki.pl\/\",\"logo\":{\"@type\":\"ImageObject\",\"inLanguage\":\"pl-PL\",\"@id\":\"https:\/\/beczkazpaczki.pl\/#\/schema\/logo\/image\/\",\"url\":\"https:\/\/beczkazpaczki.pl\/wp-content\/uploads\/2025\/04\/cropped-Logo_Beczka-z-paczki_Black.png\",\"contentUrl\":\"https:\/\/beczkazpaczki.pl\/wp-content\/uploads\/2025\/04\/cropped-Logo_Beczka-z-paczki_Black.png\",\"width\":6402,\"height\":1569,\"caption\":\"Beczka z paczki\"},\"image\":{\"@id\":\"https:\/\/beczkazpaczki.pl\/#\/schema\/logo\/image\/\"},\"sameAs\":[\"https:\/\/www.facebook.com\/twojabeczkaogrodowa\"]}]}<\/script>\n<!-- \/ Yoast SEO plugin. -->","yoast_head_json":{"title":"\u0141awki z osiki -","description":"\u0141awki z osiki w saunie nie nagrzewaj\u0105 si\u0119 nadmiernie, co znacz\u0105co podnosi komfort u\u017cytkowania nawet podczas d\u0142ugich seans\u00f3w saunowych.","robots":{"index":"index","follow":"follow","max-snippet":"max-snippet:-1","max-image-preview":"max-image-preview:large","max-video-preview":"max-video-preview:-1"},"canonical":"https:\/\/beczkazpaczki.pl\/?product=lawki-z-osiki","og_locale":"pl_PL","og_type":"article","og_title":"\u0141awki z osiki -","og_description":"\u0141awki z osiki w saunie nie nagrzewaj\u0105 si\u0119 nadmiernie, co znacz\u0105co podnosi komfort u\u017cytkowania nawet podczas d\u0142ugich seans\u00f3w saunowych.","og_url":"https:\/\/beczkazpaczki.pl\/?product=lawki-z-osiki","article_publisher":"https:\/\/www.facebook.com\/twojabeczkaogrodowa","article_modified_time":"2026-02-11T10:24:42+00:00","og_image":[{"width":2560,"height":2560,"url":"https:\/\/beczkazpaczki.pl\/wp-content\/uploads\/2025\/04\/lawka-sauna-scaled.jpg","type":"image\/jpeg"}],"twitter_card":"summary_large_image","twitter_misc":{"Szacowany czas czytania":"2 minuty"},"schema":{"@context":"https:\/\/schema.org","@graph":[{"@type":"WebPage","@id":"https:\/\/beczkazpaczki.pl\/?product=lawki-z-osiki","url":"https:\/\/beczkazpaczki.pl\/?product=lawki-z-osiki","name":"\u0141awki z osiki -","isPartOf":{"@id":"https:\/\/beczkazpaczki.pl\/#website"},"primaryImageOfPage":{"@id":"https:\/\/beczkazpaczki.pl\/?product=lawki-z-osiki#primaryimage"},"image":{"@id":"https:\/\/beczkazpaczki.pl\/?product=lawki-z-osiki#primaryimage"},"thumbnailUrl":"https:\/\/beczkazpaczki.pl\/wp-content\/uploads\/2025\/04\/lawka-sauna-scaled.jpg","datePublished":"2026-02-11T10:15:39+00:00","dateModified":"2026-02-11T10:24:42+00:00","description":"\u0141awki z osiki w saunie nie nagrzewaj\u0105 si\u0119 nadmiernie, co znacz\u0105co podnosi komfort u\u017cytkowania nawet podczas d\u0142ugich seans\u00f3w saunowych.","breadcrumb":{"@id":"https:\/\/beczkazpaczki.pl\/?product=lawki-z-osiki#breadcrumb"},"inLanguage":"pl-PL","potentialAction":[{"@type":"ReadAction","target":["https:\/\/beczkazpaczki.pl\/?product=lawki-z-osiki"]}]},{"@type":"ImageObject","inLanguage":"pl-PL","@id":"https:\/\/beczkazpaczki.pl\/?product=lawki-z-osiki#primaryimage","url":"https:\/\/beczkazpaczki.pl\/wp-content\/uploads\/2025\/04\/lawka-sauna-scaled.jpg","contentUrl":"https:\/\/beczkazpaczki.pl\/wp-content\/uploads\/2025\/04\/lawka-sauna-scaled.jpg","width":2560,"height":2560,"caption":"\u0142awki z osiki"},{"@type":"BreadcrumbList","@id":"https:\/\/beczkazpaczki.pl\/?product=lawki-z-osiki#breadcrumb","itemListElement":[{"@type":"ListItem","position":1,"name":"Strona g\u0142\u00f3wna","item":"https:\/\/beczkazpaczki.pl\/"},{"@type":"ListItem","position":2,"name":"Zam\u00f3w teraz","item":"https:\/\/beczkazpaczki.pl\/?page_id=1954"},{"@type":"ListItem","position":3,"name":"\u0141awki z osiki"}]},{"@type":"WebSite","@id":"https:\/\/beczkazpaczki.pl\/#website","url":"https:\/\/beczkazpaczki.pl\/","name":"Beczka z paczki","description":"Sauny i akcesoria","publisher":{"@id":"https:\/\/beczkazpaczki.pl\/#organization"},"potentialAction":[{"@type":"SearchAction","target":{"@type":"EntryPoint","urlTemplate":"https:\/\/beczkazpaczki.pl\/?s={search_term_string}"},"query-input":{"@type":"PropertyValueSpecification","valueRequired":true,"valueName":"search_term_string"}}],"inLanguage":"pl-PL"},{"@type":"Organization","@id":"https:\/\/beczkazpaczki.pl\/#organization","name":"Beczka z paczki","url":"https:\/\/beczkazpaczki.pl\/","logo":{"@type":"ImageObject","inLanguage":"pl-PL","@id":"https:\/\/beczkazpaczki.pl\/#\/schema\/logo\/image\/","url":"https:\/\/beczkazpaczki.pl\/wp-content\/uploads\/2025\/04\/cropped-Logo_Beczka-z-paczki_Black.png","contentUrl":"https:\/\/beczkazpaczki.pl\/wp-content\/uploads\/2025\/04\/cropped-Logo_Beczka-z-paczki_Black.png","width":6402,"height":1569,"caption":"Beczka z paczki"},"image":{"@id":"https:\/\/beczkazpaczki.pl\/#\/schema\/logo\/image\/"},"sameAs":["https:\/\/www.facebook.com\/twojabeczkaogrodowa"]}]}},"_links":{"self":[{"href":"https:\/\/beczkazpaczki.pl\/index.php?rest_route=\/wp\/v2\/product\/3190","targetHints":{"allow":["GET"]}}],"collection":[{"href":"https:\/\/beczkazpaczki.pl\/index.php?rest_route=\/wp\/v2\/product"}],"about":[{"href":"https:\/\/beczkazpaczki.pl\/index.php?rest_route=\/wp\/v2\/types\/product"}],"replies":[{"embeddable":true,"href":"https:\/\/beczkazpaczki.pl\/index.php?rest_route=%2Fwp%2Fv2%2Fcomments&post=3190"}],"wp:featuredmedia":[{"embeddable":true,"href":"https:\/\/beczkazpaczki.pl\/index.php?rest_route=\/wp\/v2\/media\/2953"}],"wp:attachment":[{"href":"https:\/\/beczkazpaczki.pl\/index.php?rest_route=%2Fwp%2Fv2%2Fmedia&parent=3190"}],"wp:term":[{"taxonomy":"product_brand","embeddable":true,"href":"https:\/\/beczkazpaczki.pl\/index.php?rest_route=%2Fwp%2Fv2%2Fproduct_brand&post=3190"},{"taxonomy":"product_cat","embeddable":true,"href":"https:\/\/beczkazpaczki.pl\/index.php?rest_route=%2Fwp%2Fv2%2Fproduct_cat&post=3190"},{"taxonomy":"product_tag","embeddable":true,"href":"https:\/\/beczkazpaczki.pl\/index.php?rest_route=%2Fwp%2Fv2%2Fproduct_tag&post=3190"}],"curies":[{"name":"wp","href":"https:\/\/api.w.org\/{rel}","templated":true}]}}