{"id":3233,"date":"2026-03-23T12:43:59","date_gmt":"2026-03-23T11:43:59","guid":{"rendered":"https:\/\/beczkazpaczki.pl\/?post_type=product&#038;p=3233"},"modified":"2026-03-25T12:47:59","modified_gmt":"2026-03-25T11:47:59","slug":"quadro-glass-mini","status":"publish","type":"product","link":"https:\/\/beczkazpaczki.pl\/?product=quadro-glass-mini","title":{"rendered":"Sauna Quadro Glass Mini"},"content":{"rendered":"<h2>Sauna ogrodowa Quadro Glass Mini 140\u00d7140 cm \u2013 kompaktowa sauna z du\u017cym przeszkleniem &#8211; zestaw do samodzielnego monta\u017cu<\/h2>\n<p>Szukasz nowoczesnej sauny do ogrodu, kt\u00f3ra zajmuje niewiele miejsca, a jednocze\u015bnie zapewnia pe\u0142ny komfort saunowania? Quadro Glass Mini to kompaktowa sauna o eleganckiej bryle z du\u017cym przeszkleniem, kt\u00f3ra idealnie sprawdzi si\u0119 w ma\u0142ych ogrodach, na tarasach lub przy domkach letniskowych.<\/p>\n<p>Dzi\u0119ki przemy\u015blanej konstrukcji oraz wysokiej jako\u015bci materia\u0142om sauna zapewnia szybkie nagrzewanie, komfort u\u017cytkowania i wyj\u0105tkowy klimat relaksu.<\/p>\n<p><b>Specyfikacja<\/b><\/p>\n<ul>\n<li>Model: Quadro Glass Mini<\/li>\n<li>Wymiary: 140 \u00d7 140 \u00d7 220 cm<\/li>\n<li>Rodzaj sauny: sauna ogrodowa<\/li>\n<li>Konstrukcja: drewno &#8211; \u015bwierk skandynawski klasy C24<\/li>\n<li>Front: du\u017ce przeszklenie z hartowanego szk\u0142a przyciemnianego<\/li>\n<li>Pod\u0142oga: podest \u015bwierkowy 58&#215;73 cm<\/li>\n<li>\u0141awka: \u015bwierk 130&#215;48 cm<\/li>\n<li>Schodek: 35&#215;38 cm<\/li>\n<\/ul>\n<p><b>Co zawiera ten zestaw do monta\u017cu sauny Quadro Glass Mini?<\/b><\/p>\n<p><b>Sauna Quadro Glass Mini 140x140x220 cm<\/b>\u00a0dost\u0119pna w naszym sklepie to komplet gotowy do samodzielnego monta\u017cu.\u00a0<b>Dzi\u0119ki temu<\/b>, mo\u017cesz szybko cieszy\u0107 si\u0119 prywatn\u0105 stref\u0105 relaksu. W zestawie znajduj\u0105 si\u0119:<\/p>\n<ul>\n<li>baliki na \u015bciany,<\/li>\n<li>deska startowa i zaka\u0144czaj\u0105ca,<\/li>\n<li>\u015bciana tylna w dw\u00f3ch po\u0142\u00f3wkach,<\/li>\n<li>szk\u0142o na front,<\/li>\n<li>dwie obejmy ze stali nierdzewnej,<\/li>\n<li>dwa zestawy \u015brub,<\/li>\n<li>dwa legary,<\/li>\n<li>materia\u0142 na \u0142aweczki,<\/li>\n<li>materia\u0142 na schodek,<\/li>\n<li>materia\u0142 na pod\u0142og\u0119,<\/li>\n<li>drzwi szklane ze szk\u0142a hartowanego 8 mm (w komplecie: o\u015bcie\u017cnica, zawiasy, uszczelki, ga\u0142ka),<\/li>\n<li>membrana,<\/li>\n<li>gont bitumiczny,<\/li>\n<li>wkr\u0119ty,<\/li>\n<li>instrukcja monta\u017cu.<b>Najwa\u017cniejsze cechy<\/b>\n<ul>\n<li>Nowoczesny design \u2013 charakterystyczna bry\u0142a Quadro z du\u017c\u0105 przeszklon\u0105 \u015bcian\u0105 frontow\u0105<\/li>\n<li>Kompaktowy rozmiar \u2013 idealna do mniejszych ogrod\u00f3w<\/li>\n<li>Wysokiej jako\u015bci drewno \u2013 naturalny, trwa\u0142y materia\u0142 odporny na warunki atmosferyczne<\/li>\n<li>\u0141awka na wy\u017cszym poziomie plus schodek &#8211; zapewniaj\u0105ce komfort podczas saunowania<\/li>\n<li>Du\u017ce przeszklenie zapewniaj\u0105ce wyj\u0105tkowy klimat i widok na ogr\u00f3d<\/li>\n<\/ul>\n<p><b>Idealna do:<\/b><\/p>\n<ul>\n<li>ma\u0142ych ogrod\u00f3w<\/li>\n<li>taras\u00f3w i stref SPA<\/li>\n<li>domk\u00f3w letniskowych<\/li>\n<li>prywatnych stref relaksu<br \/>\n<h3>Wa\u017cne informacje<\/h3>\n<p>Zestaw nie zawiera pieca oraz impregnatu do pomalowania sauny.<br \/>\nInne modele, piece oraz akcesoria i wyposa\u017cenie znajdziesz w pozosta\u0142ych ofertach.\u00a0 Monta\u017c sauny trwa zazwyczaj oko\u0142o 3 dni robocze w 2 osoby, w zale\u017cno\u015bci od umiej\u0119tno\u015bci technicznych.<br \/>\nZestaw do samodzielnego monta\u017cu umo\u017cliwia budow\u0119 sauny w trudno dost\u0119pnych miejscach, dodatkowo oszcz\u0119dzasz na braku konieczno\u015bci roz\u0142adunku HDSem.<br \/>\nRoz\u0142adunek wykonywany jest w\u00f3zkiem paletowym lub kiedy to niemo\u017cliwe &#8211; roz\u0142adunek r\u0119czny (oko\u0142o 20 minut).<\/li>\n<\/ul>\n<\/li>\n<\/ul>\n","protected":false},"excerpt":{"rendered":"<p>Ma\u0142a sauna ogrodowa o wymiarach 140x140x220 cm. W zestawie wszystkie materia\u0142y konstrukcyjne do budowy sauny. Idealna do relaksu w ogrodzie przez ca\u0142y rok.<\/p>\n","protected":false},"featured_media":3253,"comment_status":"open","ping_status":"closed","template":"","meta":{"_monsterinsights_skip_tracking":false,"_monsterinsights_sitenote_active":false,"_monsterinsights_sitenote_note":"","_monsterinsights_sitenote_category":0,"_kadence_starter_templates_imported_post":false,"_kad_post_transparent":"default","_kad_post_title":"","_kad_post_layout":"default","_kad_post_sidebar_id":"","_kad_post_content_style":"default","_kad_post_vertical_padding":"default","_kad_post_feature":"","_kad_post_feature_position":"","_kad_post_header":false,"_kad_post_footer":false},"product_brand":[],"product_cat":[51],"product_tag":[89,91,88],"class_list":{"0":"post-3233","1":"product","2":"type-product","3":"status-publish","4":"has-post-thumbnail","6":"product_cat-sauny-quadro","7":"product_tag-beczka","8":"product_tag-quadro","9":"product_tag-sauna","10":"product_shipping_class-mala","12":"first","13":"instock","14":"shipping-taxable","15":"purchasable","16":"product-type-variable","17":"entry","18":"content-bg","19":"loop-entry","20":"rtwpvg-product"},"acf":[],"yoast_head":"<!-- This site is optimized with the Yoast SEO plugin v24.9 - https:\/\/yoast.com\/wordpress\/plugins\/seo\/ -->\n<title>Sauna Quadro Glass Mini<\/title>\n<meta name=\"description\" content=\"Sauna Quadro Glass Mini do ogrodu. Drewniana, kompaktowy rozmiar, du\u017ce przeszklenie. Idealna do relaksu i regeneracji przez ca\u0142y rok. Sprawd\u017a nasz\u0105 ofert\u0119.\" \/>\n<meta name=\"robots\" content=\"index, follow, max-snippet:-1, max-image-preview:large, max-video-preview:-1\" \/>\n<link rel=\"canonical\" href=\"https:\/\/beczkazpaczki.pl\/?product=quadro-glass-mini\" \/>\n<meta property=\"og:locale\" content=\"pl_PL\" \/>\n<meta property=\"og:type\" content=\"article\" \/>\n<meta property=\"og:title\" content=\"Sauna Quadro Glass Mini\" \/>\n<meta property=\"og:description\" content=\"Sauna Quadro Glass Mini do ogrodu. Drewniana, kompaktowy rozmiar, du\u017ce przeszklenie. Idealna do relaksu i regeneracji przez ca\u0142y rok. Sprawd\u017a nasz\u0105 ofert\u0119.\" \/>\n<meta property=\"og:url\" content=\"https:\/\/beczkazpaczki.pl\/?product=quadro-glass-mini\" \/>\n<meta property=\"article:publisher\" content=\"https:\/\/www.facebook.com\/twojabeczkaogrodowa\" \/>\n<meta property=\"article:modified_time\" content=\"2026-03-25T11:47:59+00:00\" \/>\n<meta property=\"og:image\" content=\"https:\/\/beczkazpaczki.pl\/wp-content\/uploads\/2026\/03\/sauna-quadro-glass-mini-.png\" \/>\n\t<meta property=\"og:image:width\" content=\"1024\" \/>\n\t<meta property=\"og:image:height\" content=\"1024\" \/>\n\t<meta property=\"og:image:type\" content=\"image\/png\" \/>\n<meta name=\"twitter:card\" content=\"summary_large_image\" \/>\n<meta name=\"twitter:label1\" content=\"Szacowany czas czytania\" \/>\n\t<meta name=\"twitter:data1\" content=\"3 minuty\" \/>\n<script type=\"application\/ld+json\" class=\"yoast-schema-graph\">{\"@context\":\"https:\/\/schema.org\",\"@graph\":[{\"@type\":\"WebPage\",\"@id\":\"https:\/\/beczkazpaczki.pl\/?product=quadro-glass-mini\",\"url\":\"https:\/\/beczkazpaczki.pl\/?product=quadro-glass-mini\",\"name\":\"Sauna Quadro Glass Mini\",\"isPartOf\":{\"@id\":\"https:\/\/beczkazpaczki.pl\/#website\"},\"primaryImageOfPage\":{\"@id\":\"https:\/\/beczkazpaczki.pl\/?product=quadro-glass-mini#primaryimage\"},\"image\":{\"@id\":\"https:\/\/beczkazpaczki.pl\/?product=quadro-glass-mini#primaryimage\"},\"thumbnailUrl\":\"https:\/\/beczkazpaczki.pl\/wp-content\/uploads\/2026\/03\/sauna-quadro-glass-mini-.png\",\"datePublished\":\"2026-03-23T11:43:59+00:00\",\"dateModified\":\"2026-03-25T11:47:59+00:00\",\"description\":\"Sauna Quadro Glass Mini do ogrodu. Drewniana, kompaktowy rozmiar, du\u017ce przeszklenie. Idealna do relaksu i regeneracji przez ca\u0142y rok. Sprawd\u017a nasz\u0105 ofert\u0119.\",\"breadcrumb\":{\"@id\":\"https:\/\/beczkazpaczki.pl\/?product=quadro-glass-mini#breadcrumb\"},\"inLanguage\":\"pl-PL\",\"potentialAction\":[{\"@type\":\"ReadAction\",\"target\":[\"https:\/\/beczkazpaczki.pl\/?product=quadro-glass-mini\"]}]},{\"@type\":\"ImageObject\",\"inLanguage\":\"pl-PL\",\"@id\":\"https:\/\/beczkazpaczki.pl\/?product=quadro-glass-mini#primaryimage\",\"url\":\"https:\/\/beczkazpaczki.pl\/wp-content\/uploads\/2026\/03\/sauna-quadro-glass-mini-.png\",\"contentUrl\":\"https:\/\/beczkazpaczki.pl\/wp-content\/uploads\/2026\/03\/sauna-quadro-glass-mini-.png\",\"width\":1024,\"height\":1024,\"caption\":\"Sauna Quadro Glass Mini\"},{\"@type\":\"BreadcrumbList\",\"@id\":\"https:\/\/beczkazpaczki.pl\/?product=quadro-glass-mini#breadcrumb\",\"itemListElement\":[{\"@type\":\"ListItem\",\"position\":1,\"name\":\"Strona g\u0142\u00f3wna\",\"item\":\"https:\/\/beczkazpaczki.pl\/\"},{\"@type\":\"ListItem\",\"position\":2,\"name\":\"Zam\u00f3w teraz\",\"item\":\"https:\/\/beczkazpaczki.pl\/?page_id=1954\"},{\"@type\":\"ListItem\",\"position\":3,\"name\":\"Sauna Quadro Glass Mini\"}]},{\"@type\":\"WebSite\",\"@id\":\"https:\/\/beczkazpaczki.pl\/#website\",\"url\":\"https:\/\/beczkazpaczki.pl\/\",\"name\":\"Beczka z paczki\",\"description\":\"Sauny i akcesoria\",\"publisher\":{\"@id\":\"https:\/\/beczkazpaczki.pl\/#organization\"},\"potentialAction\":[{\"@type\":\"SearchAction\",\"target\":{\"@type\":\"EntryPoint\",\"urlTemplate\":\"https:\/\/beczkazpaczki.pl\/?s={search_term_string}\"},\"query-input\":{\"@type\":\"PropertyValueSpecification\",\"valueRequired\":true,\"valueName\":\"search_term_string\"}}],\"inLanguage\":\"pl-PL\"},{\"@type\":\"Organization\",\"@id\":\"https:\/\/beczkazpaczki.pl\/#organization\",\"name\":\"Beczka z paczki\",\"url\":\"https:\/\/beczkazpaczki.pl\/\",\"logo\":{\"@type\":\"ImageObject\",\"inLanguage\":\"pl-PL\",\"@id\":\"https:\/\/beczkazpaczki.pl\/#\/schema\/logo\/image\/\",\"url\":\"https:\/\/beczkazpaczki.pl\/wp-content\/uploads\/2025\/04\/cropped-Logo_Beczka-z-paczki_Black.png\",\"contentUrl\":\"https:\/\/beczkazpaczki.pl\/wp-content\/uploads\/2025\/04\/cropped-Logo_Beczka-z-paczki_Black.png\",\"width\":6402,\"height\":1569,\"caption\":\"Beczka z paczki\"},\"image\":{\"@id\":\"https:\/\/beczkazpaczki.pl\/#\/schema\/logo\/image\/\"},\"sameAs\":[\"https:\/\/www.facebook.com\/twojabeczkaogrodowa\"]}]}<\/script>\n<!-- \/ Yoast SEO plugin. -->","yoast_head_json":{"title":"Sauna Quadro Glass Mini","description":"Sauna Quadro Glass Mini do ogrodu. Drewniana, kompaktowy rozmiar, du\u017ce przeszklenie. Idealna do relaksu i regeneracji przez ca\u0142y rok. Sprawd\u017a nasz\u0105 ofert\u0119.","robots":{"index":"index","follow":"follow","max-snippet":"max-snippet:-1","max-image-preview":"max-image-preview:large","max-video-preview":"max-video-preview:-1"},"canonical":"https:\/\/beczkazpaczki.pl\/?product=quadro-glass-mini","og_locale":"pl_PL","og_type":"article","og_title":"Sauna Quadro Glass Mini","og_description":"Sauna Quadro Glass Mini do ogrodu. Drewniana, kompaktowy rozmiar, du\u017ce przeszklenie. Idealna do relaksu i regeneracji przez ca\u0142y rok. Sprawd\u017a nasz\u0105 ofert\u0119.","og_url":"https:\/\/beczkazpaczki.pl\/?product=quadro-glass-mini","article_publisher":"https:\/\/www.facebook.com\/twojabeczkaogrodowa","article_modified_time":"2026-03-25T11:47:59+00:00","og_image":[{"width":1024,"height":1024,"url":"https:\/\/beczkazpaczki.pl\/wp-content\/uploads\/2026\/03\/sauna-quadro-glass-mini-.png","type":"image\/png"}],"twitter_card":"summary_large_image","twitter_misc":{"Szacowany czas czytania":"3 minuty"},"schema":{"@context":"https:\/\/schema.org","@graph":[{"@type":"WebPage","@id":"https:\/\/beczkazpaczki.pl\/?product=quadro-glass-mini","url":"https:\/\/beczkazpaczki.pl\/?product=quadro-glass-mini","name":"Sauna Quadro Glass Mini","isPartOf":{"@id":"https:\/\/beczkazpaczki.pl\/#website"},"primaryImageOfPage":{"@id":"https:\/\/beczkazpaczki.pl\/?product=quadro-glass-mini#primaryimage"},"image":{"@id":"https:\/\/beczkazpaczki.pl\/?product=quadro-glass-mini#primaryimage"},"thumbnailUrl":"https:\/\/beczkazpaczki.pl\/wp-content\/uploads\/2026\/03\/sauna-quadro-glass-mini-.png","datePublished":"2026-03-23T11:43:59+00:00","dateModified":"2026-03-25T11:47:59+00:00","description":"Sauna Quadro Glass Mini do ogrodu. Drewniana, kompaktowy rozmiar, du\u017ce przeszklenie. Idealna do relaksu i regeneracji przez ca\u0142y rok. Sprawd\u017a nasz\u0105 ofert\u0119.","breadcrumb":{"@id":"https:\/\/beczkazpaczki.pl\/?product=quadro-glass-mini#breadcrumb"},"inLanguage":"pl-PL","potentialAction":[{"@type":"ReadAction","target":["https:\/\/beczkazpaczki.pl\/?product=quadro-glass-mini"]}]},{"@type":"ImageObject","inLanguage":"pl-PL","@id":"https:\/\/beczkazpaczki.pl\/?product=quadro-glass-mini#primaryimage","url":"https:\/\/beczkazpaczki.pl\/wp-content\/uploads\/2026\/03\/sauna-quadro-glass-mini-.png","contentUrl":"https:\/\/beczkazpaczki.pl\/wp-content\/uploads\/2026\/03\/sauna-quadro-glass-mini-.png","width":1024,"height":1024,"caption":"Sauna Quadro Glass Mini"},{"@type":"BreadcrumbList","@id":"https:\/\/beczkazpaczki.pl\/?product=quadro-glass-mini#breadcrumb","itemListElement":[{"@type":"ListItem","position":1,"name":"Strona g\u0142\u00f3wna","item":"https:\/\/beczkazpaczki.pl\/"},{"@type":"ListItem","position":2,"name":"Zam\u00f3w teraz","item":"https:\/\/beczkazpaczki.pl\/?page_id=1954"},{"@type":"ListItem","position":3,"name":"Sauna Quadro Glass Mini"}]},{"@type":"WebSite","@id":"https:\/\/beczkazpaczki.pl\/#website","url":"https:\/\/beczkazpaczki.pl\/","name":"Beczka z paczki","description":"Sauny i akcesoria","publisher":{"@id":"https:\/\/beczkazpaczki.pl\/#organization"},"potentialAction":[{"@type":"SearchAction","target":{"@type":"EntryPoint","urlTemplate":"https:\/\/beczkazpaczki.pl\/?s={search_term_string}"},"query-input":{"@type":"PropertyValueSpecification","valueRequired":true,"valueName":"search_term_string"}}],"inLanguage":"pl-PL"},{"@type":"Organization","@id":"https:\/\/beczkazpaczki.pl\/#organization","name":"Beczka z paczki","url":"https:\/\/beczkazpaczki.pl\/","logo":{"@type":"ImageObject","inLanguage":"pl-PL","@id":"https:\/\/beczkazpaczki.pl\/#\/schema\/logo\/image\/","url":"https:\/\/beczkazpaczki.pl\/wp-content\/uploads\/2025\/04\/cropped-Logo_Beczka-z-paczki_Black.png","contentUrl":"https:\/\/beczkazpaczki.pl\/wp-content\/uploads\/2025\/04\/cropped-Logo_Beczka-z-paczki_Black.png","width":6402,"height":1569,"caption":"Beczka z paczki"},"image":{"@id":"https:\/\/beczkazpaczki.pl\/#\/schema\/logo\/image\/"},"sameAs":["https:\/\/www.facebook.com\/twojabeczkaogrodowa"]}]}},"_links":{"self":[{"href":"https:\/\/beczkazpaczki.pl\/index.php?rest_route=\/wp\/v2\/product\/3233","targetHints":{"allow":["GET"]}}],"collection":[{"href":"https:\/\/beczkazpaczki.pl\/index.php?rest_route=\/wp\/v2\/product"}],"about":[{"href":"https:\/\/beczkazpaczki.pl\/index.php?rest_route=\/wp\/v2\/types\/product"}],"replies":[{"embeddable":true,"href":"https:\/\/beczkazpaczki.pl\/index.php?rest_route=%2Fwp%2Fv2%2Fcomments&post=3233"}],"wp:featuredmedia":[{"embeddable":true,"href":"https:\/\/beczkazpaczki.pl\/index.php?rest_route=\/wp\/v2\/media\/3253"}],"wp:attachment":[{"href":"https:\/\/beczkazpaczki.pl\/index.php?rest_route=%2Fwp%2Fv2%2Fmedia&parent=3233"}],"wp:term":[{"taxonomy":"product_brand","embeddable":true,"href":"https:\/\/beczkazpaczki.pl\/index.php?rest_route=%2Fwp%2Fv2%2Fproduct_brand&post=3233"},{"taxonomy":"product_cat","embeddable":true,"href":"https:\/\/beczkazpaczki.pl\/index.php?rest_route=%2Fwp%2Fv2%2Fproduct_cat&post=3233"},{"taxonomy":"product_tag","embeddable":true,"href":"https:\/\/beczkazpaczki.pl\/index.php?rest_route=%2Fwp%2Fv2%2Fproduct_tag&post=3233"}],"curies":[{"name":"wp","href":"https:\/\/api.w.org\/{rel}","templated":true}]}}