{"id":3291,"date":"2026-03-20T15:33:47","date_gmt":"2026-03-20T14:33:47","guid":{"rendered":"https:\/\/beczkazpaczki.pl\/?post_type=product&#038;p=3291"},"modified":"2026-03-20T16:06:08","modified_gmt":"2026-03-20T15:06:08","slug":"drewutnia","status":"publish","type":"product","link":"https:\/\/beczkazpaczki.pl\/?product=drewutnia","title":{"rendered":"Drewutnia WoodRoll"},"content":{"rendered":"<h2>WoodRoll \u2013 designerska drewutnia ogrodowa w formie beczki<\/h2>\n<p>Przechowuj drewno stylowo i praktycznie. \u00a0WoodRoll to kompaktowa drewutnia inspirowana skandynawskim designem, kt\u00f3ra \u0142\u0105czy funkcjonalno\u015b\u0107 z wyj\u0105tkowym wygl\u0105dem. Jej charakterystyczna, beczkowa forma nie tylko \u015bwietnie komponuje si\u0119 z ogrodem, ale tak\u017ce zapewnia optymalne warunki do przechowywania drewna opa\u0142owego.<\/p>\n<p>Dzi\u0119ki solidnej konstrukcji ze \u015bwierka skandynawskiego oraz dachowi pokrytemu gontem bitumicznym, drewno jest chronione przed wilgoci\u0105 i gotowe do u\u017cycia w ka\u017cdej chwili \u2013 do sauny, balii czy kominka.<\/p>\n<p>Ta drewutnia to kompletny zestaw do samodzielnego monta\u017cu.<br \/>\nDrewutnia ma \u015brednic\u0119 100cm i g\u0142\u0119boko\u015b\u0107 60 cm.<\/p>\n<p>\u2728 Najwa\u017cniejsze cechy:<\/p>\n<ul>\n<li>Unikalny design typu beczka \u2013 pasuje idealnie do saun i balii ogrodowych<\/li>\n<li>Naturalne drewno \u015bwierkowe \u2013 trwa\u0142o\u015b\u0107 i estetyka premium<\/li>\n<li>Zadaszenie z membrany i gontu bitumicznego \u2013 skuteczna ochrona przed deszczem i \u015bniegiem<\/li>\n<li>Kompaktowy rozmiar \u2013 idealna do ogrodu, tarasu lub przy saunie<\/li>\n<li>Stabilna konstrukcja na dw\u00f3ch legarach \u2013 \u0142atwe ustawienie na ka\u017cdej powierzchni<\/li>\n<\/ul>\n<p>\ud83c\udf3f Idealna do:<\/p>\n<ul>\n<li>przechowywania drewna do sauny<\/li>\n<li>balii ogrodowej<\/li>\n<li>kominka lub pieca<\/li>\n<li>jako element dekoracyjny ogrodu<\/li>\n<\/ul>\n<p>WoodRoll to nie tylko drewutnia \u2013 to stylowy dodatek, kt\u00f3ry podkre\u015bli charakter Twojej strefy relaksu.<\/p>\n","protected":false},"excerpt":{"rendered":"<p>Stylowa drewutnia o wymiarach 100x100x60 cm.<\/p>\n","protected":false},"featured_media":3293,"comment_status":"open","ping_status":"closed","template":"","meta":{"_monsterinsights_skip_tracking":false,"_monsterinsights_sitenote_active":false,"_monsterinsights_sitenote_note":"","_monsterinsights_sitenote_category":0,"_kadence_starter_templates_imported_post":false,"_kad_post_transparent":"default","_kad_post_title":"","_kad_post_layout":"default","_kad_post_sidebar_id":"","_kad_post_content_style":"default","_kad_post_vertical_padding":"default","_kad_post_feature":"","_kad_post_feature_position":"","_kad_post_header":false,"_kad_post_footer":false},"product_brand":[],"product_cat":[58],"product_tag":[93],"class_list":{"0":"post-3291","1":"product","2":"type-product","3":"status-publish","4":"has-post-thumbnail","6":"product_cat-wyposazenie","7":"product_tag-drewutnia","8":"product_shipping_class-c","10":"first","11":"instock","12":"shipping-taxable","13":"purchasable","14":"product-type-simple","15":"entry","16":"content-bg","17":"loop-entry"},"acf":[],"yoast_head":"<!-- This site is optimized with the Yoast SEO plugin v24.9 - https:\/\/yoast.com\/wordpress\/plugins\/seo\/ -->\n<title>Drewutnia WoodRoll -<\/title>\n<meta name=\"description\" content=\"Stylowa drewutnia ogrodowa w formie beczki. WoodRoll\u2122 chroni drewno przed wilgoci\u0105 i idealnie pasuje do sauny, balii i ogrodu.\" \/>\n<meta name=\"robots\" content=\"index, follow, max-snippet:-1, max-image-preview:large, max-video-preview:-1\" \/>\n<link rel=\"canonical\" href=\"https:\/\/beczkazpaczki.pl\/?product=drewutnia\" \/>\n<meta property=\"og:locale\" content=\"pl_PL\" \/>\n<meta property=\"og:type\" content=\"article\" \/>\n<meta property=\"og:title\" content=\"Drewutnia WoodRoll -\" \/>\n<meta property=\"og:description\" content=\"Stylowa drewutnia ogrodowa w formie beczki. WoodRoll\u2122 chroni drewno przed wilgoci\u0105 i idealnie pasuje do sauny, balii i ogrodu.\" \/>\n<meta property=\"og:url\" content=\"https:\/\/beczkazpaczki.pl\/?product=drewutnia\" \/>\n<meta property=\"article:publisher\" content=\"https:\/\/www.facebook.com\/twojabeczkaogrodowa\" \/>\n<meta property=\"article:modified_time\" content=\"2026-03-20T15:06:08+00:00\" \/>\n<meta property=\"og:image\" content=\"https:\/\/beczkazpaczki.pl\/wp-content\/uploads\/2026\/03\/IMG_1774017836790.png\" \/>\n\t<meta property=\"og:image:width\" content=\"896\" \/>\n\t<meta property=\"og:image:height\" content=\"1195\" \/>\n\t<meta property=\"og:image:type\" content=\"image\/png\" \/>\n<meta name=\"twitter:card\" content=\"summary_large_image\" \/>\n<meta name=\"twitter:label1\" content=\"Szacowany czas czytania\" \/>\n\t<meta name=\"twitter:data1\" content=\"2 minuty\" \/>\n<script type=\"application\/ld+json\" class=\"yoast-schema-graph\">{\"@context\":\"https:\/\/schema.org\",\"@graph\":[{\"@type\":\"WebPage\",\"@id\":\"https:\/\/beczkazpaczki.pl\/?product=drewutnia\",\"url\":\"https:\/\/beczkazpaczki.pl\/?product=drewutnia\",\"name\":\"Drewutnia WoodRoll -\",\"isPartOf\":{\"@id\":\"https:\/\/beczkazpaczki.pl\/#website\"},\"primaryImageOfPage\":{\"@id\":\"https:\/\/beczkazpaczki.pl\/?product=drewutnia#primaryimage\"},\"image\":{\"@id\":\"https:\/\/beczkazpaczki.pl\/?product=drewutnia#primaryimage\"},\"thumbnailUrl\":\"https:\/\/beczkazpaczki.pl\/wp-content\/uploads\/2026\/03\/IMG_1774017836790.png\",\"datePublished\":\"2026-03-20T14:33:47+00:00\",\"dateModified\":\"2026-03-20T15:06:08+00:00\",\"description\":\"Stylowa drewutnia ogrodowa w formie beczki. WoodRoll\u2122 chroni drewno przed wilgoci\u0105 i idealnie pasuje do sauny, balii i ogrodu.\",\"breadcrumb\":{\"@id\":\"https:\/\/beczkazpaczki.pl\/?product=drewutnia#breadcrumb\"},\"inLanguage\":\"pl-PL\",\"potentialAction\":[{\"@type\":\"ReadAction\",\"target\":[\"https:\/\/beczkazpaczki.pl\/?product=drewutnia\"]}]},{\"@type\":\"ImageObject\",\"inLanguage\":\"pl-PL\",\"@id\":\"https:\/\/beczkazpaczki.pl\/?product=drewutnia#primaryimage\",\"url\":\"https:\/\/beczkazpaczki.pl\/wp-content\/uploads\/2026\/03\/IMG_1774017836790.png\",\"contentUrl\":\"https:\/\/beczkazpaczki.pl\/wp-content\/uploads\/2026\/03\/IMG_1774017836790.png\",\"width\":896,\"height\":1195},{\"@type\":\"BreadcrumbList\",\"@id\":\"https:\/\/beczkazpaczki.pl\/?product=drewutnia#breadcrumb\",\"itemListElement\":[{\"@type\":\"ListItem\",\"position\":1,\"name\":\"Strona g\u0142\u00f3wna\",\"item\":\"https:\/\/beczkazpaczki.pl\/\"},{\"@type\":\"ListItem\",\"position\":2,\"name\":\"Zam\u00f3w teraz\",\"item\":\"https:\/\/beczkazpaczki.pl\/?page_id=1954\"},{\"@type\":\"ListItem\",\"position\":3,\"name\":\"Drewutnia WoodRoll\"}]},{\"@type\":\"WebSite\",\"@id\":\"https:\/\/beczkazpaczki.pl\/#website\",\"url\":\"https:\/\/beczkazpaczki.pl\/\",\"name\":\"Beczka z paczki\",\"description\":\"Sauny i akcesoria\",\"publisher\":{\"@id\":\"https:\/\/beczkazpaczki.pl\/#organization\"},\"potentialAction\":[{\"@type\":\"SearchAction\",\"target\":{\"@type\":\"EntryPoint\",\"urlTemplate\":\"https:\/\/beczkazpaczki.pl\/?s={search_term_string}\"},\"query-input\":{\"@type\":\"PropertyValueSpecification\",\"valueRequired\":true,\"valueName\":\"search_term_string\"}}],\"inLanguage\":\"pl-PL\"},{\"@type\":\"Organization\",\"@id\":\"https:\/\/beczkazpaczki.pl\/#organization\",\"name\":\"Beczka z paczki\",\"url\":\"https:\/\/beczkazpaczki.pl\/\",\"logo\":{\"@type\":\"ImageObject\",\"inLanguage\":\"pl-PL\",\"@id\":\"https:\/\/beczkazpaczki.pl\/#\/schema\/logo\/image\/\",\"url\":\"https:\/\/beczkazpaczki.pl\/wp-content\/uploads\/2025\/04\/cropped-Logo_Beczka-z-paczki_Black.png\",\"contentUrl\":\"https:\/\/beczkazpaczki.pl\/wp-content\/uploads\/2025\/04\/cropped-Logo_Beczka-z-paczki_Black.png\",\"width\":6402,\"height\":1569,\"caption\":\"Beczka z paczki\"},\"image\":{\"@id\":\"https:\/\/beczkazpaczki.pl\/#\/schema\/logo\/image\/\"},\"sameAs\":[\"https:\/\/www.facebook.com\/twojabeczkaogrodowa\"]}]}<\/script>\n<!-- \/ Yoast SEO plugin. -->","yoast_head_json":{"title":"Drewutnia WoodRoll -","description":"Stylowa drewutnia ogrodowa w formie beczki. WoodRoll\u2122 chroni drewno przed wilgoci\u0105 i idealnie pasuje do sauny, balii i ogrodu.","robots":{"index":"index","follow":"follow","max-snippet":"max-snippet:-1","max-image-preview":"max-image-preview:large","max-video-preview":"max-video-preview:-1"},"canonical":"https:\/\/beczkazpaczki.pl\/?product=drewutnia","og_locale":"pl_PL","og_type":"article","og_title":"Drewutnia WoodRoll -","og_description":"Stylowa drewutnia ogrodowa w formie beczki. WoodRoll\u2122 chroni drewno przed wilgoci\u0105 i idealnie pasuje do sauny, balii i ogrodu.","og_url":"https:\/\/beczkazpaczki.pl\/?product=drewutnia","article_publisher":"https:\/\/www.facebook.com\/twojabeczkaogrodowa","article_modified_time":"2026-03-20T15:06:08+00:00","og_image":[{"width":896,"height":1195,"url":"https:\/\/beczkazpaczki.pl\/wp-content\/uploads\/2026\/03\/IMG_1774017836790.png","type":"image\/png"}],"twitter_card":"summary_large_image","twitter_misc":{"Szacowany czas czytania":"2 minuty"},"schema":{"@context":"https:\/\/schema.org","@graph":[{"@type":"WebPage","@id":"https:\/\/beczkazpaczki.pl\/?product=drewutnia","url":"https:\/\/beczkazpaczki.pl\/?product=drewutnia","name":"Drewutnia WoodRoll -","isPartOf":{"@id":"https:\/\/beczkazpaczki.pl\/#website"},"primaryImageOfPage":{"@id":"https:\/\/beczkazpaczki.pl\/?product=drewutnia#primaryimage"},"image":{"@id":"https:\/\/beczkazpaczki.pl\/?product=drewutnia#primaryimage"},"thumbnailUrl":"https:\/\/beczkazpaczki.pl\/wp-content\/uploads\/2026\/03\/IMG_1774017836790.png","datePublished":"2026-03-20T14:33:47+00:00","dateModified":"2026-03-20T15:06:08+00:00","description":"Stylowa drewutnia ogrodowa w formie beczki. WoodRoll\u2122 chroni drewno przed wilgoci\u0105 i idealnie pasuje do sauny, balii i ogrodu.","breadcrumb":{"@id":"https:\/\/beczkazpaczki.pl\/?product=drewutnia#breadcrumb"},"inLanguage":"pl-PL","potentialAction":[{"@type":"ReadAction","target":["https:\/\/beczkazpaczki.pl\/?product=drewutnia"]}]},{"@type":"ImageObject","inLanguage":"pl-PL","@id":"https:\/\/beczkazpaczki.pl\/?product=drewutnia#primaryimage","url":"https:\/\/beczkazpaczki.pl\/wp-content\/uploads\/2026\/03\/IMG_1774017836790.png","contentUrl":"https:\/\/beczkazpaczki.pl\/wp-content\/uploads\/2026\/03\/IMG_1774017836790.png","width":896,"height":1195},{"@type":"BreadcrumbList","@id":"https:\/\/beczkazpaczki.pl\/?product=drewutnia#breadcrumb","itemListElement":[{"@type":"ListItem","position":1,"name":"Strona g\u0142\u00f3wna","item":"https:\/\/beczkazpaczki.pl\/"},{"@type":"ListItem","position":2,"name":"Zam\u00f3w teraz","item":"https:\/\/beczkazpaczki.pl\/?page_id=1954"},{"@type":"ListItem","position":3,"name":"Drewutnia WoodRoll"}]},{"@type":"WebSite","@id":"https:\/\/beczkazpaczki.pl\/#website","url":"https:\/\/beczkazpaczki.pl\/","name":"Beczka z paczki","description":"Sauny i akcesoria","publisher":{"@id":"https:\/\/beczkazpaczki.pl\/#organization"},"potentialAction":[{"@type":"SearchAction","target":{"@type":"EntryPoint","urlTemplate":"https:\/\/beczkazpaczki.pl\/?s={search_term_string}"},"query-input":{"@type":"PropertyValueSpecification","valueRequired":true,"valueName":"search_term_string"}}],"inLanguage":"pl-PL"},{"@type":"Organization","@id":"https:\/\/beczkazpaczki.pl\/#organization","name":"Beczka z paczki","url":"https:\/\/beczkazpaczki.pl\/","logo":{"@type":"ImageObject","inLanguage":"pl-PL","@id":"https:\/\/beczkazpaczki.pl\/#\/schema\/logo\/image\/","url":"https:\/\/beczkazpaczki.pl\/wp-content\/uploads\/2025\/04\/cropped-Logo_Beczka-z-paczki_Black.png","contentUrl":"https:\/\/beczkazpaczki.pl\/wp-content\/uploads\/2025\/04\/cropped-Logo_Beczka-z-paczki_Black.png","width":6402,"height":1569,"caption":"Beczka z paczki"},"image":{"@id":"https:\/\/beczkazpaczki.pl\/#\/schema\/logo\/image\/"},"sameAs":["https:\/\/www.facebook.com\/twojabeczkaogrodowa"]}]}},"_links":{"self":[{"href":"https:\/\/beczkazpaczki.pl\/index.php?rest_route=\/wp\/v2\/product\/3291","targetHints":{"allow":["GET"]}}],"collection":[{"href":"https:\/\/beczkazpaczki.pl\/index.php?rest_route=\/wp\/v2\/product"}],"about":[{"href":"https:\/\/beczkazpaczki.pl\/index.php?rest_route=\/wp\/v2\/types\/product"}],"replies":[{"embeddable":true,"href":"https:\/\/beczkazpaczki.pl\/index.php?rest_route=%2Fwp%2Fv2%2Fcomments&post=3291"}],"wp:featuredmedia":[{"embeddable":true,"href":"https:\/\/beczkazpaczki.pl\/index.php?rest_route=\/wp\/v2\/media\/3293"}],"wp:attachment":[{"href":"https:\/\/beczkazpaczki.pl\/index.php?rest_route=%2Fwp%2Fv2%2Fmedia&parent=3291"}],"wp:term":[{"taxonomy":"product_brand","embeddable":true,"href":"https:\/\/beczkazpaczki.pl\/index.php?rest_route=%2Fwp%2Fv2%2Fproduct_brand&post=3291"},{"taxonomy":"product_cat","embeddable":true,"href":"https:\/\/beczkazpaczki.pl\/index.php?rest_route=%2Fwp%2Fv2%2Fproduct_cat&post=3291"},{"taxonomy":"product_tag","embeddable":true,"href":"https:\/\/beczkazpaczki.pl\/index.php?rest_route=%2Fwp%2Fv2%2Fproduct_tag&post=3291"}],"curies":[{"name":"wp","href":"https:\/\/api.w.org\/{rel}","templated":true}]}}