{"id":3300,"date":"2026-03-24T11:43:51","date_gmt":"2026-03-24T10:43:51","guid":{"rendered":"https:\/\/beczkazpaczki.pl\/?post_type=product&#038;p=3300"},"modified":"2026-03-24T11:46:06","modified_gmt":"2026-03-24T10:46:06","slug":"srodek-do-czyszczenia-pieca-harvia","status":"publish","type":"product","link":"https:\/\/beczkazpaczki.pl\/?product=srodek-do-czyszczenia-pieca-harvia","title":{"rendered":"\u015arodek do czyszczenia pieca Harvia"},"content":{"rendered":"<h2>Harvia Heater\u00a0Cleanser 500ml<\/h2>\n<h3>\u015aRODEK DO CZYSZCZENIA PIECY DO SAUNY ZE STALI NIERDZEWNEJ<\/h3>\n<p id=\"tw-target-text\" dir=\"ltr\" aria-label=\"Przet\u0142umaczony tekst\" data-placeholder=\"T\u0142umaczenie\" data-ved=\"2ahUKEwiIgdKZq8SGAxWPQFUIHfpEAyIQ3ewLegQIBRAU\">\u015arodek do czyszczenia piec\u00f3w do sauny, odpowiedni do piec\u00f3w z powierzchni\u0105 ze stali nierdzewnej.<\/p>\n<p dir=\"ltr\" aria-label=\"Przet\u0142umaczony tekst\" data-placeholder=\"T\u0142umaczenie\" data-ved=\"2ahUKEwiIgdKZq8SGAxWPQFUIHfpEAyIQ3ewLegQIBRAU\">Spos\u00f3b u\u017cycia: do czyszczenia i usuwania kamienia z zewn\u0119trznych powierzchni piec\u00f3w do sauny oraz innych materia\u0142\u00f3w kwasoodpornych (takich jak szk\u0142o, p\u0142ytki, porcelana). Do rozprowadzenia \u015brodka czyszcz\u0105cego u\u017cyj g\u0105bki lub szmatki. Odstaw na 10\u201315 minut. Wyszoruj powierzchni\u0119 do czysta i dok\u0142adnie sp\u0142ucz. Powt\u00f3rzy\u0107 w razie potrzeby. Prosz\u0119 pami\u0119ta\u0107! Zwil\u017cy\u0107 czyszczon\u0105 powierzchni\u0119 przed na\u0142o\u017ceniem \u015brodka!. Nie stosowa\u0107 razem z substancjami chlorowanymi. Zawiera: Niejonowe \u015brodki powierzchniowo czynne, Benzoesan sodu. pH ok. 3.<\/p>\n<p>&nbsp;<\/p>\n","protected":false},"excerpt":{"rendered":"<p>Sprawdzony \u015brodek do czyszczenia piecy ze stali nierdzewnej.<\/p>\n","protected":false},"featured_media":3301,"comment_status":"open","ping_status":"closed","template":"","meta":{"_monsterinsights_skip_tracking":false,"_monsterinsights_sitenote_active":false,"_monsterinsights_sitenote_note":"","_monsterinsights_sitenote_category":0,"_kadence_starter_templates_imported_post":false,"_kad_post_transparent":"default","_kad_post_title":"","_kad_post_layout":"default","_kad_post_sidebar_id":"","_kad_post_content_style":"default","_kad_post_vertical_padding":"default","_kad_post_feature":"","_kad_post_feature_position":"","_kad_post_header":false,"_kad_post_footer":false},"product_brand":[],"product_cat":[53],"product_tag":[],"class_list":{"0":"post-3300","1":"product","2":"type-product","3":"status-publish","4":"has-post-thumbnail","6":"product_cat-akcesoria","7":"product_shipping_class-akcesoria","9":"first","10":"instock","11":"shipping-taxable","12":"purchasable","13":"product-type-simple","14":"entry","15":"content-bg","16":"loop-entry"},"acf":[],"yoast_head":"<!-- This site is optimized with the Yoast SEO plugin v24.9 - https:\/\/yoast.com\/wordpress\/plugins\/seo\/ -->\n<title>\u015arodek do czyszczenia pieca Harvia -<\/title>\n<meta name=\"description\" content=\"\u015arodek do czyszczenia piecy do sauny ze stali nierdzewnej\" \/>\n<meta name=\"robots\" content=\"index, follow, max-snippet:-1, max-image-preview:large, max-video-preview:-1\" \/>\n<link rel=\"canonical\" href=\"https:\/\/beczkazpaczki.pl\/?product=srodek-do-czyszczenia-pieca-harvia\" \/>\n<meta property=\"og:locale\" content=\"pl_PL\" \/>\n<meta property=\"og:type\" content=\"article\" \/>\n<meta property=\"og:title\" content=\"\u015arodek do czyszczenia pieca Harvia -\" \/>\n<meta property=\"og:description\" content=\"\u015arodek do czyszczenia piecy do sauny ze stali nierdzewnej\" \/>\n<meta property=\"og:url\" content=\"https:\/\/beczkazpaczki.pl\/?product=srodek-do-czyszczenia-pieca-harvia\" \/>\n<meta property=\"article:publisher\" content=\"https:\/\/www.facebook.com\/twojabeczkaogrodowa\" \/>\n<meta property=\"article:modified_time\" content=\"2026-03-24T10:46:06+00:00\" \/>\n<meta property=\"og:image\" content=\"https:\/\/beczkazpaczki.pl\/wp-content\/uploads\/2026\/03\/plyn-do-czyszczenia-pieca-harvia.png\" \/>\n\t<meta property=\"og:image:width\" content=\"718\" \/>\n\t<meta property=\"og:image:height\" content=\"740\" \/>\n\t<meta property=\"og:image:type\" content=\"image\/png\" \/>\n<meta name=\"twitter:card\" content=\"summary_large_image\" \/>\n<meta name=\"twitter:label1\" content=\"Szacowany czas czytania\" \/>\n\t<meta name=\"twitter:data1\" content=\"1 minuta\" \/>\n<script type=\"application\/ld+json\" class=\"yoast-schema-graph\">{\"@context\":\"https:\/\/schema.org\",\"@graph\":[{\"@type\":\"WebPage\",\"@id\":\"https:\/\/beczkazpaczki.pl\/?product=srodek-do-czyszczenia-pieca-harvia\",\"url\":\"https:\/\/beczkazpaczki.pl\/?product=srodek-do-czyszczenia-pieca-harvia\",\"name\":\"\u015arodek do czyszczenia pieca Harvia -\",\"isPartOf\":{\"@id\":\"https:\/\/beczkazpaczki.pl\/#website\"},\"primaryImageOfPage\":{\"@id\":\"https:\/\/beczkazpaczki.pl\/?product=srodek-do-czyszczenia-pieca-harvia#primaryimage\"},\"image\":{\"@id\":\"https:\/\/beczkazpaczki.pl\/?product=srodek-do-czyszczenia-pieca-harvia#primaryimage\"},\"thumbnailUrl\":\"https:\/\/beczkazpaczki.pl\/wp-content\/uploads\/2026\/03\/plyn-do-czyszczenia-pieca-harvia.png\",\"datePublished\":\"2026-03-24T10:43:51+00:00\",\"dateModified\":\"2026-03-24T10:46:06+00:00\",\"description\":\"\u015arodek do czyszczenia piecy do sauny ze stali nierdzewnej\",\"breadcrumb\":{\"@id\":\"https:\/\/beczkazpaczki.pl\/?product=srodek-do-czyszczenia-pieca-harvia#breadcrumb\"},\"inLanguage\":\"pl-PL\",\"potentialAction\":[{\"@type\":\"ReadAction\",\"target\":[\"https:\/\/beczkazpaczki.pl\/?product=srodek-do-czyszczenia-pieca-harvia\"]}]},{\"@type\":\"ImageObject\",\"inLanguage\":\"pl-PL\",\"@id\":\"https:\/\/beczkazpaczki.pl\/?product=srodek-do-czyszczenia-pieca-harvia#primaryimage\",\"url\":\"https:\/\/beczkazpaczki.pl\/wp-content\/uploads\/2026\/03\/plyn-do-czyszczenia-pieca-harvia.png\",\"contentUrl\":\"https:\/\/beczkazpaczki.pl\/wp-content\/uploads\/2026\/03\/plyn-do-czyszczenia-pieca-harvia.png\",\"width\":718,\"height\":740,\"caption\":\"plyn do czyszczenia pieca harvia\"},{\"@type\":\"BreadcrumbList\",\"@id\":\"https:\/\/beczkazpaczki.pl\/?product=srodek-do-czyszczenia-pieca-harvia#breadcrumb\",\"itemListElement\":[{\"@type\":\"ListItem\",\"position\":1,\"name\":\"Strona g\u0142\u00f3wna\",\"item\":\"https:\/\/beczkazpaczki.pl\/\"},{\"@type\":\"ListItem\",\"position\":2,\"name\":\"Zam\u00f3w teraz\",\"item\":\"https:\/\/beczkazpaczki.pl\/?page_id=1954\"},{\"@type\":\"ListItem\",\"position\":3,\"name\":\"\u015arodek do czyszczenia pieca Harvia\"}]},{\"@type\":\"WebSite\",\"@id\":\"https:\/\/beczkazpaczki.pl\/#website\",\"url\":\"https:\/\/beczkazpaczki.pl\/\",\"name\":\"Beczka z paczki\",\"description\":\"Sauny i akcesoria\",\"publisher\":{\"@id\":\"https:\/\/beczkazpaczki.pl\/#organization\"},\"potentialAction\":[{\"@type\":\"SearchAction\",\"target\":{\"@type\":\"EntryPoint\",\"urlTemplate\":\"https:\/\/beczkazpaczki.pl\/?s={search_term_string}\"},\"query-input\":{\"@type\":\"PropertyValueSpecification\",\"valueRequired\":true,\"valueName\":\"search_term_string\"}}],\"inLanguage\":\"pl-PL\"},{\"@type\":\"Organization\",\"@id\":\"https:\/\/beczkazpaczki.pl\/#organization\",\"name\":\"Beczka z paczki\",\"url\":\"https:\/\/beczkazpaczki.pl\/\",\"logo\":{\"@type\":\"ImageObject\",\"inLanguage\":\"pl-PL\",\"@id\":\"https:\/\/beczkazpaczki.pl\/#\/schema\/logo\/image\/\",\"url\":\"https:\/\/beczkazpaczki.pl\/wp-content\/uploads\/2025\/04\/cropped-Logo_Beczka-z-paczki_Black.png\",\"contentUrl\":\"https:\/\/beczkazpaczki.pl\/wp-content\/uploads\/2025\/04\/cropped-Logo_Beczka-z-paczki_Black.png\",\"width\":6402,\"height\":1569,\"caption\":\"Beczka z paczki\"},\"image\":{\"@id\":\"https:\/\/beczkazpaczki.pl\/#\/schema\/logo\/image\/\"},\"sameAs\":[\"https:\/\/www.facebook.com\/twojabeczkaogrodowa\"]}]}<\/script>\n<!-- \/ Yoast SEO plugin. -->","yoast_head_json":{"title":"\u015arodek do czyszczenia pieca Harvia -","description":"\u015arodek do czyszczenia piecy do sauny ze stali nierdzewnej","robots":{"index":"index","follow":"follow","max-snippet":"max-snippet:-1","max-image-preview":"max-image-preview:large","max-video-preview":"max-video-preview:-1"},"canonical":"https:\/\/beczkazpaczki.pl\/?product=srodek-do-czyszczenia-pieca-harvia","og_locale":"pl_PL","og_type":"article","og_title":"\u015arodek do czyszczenia pieca Harvia -","og_description":"\u015arodek do czyszczenia piecy do sauny ze stali nierdzewnej","og_url":"https:\/\/beczkazpaczki.pl\/?product=srodek-do-czyszczenia-pieca-harvia","article_publisher":"https:\/\/www.facebook.com\/twojabeczkaogrodowa","article_modified_time":"2026-03-24T10:46:06+00:00","og_image":[{"width":718,"height":740,"url":"https:\/\/beczkazpaczki.pl\/wp-content\/uploads\/2026\/03\/plyn-do-czyszczenia-pieca-harvia.png","type":"image\/png"}],"twitter_card":"summary_large_image","twitter_misc":{"Szacowany czas czytania":"1 minuta"},"schema":{"@context":"https:\/\/schema.org","@graph":[{"@type":"WebPage","@id":"https:\/\/beczkazpaczki.pl\/?product=srodek-do-czyszczenia-pieca-harvia","url":"https:\/\/beczkazpaczki.pl\/?product=srodek-do-czyszczenia-pieca-harvia","name":"\u015arodek do czyszczenia pieca Harvia -","isPartOf":{"@id":"https:\/\/beczkazpaczki.pl\/#website"},"primaryImageOfPage":{"@id":"https:\/\/beczkazpaczki.pl\/?product=srodek-do-czyszczenia-pieca-harvia#primaryimage"},"image":{"@id":"https:\/\/beczkazpaczki.pl\/?product=srodek-do-czyszczenia-pieca-harvia#primaryimage"},"thumbnailUrl":"https:\/\/beczkazpaczki.pl\/wp-content\/uploads\/2026\/03\/plyn-do-czyszczenia-pieca-harvia.png","datePublished":"2026-03-24T10:43:51+00:00","dateModified":"2026-03-24T10:46:06+00:00","description":"\u015arodek do czyszczenia piecy do sauny ze stali nierdzewnej","breadcrumb":{"@id":"https:\/\/beczkazpaczki.pl\/?product=srodek-do-czyszczenia-pieca-harvia#breadcrumb"},"inLanguage":"pl-PL","potentialAction":[{"@type":"ReadAction","target":["https:\/\/beczkazpaczki.pl\/?product=srodek-do-czyszczenia-pieca-harvia"]}]},{"@type":"ImageObject","inLanguage":"pl-PL","@id":"https:\/\/beczkazpaczki.pl\/?product=srodek-do-czyszczenia-pieca-harvia#primaryimage","url":"https:\/\/beczkazpaczki.pl\/wp-content\/uploads\/2026\/03\/plyn-do-czyszczenia-pieca-harvia.png","contentUrl":"https:\/\/beczkazpaczki.pl\/wp-content\/uploads\/2026\/03\/plyn-do-czyszczenia-pieca-harvia.png","width":718,"height":740,"caption":"plyn do czyszczenia pieca harvia"},{"@type":"BreadcrumbList","@id":"https:\/\/beczkazpaczki.pl\/?product=srodek-do-czyszczenia-pieca-harvia#breadcrumb","itemListElement":[{"@type":"ListItem","position":1,"name":"Strona g\u0142\u00f3wna","item":"https:\/\/beczkazpaczki.pl\/"},{"@type":"ListItem","position":2,"name":"Zam\u00f3w teraz","item":"https:\/\/beczkazpaczki.pl\/?page_id=1954"},{"@type":"ListItem","position":3,"name":"\u015arodek do czyszczenia pieca Harvia"}]},{"@type":"WebSite","@id":"https:\/\/beczkazpaczki.pl\/#website","url":"https:\/\/beczkazpaczki.pl\/","name":"Beczka z paczki","description":"Sauny i akcesoria","publisher":{"@id":"https:\/\/beczkazpaczki.pl\/#organization"},"potentialAction":[{"@type":"SearchAction","target":{"@type":"EntryPoint","urlTemplate":"https:\/\/beczkazpaczki.pl\/?s={search_term_string}"},"query-input":{"@type":"PropertyValueSpecification","valueRequired":true,"valueName":"search_term_string"}}],"inLanguage":"pl-PL"},{"@type":"Organization","@id":"https:\/\/beczkazpaczki.pl\/#organization","name":"Beczka z paczki","url":"https:\/\/beczkazpaczki.pl\/","logo":{"@type":"ImageObject","inLanguage":"pl-PL","@id":"https:\/\/beczkazpaczki.pl\/#\/schema\/logo\/image\/","url":"https:\/\/beczkazpaczki.pl\/wp-content\/uploads\/2025\/04\/cropped-Logo_Beczka-z-paczki_Black.png","contentUrl":"https:\/\/beczkazpaczki.pl\/wp-content\/uploads\/2025\/04\/cropped-Logo_Beczka-z-paczki_Black.png","width":6402,"height":1569,"caption":"Beczka z paczki"},"image":{"@id":"https:\/\/beczkazpaczki.pl\/#\/schema\/logo\/image\/"},"sameAs":["https:\/\/www.facebook.com\/twojabeczkaogrodowa"]}]}},"_links":{"self":[{"href":"https:\/\/beczkazpaczki.pl\/index.php?rest_route=\/wp\/v2\/product\/3300","targetHints":{"allow":["GET"]}}],"collection":[{"href":"https:\/\/beczkazpaczki.pl\/index.php?rest_route=\/wp\/v2\/product"}],"about":[{"href":"https:\/\/beczkazpaczki.pl\/index.php?rest_route=\/wp\/v2\/types\/product"}],"replies":[{"embeddable":true,"href":"https:\/\/beczkazpaczki.pl\/index.php?rest_route=%2Fwp%2Fv2%2Fcomments&post=3300"}],"wp:featuredmedia":[{"embeddable":true,"href":"https:\/\/beczkazpaczki.pl\/index.php?rest_route=\/wp\/v2\/media\/3301"}],"wp:attachment":[{"href":"https:\/\/beczkazpaczki.pl\/index.php?rest_route=%2Fwp%2Fv2%2Fmedia&parent=3300"}],"wp:term":[{"taxonomy":"product_brand","embeddable":true,"href":"https:\/\/beczkazpaczki.pl\/index.php?rest_route=%2Fwp%2Fv2%2Fproduct_brand&post=3300"},{"taxonomy":"product_cat","embeddable":true,"href":"https:\/\/beczkazpaczki.pl\/index.php?rest_route=%2Fwp%2Fv2%2Fproduct_cat&post=3300"},{"taxonomy":"product_tag","embeddable":true,"href":"https:\/\/beczkazpaczki.pl\/index.php?rest_route=%2Fwp%2Fv2%2Fproduct_tag&post=3300"}],"curies":[{"name":"wp","href":"https:\/\/api.w.org\/{rel}","templated":true}]}}